{"id":2892,"date":"2021-03-29T09:24:22","date_gmt":"2021-03-29T07:24:22","guid":{"rendered":"https:\/\/www.velcorex.fr\/home\/"},"modified":"2021-11-09T10:00:56","modified_gmt":"2021-11-09T09:00:56","slug":"home","status":"publish","type":"page","link":"https:\/\/www.velcorex.fr\/de\/","title":{"rendered":"Cord und Sportswear Spezialist"},"content":{"rendered":"\n<div class=\"wp-block-buttons is-content-justification-center is-layout-flex wp-block-buttons-is-layout-flex\">\n<div class=\"wp-block-button btn-cta btn-cta-tx is-style-fill\"><a class=\"wp-block-button__link\" href=\"https:\/\/www.velcorex.fr\/de\/tissutex\/\">Entdecken Sie unsere Stoffe auf dem Tissutex<\/a><\/div>\n<\/div>\n\n\n\n<div class=\"wp-block-group alignfull\"><div class=\"wp-block-group__inner-container is-layout-flow wp-block-group-is-layout-flow\">\n<div class=\"wp-block-columns are-vertically-aligned-center is-layout-flex wp-container-core-columns-is-layout-9d6595d7 wp-block-columns-is-layout-flex\">\n<div class=\"wp-block-column is-vertically-aligned-center is-layout-flow wp-block-column-is-layout-flow\">\n<figure class=\"wp-block-gallery columns-1 is-cropped tissage wp-block-gallery-1\"><ul class=\"blocks-gallery-grid\"><li class=\"blocks-gallery-item\"><figure><img loading=\"lazy\" decoding=\"async\" width=\"330\" height=\"330\" src=\"https:\/\/www.velcorex.fr\/wp-content\/uploads\/2021\/04\/velours-1.jpg\" alt=\"\" data-id=\"31\" data-full-url=\"https:\/\/www.velcorex.fr\/wp-content\/uploads\/2021\/04\/velours-1.jpg\" data-link=\"https:\/\/www.velcorex.fr\/home\/velours-1\/\" class=\"wp-image-31\" srcset=\"https:\/\/www.velcorex.fr\/wp-content\/uploads\/2021\/04\/velours-1.jpg 330w, https:\/\/www.velcorex.fr\/wp-content\/uploads\/2021\/04\/velours-1-150x150.jpg 150w, https:\/\/www.velcorex.fr\/wp-content\/uploads\/2021\/04\/velours-1-300x300.jpg 300w\" sizes=\"auto, (max-width: 330px) 100vw, 330px\" \/><\/figure><\/li><li class=\"blocks-gallery-item\"><figure><img loading=\"lazy\" decoding=\"async\" width=\"670\" height=\"630\" src=\"https:\/\/www.velcorex.fr\/wp-content\/uploads\/2021\/04\/usine-1-670x630.jpg\" alt=\"\" data-id=\"30\" data-full-url=\"https:\/\/www.velcorex.fr\/wp-content\/uploads\/2021\/04\/usine-1.jpg\" data-link=\"https:\/\/www.velcorex.fr\/home\/usine-1\/\" class=\"wp-image-30 is-layout-flex wp-block-gallery-is-layout-flex\"\/><\/figure><\/li><\/ul><\/figure>\n<\/div>\n\n\n\n<div class=\"wp-block-column is-vertically-aligned-center is-layout-flow wp-block-column-is-layout-flow\">\n<h1 class=\"wp-block-heading\">Cord und Sportswear Spezialist<\/h1>\n\n\n\n<p>Velcorex Since 1828 ist ein Unternehmen spezialisiert in der Entwicklung und Veredlung von Bekleidungsstoffen. Die unvergleichbare Qualit\u00e4t ist weltweit bekannt durch verschiedene Cord- und Sportswearentwicklungen.<\/p>\n\n\n\n<p>Seit 200 Jahren&nbsp; begeistert Velcorex Since 1828 seine Kunden mit seinem Know-How und arbeitet immer mit Begeisterung und Erfindungsgeist an der Weiterentwicklung in der Weberei, der F\u00e4rbung und der Ausr\u00fcstung.<\/p>\n\n\n\n<div class=\"wp-block-buttons is-layout-flex wp-block-buttons-is-layout-flex\">\n<div class=\"wp-block-button is-style-outline is-style-outline--2\"><a class=\"wp-block-button__link\" href=\"https:\/\/www.velcorex.fr\/de\/notre-histoire\/\">Mehr wissen<\/a><\/div>\n<\/div>\n<\/div>\n<\/div>\n<\/div><\/div>\n\n\n\n<div class=\"wp-block-group alignfull has-background\" style=\"background-color:#f1f0ef\"><div class=\"wp-block-group__inner-container is-layout-flow wp-block-group-is-layout-flow\">\n<h2 class=\"has-text-align-center wp-block-heading\">Unsere Produkte<\/h2>\n\n\n\n<div class=\"wp-block-columns col-products is-layout-flex wp-container-core-columns-is-layout-9d6595d7 wp-block-columns-is-layout-flex\">\n<div class=\"wp-block-column is-layout-flow wp-block-column-is-layout-flow\">\n<div class=\"wp-block-cover\"><img loading=\"lazy\" decoding=\"async\" width=\"1920\" height=\"828\" class=\"wp-block-cover__image-background wp-image-259\" alt=\"\" src=\"https:\/\/www.velcorex.fr\/wp-content\/uploads\/2021\/04\/velours.jpg\" data-object-fit=\"cover\" srcset=\"https:\/\/www.velcorex.fr\/wp-content\/uploads\/2021\/04\/velours.jpg 1920w, https:\/\/www.velcorex.fr\/wp-content\/uploads\/2021\/04\/velours-820x354.jpg 820w, https:\/\/www.velcorex.fr\/wp-content\/uploads\/2021\/04\/velours-1024x442.jpg 1024w, https:\/\/www.velcorex.fr\/wp-content\/uploads\/2021\/04\/velours-768x331.jpg 768w, https:\/\/www.velcorex.fr\/wp-content\/uploads\/2021\/04\/velours-1536x662.jpg 1536w, https:\/\/www.velcorex.fr\/wp-content\/uploads\/2021\/04\/velours-300x129.jpg 300w\" sizes=\"auto, (max-width: 1920px) 100vw, 1920px\" \/><div class=\"wp-block-cover__inner-container is-layout-flow wp-block-cover-is-layout-flow\">\n<h3 class=\"has-text-align-center wp-block-heading\"><a href=\"https:\/\/www.velcorex.fr\/de\/cord\/\" data-type=\"page\" data-id=\"2966\">Cord<\/a><\/h3>\n<\/div><\/div>\n<\/div>\n\n\n\n<div class=\"wp-block-column is-layout-flow wp-block-column-is-layout-flow\">\n<div class=\"wp-block-cover\"><img loading=\"lazy\" decoding=\"async\" width=\"1920\" height=\"828\" class=\"wp-block-cover__image-background wp-image-258\" alt=\"\" src=\"https:\/\/www.velcorex.fr\/wp-content\/uploads\/2021\/04\/sportswear.jpg\" data-object-fit=\"cover\" srcset=\"https:\/\/www.velcorex.fr\/wp-content\/uploads\/2021\/04\/sportswear.jpg 1920w, https:\/\/www.velcorex.fr\/wp-content\/uploads\/2021\/04\/sportswear-820x354.jpg 820w, https:\/\/www.velcorex.fr\/wp-content\/uploads\/2021\/04\/sportswear-1024x442.jpg 1024w, https:\/\/www.velcorex.fr\/wp-content\/uploads\/2021\/04\/sportswear-768x331.jpg 768w, https:\/\/www.velcorex.fr\/wp-content\/uploads\/2021\/04\/sportswear-1536x662.jpg 1536w, https:\/\/www.velcorex.fr\/wp-content\/uploads\/2021\/04\/sportswear-300x129.jpg 300w\" sizes=\"auto, (max-width: 1920px) 100vw, 1920px\" \/><div class=\"wp-block-cover__inner-container is-layout-flow wp-block-cover-is-layout-flow\">\n<h3 class=\"has-text-align-center wp-block-heading\"><a href=\"https:\/\/www.velcorex.fr\/de\/die-sportswear\/\" data-type=\"page\" data-id=\"2985\">Sportswear<\/a><\/h3>\n<\/div><\/div>\n<\/div>\n\n\n\n<div class=\"wp-block-column is-layout-flow wp-block-column-is-layout-flow\">\n<div class=\"wp-block-cover\"><img loading=\"lazy\" decoding=\"async\" width=\"1920\" height=\"828\" class=\"wp-block-cover__image-background wp-image-257\" alt=\"\" src=\"https:\/\/www.velcorex.fr\/wp-content\/uploads\/2021\/04\/lin.jpg\" data-object-fit=\"cover\" srcset=\"https:\/\/www.velcorex.fr\/wp-content\/uploads\/2021\/04\/lin.jpg 1920w, https:\/\/www.velcorex.fr\/wp-content\/uploads\/2021\/04\/lin-820x354.jpg 820w, https:\/\/www.velcorex.fr\/wp-content\/uploads\/2021\/04\/lin-1024x442.jpg 1024w, https:\/\/www.velcorex.fr\/wp-content\/uploads\/2021\/04\/lin-768x331.jpg 768w, https:\/\/www.velcorex.fr\/wp-content\/uploads\/2021\/04\/lin-1536x662.jpg 1536w, https:\/\/www.velcorex.fr\/wp-content\/uploads\/2021\/04\/lin-300x129.jpg 300w\" sizes=\"auto, (max-width: 1920px) 100vw, 1920px\" \/><div class=\"wp-block-cover__inner-container is-layout-flow wp-block-cover-is-layout-flow\">\n<h3 class=\"has-text-align-center wp-block-heading\"><a href=\"https:\/\/www.velcorex.fr\/de\/leinen\/\" data-type=\"page\" data-id=\"2944\">Leinen<\/a><\/h3>\n<\/div><\/div>\n<\/div>\n\n\n\n<div class=\"wp-block-column is-layout-flow wp-block-column-is-layout-flow\">\n<div class=\"wp-block-cover\"><img loading=\"lazy\" decoding=\"async\" width=\"1920\" height=\"800\" class=\"wp-block-cover__image-background wp-image-1102\" alt=\"\" src=\"https:\/\/www.velcorex.fr\/wp-content\/uploads\/2021\/04\/fibres-regenerees-298654.jpg\" data-object-fit=\"cover\" srcset=\"https:\/\/www.velcorex.fr\/wp-content\/uploads\/2021\/04\/fibres-regenerees-298654.jpg 1920w, https:\/\/www.velcorex.fr\/wp-content\/uploads\/2021\/04\/fibres-regenerees-298654-820x342.jpg 820w, https:\/\/www.velcorex.fr\/wp-content\/uploads\/2021\/04\/fibres-regenerees-298654-1024x427.jpg 1024w, https:\/\/www.velcorex.fr\/wp-content\/uploads\/2021\/04\/fibres-regenerees-298654-768x320.jpg 768w, https:\/\/www.velcorex.fr\/wp-content\/uploads\/2021\/04\/fibres-regenerees-298654-1536x640.jpg 1536w\" sizes=\"auto, (max-width: 1920px) 100vw, 1920px\" \/><div class=\"wp-block-cover__inner-container is-layout-flow wp-block-cover-is-layout-flow\">\n<h3 class=\"has-text-align-center wp-block-heading\"><a href=\"https:\/\/www.velcorex.fr\/de\/die-regenerierten-fasern\/\" data-type=\"page\" data-id=\"2952\">Regenerierten<\/a><\/h3>\n<\/div><\/div>\n<\/div>\n\n\n\n<div class=\"wp-block-column is-layout-flow wp-block-column-is-layout-flow\">\n<div class=\"wp-block-cover\"><img loading=\"lazy\" decoding=\"async\" width=\"1920\" height=\"828\" class=\"wp-block-cover__image-background wp-image-260\" alt=\"\" src=\"https:\/\/www.velcorex.fr\/wp-content\/uploads\/2021\/04\/coton-1.jpg\" data-object-fit=\"cover\" srcset=\"https:\/\/www.velcorex.fr\/wp-content\/uploads\/2021\/04\/coton-1.jpg 1920w, https:\/\/www.velcorex.fr\/wp-content\/uploads\/2021\/04\/coton-1-820x354.jpg 820w, https:\/\/www.velcorex.fr\/wp-content\/uploads\/2021\/04\/coton-1-1024x442.jpg 1024w, https:\/\/www.velcorex.fr\/wp-content\/uploads\/2021\/04\/coton-1-768x331.jpg 768w, https:\/\/www.velcorex.fr\/wp-content\/uploads\/2021\/04\/coton-1-1536x662.jpg 1536w, https:\/\/www.velcorex.fr\/wp-content\/uploads\/2021\/04\/coton-1-300x129.jpg 300w\" sizes=\"auto, (max-width: 1920px) 100vw, 1920px\" \/><div class=\"wp-block-cover__inner-container is-layout-flow wp-block-cover-is-layout-flow\">\n<h3 class=\"has-text-align-center wp-block-heading\"><a href=\"https:\/\/www.velcorex.fr\/de\/die-baumwolle\/\" data-type=\"page\" data-id=\"2933\">Baumwolle<\/a><\/h3>\n<\/div><\/div>\n<\/div>\n<\/div>\n<\/div><\/div>\n\n\n\n<div class=\"wp-block-buttons is-content-justification-center is-layout-flex wp-block-buttons-is-layout-flex\">\n<div class=\"wp-block-button btn-cta\"><a class=\"wp-block-button__link\" href=\"https:\/\/www.velcorex.fr\/de\/notre-expertise\/\">Das Gutachten Velcorex<\/a><\/div>\n<\/div>\n\n\n\n<div class=\"wp-block-group\"><div class=\"wp-block-group__inner-container is-layout-flow wp-block-group-is-layout-flow\">\n<div class=\"wp-block-columns are-vertically-aligned-center is-layout-flex wp-container-core-columns-is-layout-9d6595d7 wp-block-columns-is-layout-flex\">\n<div class=\"wp-block-column is-vertically-aligned-center is-layout-flow wp-block-column-is-layout-flow\">\n<h2 class=\"wp-block-heading\">Ein engagiertes und umweltbewusstes Unternehmen<\/h2>\n\n\n\n<div class=\"wp-block-buttons is-layout-flex wp-block-buttons-is-layout-flex\">\n<div class=\"wp-block-button is-style-outline is-style-outline--3\"><a class=\"wp-block-button__link\" href=\"https:\/\/www.velcorex.fr\/de\/nos-engagements\/\">Mehr wissen<\/a><\/div>\n<\/div>\n<\/div>\n\n\n\n<div class=\"wp-block-column is-vertically-aligned-center is-layout-flow wp-block-column-is-layout-flow\">\n<figure class=\"wp-block-image size-page tissage right\"><img loading=\"lazy\" decoding=\"async\" width=\"820\" height=\"630\" src=\"https:\/\/www.velcorex.fr\/wp-content\/uploads\/2021\/04\/usine-820x630.jpg\" alt=\"\" class=\"wp-image-544\"\/><\/figure>\n<\/div>\n<\/div>\n<\/div><\/div>\n\n\n\n<p><\/p>\n","protected":false},"excerpt":{"rendered":"<p>Cord und Sportswear Spezialist Velcorex Since 1828 ist ein Unternehmen spezialisiert in der Entwicklung und Veredlung von Bekleidungsstoffen. Die unvergleichbare Qualit\u00e4t ist weltweit bekannt durch verschiedene Cord- und Sportswearentwicklungen. Seit 200 Jahren&nbsp; begeistert Velcorex Since 1828 seine Kunden mit seinem Know-How und arbeitet immer mit Begeisterung und Erfindungsgeist an der Weiterentwicklung in der Weberei, der [&hellip;]<\/p>\n","protected":false},"author":1,"featured_media":0,"parent":0,"menu_order":0,"comment_status":"closed","ping_status":"closed","template":"page-home.php","meta":{"_acf_changed":false,"_seopress_robots_primary_cat":"","_seopress_titles_title":"Velcorex Since 1828 - Cord und Sportswear Spezialist","_seopress_titles_desc":"Velcorex Since 1828 ist ein Unternehmen spezialisiert in der Entwicklung und Veredlung von Bekleidungsstoffen. Die unvergleichbare Qualit\u00e4t ist weltweit bekannt durch verschiedene Cord- und Sportswearentwicklungen.","_seopress_robots_index":"","advgb_blocks_editor_width":"","advgb_blocks_columns_visual_guide":"","footnotes":""},"class_list":["post-2892","page","type-page","status-publish","hentry"],"acf":[],"coauthors":[],"author_meta":{"author_link":"https:\/\/www.velcorex.fr\/de\/author\/studiowa\/","display_name":"WA!"},"relative_dates":{"created":"Ver\u00f6ffentlicht 5\u00a0Jahren vor","modified":"Aktualisiert 4\u00a0Jahren vor"},"absolute_dates":{"created":"Ver\u00f6ffentlicht am 29. M\u00e4rz 2021","modified":"Aktualisiert am 9. November 2021"},"absolute_dates_time":{"created":"Ver\u00f6ffentlicht am 29. M\u00e4rz 2021 9:24","modified":"Aktualisiert am 9. November 2021 10:00"},"featured_img_caption":"","featured_img":false,"series_order":"","_links":{"self":[{"href":"https:\/\/www.velcorex.fr\/de\/wp-json\/wp\/v2\/pages\/2892","targetHints":{"allow":["GET"]}}],"collection":[{"href":"https:\/\/www.velcorex.fr\/de\/wp-json\/wp\/v2\/pages"}],"about":[{"href":"https:\/\/www.velcorex.fr\/de\/wp-json\/wp\/v2\/types\/page"}],"author":[{"embeddable":true,"href":"https:\/\/www.velcorex.fr\/de\/wp-json\/wp\/v2\/users\/1"}],"replies":[{"embeddable":true,"href":"https:\/\/www.velcorex.fr\/de\/wp-json\/wp\/v2\/comments?post=2892"}],"version-history":[{"count":0,"href":"https:\/\/www.velcorex.fr\/de\/wp-json\/wp\/v2\/pages\/2892\/revisions"}],"wp:attachment":[{"href":"https:\/\/www.velcorex.fr\/de\/wp-json\/wp\/v2\/media?parent=2892"}],"curies":[{"name":"wp","href":"https:\/\/api.w.org\/{rel}","templated":true}]}}