{"id":2900,"date":"2021-04-14T09:02:20","date_gmt":"2021-04-14T07:02:20","guid":{"rendered":"https:\/\/www.velcorex.fr\/notre-histoire\/"},"modified":"2025-02-04T15:50:23","modified_gmt":"2025-02-04T14:50:23","slug":"unsere-geschichte","status":"publish","type":"page","link":"https:\/\/www.velcorex.fr\/de\/unsere-geschichte\/","title":{"rendered":"Unsere Geschichte"},"content":{"rendered":"\n<p class=\"intro\">Ein&nbsp; unersetzbares Know-How \u00fcber Jahre hinweg<\/p>\n\n\n\n<figure class=\"wp-block-embed is-type-video is-provider-vimeo wp-block-embed-vimeo wp-embed-aspect-16-9 wp-has-aspect-ratio\"><div class=\"vimeo_player wp-block-embed__wrapper\" videoID=\"921963491\"><\/div><\/figure>\n\n\n\n<div class=\"wp-block-group alignfull bg-beige\"><div class=\"wp-block-group__inner-container is-layout-flow wp-block-group-is-layout-flow\">\n<div class=\"wp-block-columns are-vertically-aligned-center is-layout-flex wp-container-core-columns-is-layout-9d6595d7 wp-block-columns-is-layout-flex\">\n<div class=\"wp-block-column is-vertically-aligned-center is-layout-flow wp-block-column-is-layout-flow\">\n<h2 class=\"wp-block-heading\">Ein einzigartiges Know-how<\/h2>\n\n\n\n<h3 class=\"wp-block-heading\">Eine weltweit anerkannte Qualit\u00e4t<\/h3>\n\n\n\n<p>Velcorex Since 1828 ist der einzige franz\u00f6sische Betrieb der noch Cord produziert und ist damit f\u00fchrend in Europa. Seither werden mit Leidenschaft f\u00fcr die Qualit\u00e4t, die Er-neuerung der Stoffe mit einzigartigem Charakter weiterentwickelt (Softness, hohe Elastizit\u00e4t, spezielle Ausr\u00fcstungen).<\/p>\n\n\n\n<p>Die Delav\u00e9-F\u00e4rbung mit Pigmenten, erm\u00f6glicht einzigartige, sportive Stoffe. Die Drucke erzeugen visuelle Phantasien und bieten unz\u00e4hlige M\u00f6glichkeiten. Der Cord ist eine weltbekannte Spezialit\u00e4t. In jeder Produktionsphase wird die technische Besonderheit der industrielen Prozesse klar heraus gestellt.<\/p>\n<\/div>\n\n\n\n<div class=\"wp-block-column is-vertically-aligned-center is-layout-flow wp-block-column-is-layout-flow\">\n<figure class=\"wp-block-image size-page tissage right\"><img loading=\"lazy\" decoding=\"async\" width=\"820\" height=\"630\" src=\"https:\/\/www.velcorex.fr\/wp-content\/uploads\/2021\/04\/notre-histoire-2-820x630.jpg\" alt=\"\" class=\"wp-image-559\"\/><\/figure>\n<\/div>\n<\/div>\n<\/div><\/div>\n\n\n\n<div class=\"wp-block-group alignfull bg-beige\"><div class=\"wp-block-group__inner-container is-layout-flow wp-block-group-is-layout-flow\">\n<div class=\"wp-block-columns are-vertically-aligned-center is-layout-flex wp-container-core-columns-is-layout-9d6595d7 wp-block-columns-is-layout-flex\">\n<div class=\"wp-block-column is-vertically-aligned-center is-layout-flow wp-block-column-is-layout-flow\">\n<figure class=\"wp-block-image size-page tissage\"><img loading=\"lazy\" decoding=\"async\" width=\"820\" height=\"630\" src=\"https:\/\/www.velcorex.fr\/wp-content\/uploads\/2021\/04\/notre-histoire-1-820x630.jpg\" alt=\"\" class=\"wp-image-560\"\/><\/figure>\n<\/div>\n\n\n\n<div class=\"wp-block-column is-vertically-aligned-center is-layout-flow wp-block-column-is-layout-flow\">\n<p>Diese Fertigkeit &#8211; in permanenter Weiterentwicklung &#8211; macht aus dem Cord von Velcorex Since 1828 dauerhafte und vielseitige Stoffe.<\/p>\n\n\n\n<p>Die Sportswear erforscht eine gro\u00dfe Palette der Stoffbindungen. In jeder Kollektion werden besondere Ausr\u00fcstungen erarbeitet, wie zum Beispiel Diamantschmirgel, Superstretch, Softness. Velcorex Since 1828 will seinen Stoffen mehr Bequemlichkeit, Elastizit\u00e4t oder Kernigkeit bringen.<\/p>\n\n\n\n<p>In jeder Produktionsphase wird die Qualit\u00e4t gepr\u00fcft, sowohl &nbsp;in unserem Labor, als auch in allen Prozessen, wie beim Schneiden bis zur Endkontrolle.<\/p>\n<\/div>\n<\/div>\n<\/div><\/div>\n\n\n<div class=\"slider-wrapper timeline\"><div class=\"slick slider\"><div><h2>La SAIC<\/h2><h3>1828<\/h3><p>La Soci\u00e9t\u00e9 Anonyme d\u2019Industrie Cotonni\u00e8re (SAIC) est fond\u00e9e \u00e0 Mulhouse dans le but de se consacrer aux n\u00e9goces et \u00e0 la filature du coton.<\/p><\/div><div><h2>Ennoblissement du velours<\/h2><h3>1930<\/h3><p>L'entreprise \u00e9volue vers les m\u00e9tiers du tissage et de l'ennoblissement des tissus, avec en particulier le velours.<\/p><\/div><div><h2>Cr\u00e9ation de la marque Velcorex<\/h2><h3>1970<\/h3><p>Malgr\u00e9 la crise \u00e9conomique, la SAIC conna\u00eet une croissance importante en imaginant le d\u00e9veloppement du march\u00e9 du Sportswear et en cr\u00e9ant la marque VELCOREX, qui vient rapidement s'int\u00e9grer au nom de la soci\u00e9t\u00e9.<\/p><\/div><div><h2>Les tissus stretch<\/h2><h3>1995<\/h3><p>Toujours au plus proche des tendances, la SAIC VELCOREX d\u00e9veloppe une expertise dans les tissus stretch mode, et introduit sa premi\u00e8re ligne de tissus pour la femme.<\/p><\/div><div><h2>Teinture et finition de tissus aux Etats-Unis<\/h2><h3>1998<\/h3><p>Forte de son savoir-faire industriel, la SAIC VELCOREX est \u00e0 m\u00eame d'implanter sa production de tissus pr\u00e8s des grands bassins de confection de ses clients. Ainsi, apr\u00e8s dix ann\u00e9es de croissance sur le march\u00e9 des Etats-Unis, l\u2019entreprise ouvre une usine de teinture et finition de tissus \u00e0 Orangeburg en Caroline du Sud, afin de mieux servir ses clients am\u00e9ricains.<\/p><\/div><div><h2>Un nouveau Sportswear<\/h2><h3>2000<\/h3><p>La SAIC VELCOREX lance le projet d\u2019un nouveau tissu Sportswear avec sa ligne de Jeanswear \u00ab \u00e9volutif \u00bb : EVOLUTIVE JEANS.<\/p><\/div><div><h2>Des nouveaux tissus Velours<\/h2><h3>2002<\/h3><p>Lancement des velours Streaky qui constituent une diff\u00e9renciation majeure dans l\u2019univers du velours. Le process Streaky est une exclusivit\u00e9 de la SAIC VELCOREX, prot\u00e9g\u00e9e par un Brevet.<\/p><\/div><div><h2>Partenariat industriel<\/h2><h3>2004<\/h3><p>Afin d'\u00eatre au plus pr\u00e8s des \u00e9volutions du march\u00e9 textile et de se rapprocher des grands bassins de confection, la SAIC VELCOREX met en place un partenariat industriel en Asie. Cette plateforme de production de tissus prendra progressivement le relais du site am\u00e9ricain d\u2019Orangeburg.<\/p><\/div><div><h2>La gamme de tissus Time Aged<\/h2><h3>2006<\/h3><p>La SAIC VELCOREX s\u2019appuie sur l\u2019expertise de son usine de teinture fran\u00e7aise pour mettre au point un nouveau proc\u00e9d\u00e9 qui modernise les aspects d\u00e9lav\u00e9s de ses tissus, pour des effets vintage.<\/p><\/div><div><h2>Tissu Bio cotton by Velcorex<\/h2><h3>2007<\/h3><p>Toujours soucieuse de limiter l'impact de ses productions, la SAIC VELCOREX lance une ligne de tissus coton authentiques et de haute qualit\u00e9 \u00e9labor\u00e9e avec des fibres de coton issu de l'agriculture biologique.<\/p><\/div><div><h2>Velours Denim<\/h2><h3>2009<\/h3><p>La SAIC VELCOREX pr\u00e9sente au salon Denim by Premi\u00e8re Vision sa nouvelle collection Velours.<\/p><\/div><div><h2>Un nouveau nom<\/h2><h3>2010<\/h3><p>Reprise par Pierre Schmitt, la SAIC VELCOREX  change son nom pour devenir VELCOREX SINCE 1828.<\/p><\/div><div><h2>Un partenariat \u00e9volutif<\/h2><h3>2011<\/h3><p>La nouvelle soci\u00e9t\u00e9 VELCOREX SINCE 1828, en partenariat avec PHILEA TEXTILES, sp\u00e9cialiste des produits cr\u00e9atifs f\u00e9minins lance des nouveaux velours en m\u00e9langes de mati\u00e8res innovants.<\/p><\/div><div><h2>Les Dual Fit<\/h2><h3>2014<\/h3><p>Velcorex lance une nouvelle collection, Dual Fit by Velcorex, avec un tissu stretch plus performant pour un v\u00eatement confortable et une \u00e9lasticit\u00e9 durable. <\/p><\/div><div><h2>Programme R(e)n<\/h2><h3>2019<\/h3><p>Velcorex lance le programme 2025 R(e)n, et s'engage dans un processus \u00e9cologique, durable et \u00e9thique. d'ici 2025, Velcorex a pour projet de d\u00e9velopper son engagement aupr\u00e8s de la nature, en utilisant uniquement du coton issu de l'agriculture biologique, en adoptant une r\u00e9utilisation et un recyclage de tous ses d\u00e9chets textiles, en offrant \u00e0 ses clients le maximum de tra\u00e7abilit\u00e9 possible de ses produits et en r\u00e9duisant ses \u00e9missions de CO2. <\/p><\/div><div><h2>La relance d&#039;une filature en France<\/h2><h3>2020<\/h3><p>Velcorex Since 1828 entame un processus de r\u00e9appropriation d\u2019un savoir-faire disparu de France et s\u2019engage dans la relocalisation de la fili\u00e8re des fibres lib\u00e9riennes. En 2020, la soci\u00e9t\u00e9 remonte la premi\u00e8re filature de lin en France, garantissant ainsi un approvisionnement 100% fran\u00e7ais, de la semence au produit fini.<\/p><\/div><\/div><\/div>\n\n\n\n<div class=\"wp-block-group alignfull bg-beige\"><div class=\"wp-block-group__inner-container is-layout-flow wp-block-group-is-layout-flow\">\n<div class=\"wp-block-columns are-vertically-aligned-center is-layout-flex wp-container-core-columns-is-layout-9d6595d7 wp-block-columns-is-layout-flex\">\n<div class=\"wp-block-column is-vertically-aligned-center is-layout-flow wp-block-column-is-layout-flow\">\n<figure class=\"wp-block-image size-large tissage\"><img loading=\"lazy\" decoding=\"async\" width=\"835\" height=\"834\" src=\"https:\/\/www.velcorex.fr\/wp-content\/uploads\/2021\/04\/map-2.png\" alt=\"\" class=\"wp-image-1171\" srcset=\"https:\/\/www.velcorex.fr\/wp-content\/uploads\/2021\/04\/map-2.png 835w, https:\/\/www.velcorex.fr\/wp-content\/uploads\/2021\/04\/map-2-631x630.png 631w, https:\/\/www.velcorex.fr\/wp-content\/uploads\/2021\/04\/map-2-150x150.png 150w, https:\/\/www.velcorex.fr\/wp-content\/uploads\/2021\/04\/map-2-768x767.png 768w, https:\/\/www.velcorex.fr\/wp-content\/uploads\/2021\/04\/map-2-750x750.png 750w\" sizes=\"auto, (max-width: 835px) 100vw, 835px\" \/><\/figure>\n<\/div>\n\n\n\n<div class=\"wp-block-column is-vertically-aligned-center is-layout-flow wp-block-column-is-layout-flow\">\n<h2 class=\"wp-block-heading\">Made in France<\/h2>\n\n\n\n<h3 class=\"wp-block-heading\">Eingebettet im Elsass am Fu\u00dfe des regionalen Naturpark der Vogesen<\/h3>\n\n\n\n<p>Um den Stoffen ihre Flexibilit\u00e4t und leuchtende Farben zu geben, inspiriert sich Velcorex Since 1828 von seiner Umgebung in der Natur. Diese besondere geographische Lage erm\u00f6glicht Velcorex Since 1828 und seinen 90 Mitarbeiter, eine Entwicklung, in der menschliche Werte, N\u00e4he, und Kompetenzen gleichm\u00e4\u00dfig vorhanden sind. Dadurch ist Velcorex ein Aush\u00e4ngeschild in der europ\u00e4ischen Textilindustrie.<\/p>\n<\/div>\n<\/div>\n<\/div><\/div>\n\n\n\n<div class=\"wp-block-group alignfull\"><div class=\"wp-block-group__inner-container is-layout-flow wp-block-group-is-layout-flow\">\n<div class=\"wp-block-columns are-vertically-aligned-center is-layout-flex wp-container-core-columns-is-layout-9d6595d7 wp-block-columns-is-layout-flex\">\n<div class=\"wp-block-column is-vertically-aligned-center is-layout-flow wp-block-column-is-layout-flow\">\n<h3 class=\"wp-block-heading\">Ein engagiertes und umweltbewusstes Unternehmen<\/h3>\n\n\n\n<div class=\"wp-block-buttons is-layout-flex wp-block-buttons-is-layout-flex\">\n<div class=\"wp-block-button is-style-outline is-style-outline--1\"><a class=\"wp-block-button__link wp-element-button\" href=\"https:\/\/www.velcorex.fr\/de\/nos-engagements\/\">Unsere Verpflichtungen<\/a><\/div>\n<\/div>\n<\/div>\n\n\n\n<div class=\"wp-block-column is-vertically-aligned-center is-layout-flow wp-block-column-is-layout-flow\">\n<figure class=\"wp-block-image size-medium tissage right\"><img loading=\"lazy\" decoding=\"async\" width=\"820\" height=\"581\" src=\"https:\/\/www.velcorex.fr\/wp-content\/uploads\/2021\/04\/usine-820x581.jpg\" alt=\"\" class=\"wp-image-544\" srcset=\"https:\/\/www.velcorex.fr\/wp-content\/uploads\/2021\/04\/usine-820x581.jpg 820w, https:\/\/www.velcorex.fr\/wp-content\/uploads\/2021\/04\/usine-1024x726.jpg 1024w, https:\/\/www.velcorex.fr\/wp-content\/uploads\/2021\/04\/usine-768x544.jpg 768w, https:\/\/www.velcorex.fr\/wp-content\/uploads\/2021\/04\/usine.jpg 1209w\" sizes=\"auto, (max-width: 820px) 100vw, 820px\" \/><\/figure>\n<\/div>\n<\/div>\n<\/div><\/div>\n\n\n\n<p><\/p>\n","protected":false},"excerpt":{"rendered":"<p>Ein&nbsp; unersetzbares Know-How \u00fcber Jahre hinweg Ein einzigartiges Know-how Eine weltweit anerkannte Qualit\u00e4t Velcorex Since 1828 ist der einzige franz\u00f6sische Betrieb der noch Cord produziert und ist damit f\u00fchrend in Europa. Seither werden mit Leidenschaft f\u00fcr die Qualit\u00e4t, die Er-neuerung der Stoffe mit einzigartigem Charakter weiterentwickelt (Softness, hohe Elastizit\u00e4t, spezielle Ausr\u00fcstungen). Die Delav\u00e9-F\u00e4rbung mit Pigmenten, [&hellip;]<\/p>\n","protected":false},"author":1,"featured_media":0,"parent":0,"menu_order":0,"comment_status":"closed","ping_status":"closed","template":"page-entreprise.php","meta":{"_acf_changed":false,"_seopress_robots_primary_cat":"","_seopress_titles_title":"","_seopress_titles_desc":"Velcorex Since 1828 ist der einzige franz\u00f6sische Betrieb der noch Cord produziert und ist damit f\u00fchrend in Europa. Seither werden mit Leidenschaft f\u00fcr die Qualit\u00e4t, die Er-neuerung der Stoffe mit einzigartigem Charakter weiterentwickelt (Softness, hohe Elastizit\u00e4t, spezielle Ausr\u00fcstungen).","_seopress_robots_index":"","advgb_blocks_editor_width":"","advgb_blocks_columns_visual_guide":"","footnotes":""},"class_list":["post-2900","page","type-page","status-publish","hentry"],"acf":[],"coauthors":[],"author_meta":{"author_link":"https:\/\/www.velcorex.fr\/de\/author\/studiowa\/","display_name":"WA!"},"relative_dates":{"created":"Ver\u00f6ffentlicht 5\u00a0Jahren vor","modified":"Aktualisiert 1\u00a0Jahr vor"},"absolute_dates":{"created":"Ver\u00f6ffentlicht am 14. April 2021","modified":"Aktualisiert am 4. Februar 2025"},"absolute_dates_time":{"created":"Ver\u00f6ffentlicht am 14. April 2021 9:02","modified":"Aktualisiert am 4. Februar 2025 15:50"},"featured_img_caption":"","featured_img":false,"series_order":"","_links":{"self":[{"href":"https:\/\/www.velcorex.fr\/de\/wp-json\/wp\/v2\/pages\/2900","targetHints":{"allow":["GET"]}}],"collection":[{"href":"https:\/\/www.velcorex.fr\/de\/wp-json\/wp\/v2\/pages"}],"about":[{"href":"https:\/\/www.velcorex.fr\/de\/wp-json\/wp\/v2\/types\/page"}],"author":[{"embeddable":true,"href":"https:\/\/www.velcorex.fr\/de\/wp-json\/wp\/v2\/users\/1"}],"replies":[{"embeddable":true,"href":"https:\/\/www.velcorex.fr\/de\/wp-json\/wp\/v2\/comments?post=2900"}],"version-history":[{"count":1,"href":"https:\/\/www.velcorex.fr\/de\/wp-json\/wp\/v2\/pages\/2900\/revisions"}],"predecessor-version":[{"id":3795,"href":"https:\/\/www.velcorex.fr\/de\/wp-json\/wp\/v2\/pages\/2900\/revisions\/3795"}],"wp:attachment":[{"href":"https:\/\/www.velcorex.fr\/de\/wp-json\/wp\/v2\/media?parent=2900"}],"curies":[{"name":"wp","href":"https:\/\/api.w.org\/{rel}","templated":true}]}}