{"id":2914,"date":"2021-04-15T10:18:43","date_gmt":"2021-04-15T08:18:43","guid":{"rendered":"https:\/\/www.velcorex.fr\/notre-expertise\/"},"modified":"2021-11-03T18:21:46","modified_gmt":"2021-11-03T17:21:46","slug":"unsere-gutachten","status":"publish","type":"page","link":"https:\/\/www.velcorex.fr\/de\/unsere-gutachten\/","title":{"rendered":"Unsere Gutachten"},"content":{"rendered":"\n<p class=\"intro\">Zwischen Erbe und Innovation.<\/p>\n\n\n\n<div class=\"wp-block-group alignfull is-intro\"><div class=\"wp-block-group__inner-container is-layout-flow wp-block-group-is-layout-flow\">\n<figure class=\"wp-block-image size-full is-resized\"><img loading=\"lazy\" decoding=\"async\" src=\"https:\/\/www.velcorex.fr\/wp-content\/uploads\/2021\/04\/expertise-1.jpg\" alt=\"\" class=\"wp-image-577\" width=\"1200\" height=\"663\" srcset=\"https:\/\/www.velcorex.fr\/wp-content\/uploads\/2021\/04\/expertise-1.jpg 1200w, https:\/\/www.velcorex.fr\/wp-content\/uploads\/2021\/04\/expertise-1-820x453.jpg 820w, https:\/\/www.velcorex.fr\/wp-content\/uploads\/2021\/04\/expertise-1-1024x566.jpg 1024w, https:\/\/www.velcorex.fr\/wp-content\/uploads\/2021\/04\/expertise-1-768x424.jpg 768w\" sizes=\"auto, (max-width: 1200px) 100vw, 1200px\" \/><\/figure>\n<\/div><\/div>\n\n\n\n<div class=\"wp-block-group alignfull bg-beige\"><div class=\"wp-block-group__inner-container is-layout-flow wp-block-group-is-layout-flow\">\n<div class=\"wp-block-columns are-vertically-aligned-center is-layout-flex wp-container-core-columns-is-layout-9d6595d7 wp-block-columns-is-layout-flex\">\n<div class=\"wp-block-column is-vertically-aligned-center is-layout-flow wp-block-column-is-layout-flow\">\n<h2 class=\"wp-block-heading\">Erbe und Innovation<\/h2>\n\n\n\n<h3 class=\"wp-block-heading\">Une histoire en constante \u00e9volutionErbe und Innovation<\/h3>\n\n\n\n<p>Die zwei Jahrhunderte Geschichte schildert die Erfolge und die Fehler der Vergangenheit. Mit diesen Erinnerungen stellen wir uns heute als Leader des Cord in Europa.<\/p>\n\n\n\n<p>Die Innovationen, die wir in der F\u00e4rbung erreicht haben und fortsetzen , haben nachhaltig die Kulturlandschaft des Textils&nbsp; gekennzeichnet. Im Ursprung, ein Unternehmen dass der Baumwolle gewidmet war, hat sich Velcorex Since 1828 neu erfunden mit der Benutzung von Elasthan und regenerierten Fasern. Heute &#8211; mehr denn je &#8211; sind wir \u00fcberzeugt dass Entwicklung und Innovation wichtig sind und wir werden alles in Bewegung setzen um \u00f6kologische und dauerhafte L\u00f6sungen zu bieten f\u00fcr eine optimistische Zukunft.<\/p>\n\n\n\n<div class=\"wp-block-buttons is-layout-flex wp-block-buttons-is-layout-flex\"><\/div>\n<\/div>\n\n\n\n<div class=\"wp-block-column is-vertically-aligned-center is-layout-flow wp-block-column-is-layout-flow\">\n<figure class=\"wp-block-image size-page tissage right\"><img loading=\"lazy\" decoding=\"async\" width=\"820\" height=\"630\" src=\"https:\/\/www.velcorex.fr\/wp-content\/uploads\/2021\/04\/usine-40-820x630.jpg\" alt=\"\" class=\"wp-image-584\"\/><\/figure>\n<\/div>\n<\/div>\n<\/div><\/div>\n\n\n\n<div class=\"wp-block-group alignfull bg-beige\"><div class=\"wp-block-group__inner-container is-layout-flow wp-block-group-is-layout-flow\">\n<div class=\"wp-block-columns are-vertically-aligned-center is-layout-flex wp-container-core-columns-is-layout-9d6595d7 wp-block-columns-is-layout-flex\">\n<div class=\"wp-block-column is-vertically-aligned-center is-layout-flow wp-block-column-is-layout-flow\">\n<figure class=\"wp-block-image size-page tissage\"><img loading=\"lazy\" decoding=\"async\" width=\"820\" height=\"630\" src=\"https:\/\/www.velcorex.fr\/wp-content\/uploads\/2021\/04\/couleurs-820x630.jpg\" alt=\"\" class=\"wp-image-590\"\/><\/figure>\n<\/div>\n\n\n\n<div class=\"wp-block-column is-vertically-aligned-center is-layout-flow wp-block-column-is-layout-flow\">\n<h2 class=\"wp-block-heading\">Eine Welt voller Farben<\/h2>\n\n\n\n<h3 class=\"wp-block-heading\">F\u00e4rben gibt Leben<\/h3>\n\n\n\n<p>Unser Geheimnis: eine gro\u00dfe Kapazit\u00e4t in der F\u00e4rbung mit faszinierenden F\u00e4rbungen, dir wir bei allen Artikeln anwenden k\u00f6nnen. Die Dynamik der Farben, eingesetzt &nbsp;im Kern der Faser gibt dem Stoff seine Gro\u00dfz\u00fcgigkeit.<\/p>\n\n\n\n<p>Unseres Know-How ist unsere lebenswichtige St\u00e4rke. Durch die Delav\u00e9-F\u00e4rbung ergeben sich &nbsp;elegante, sportive Wascheffekte womit die N\u00e4hte besser zur Geltung kommen.<\/p>\n\n\n\n<div class=\"wp-block-buttons is-layout-flex wp-block-buttons-is-layout-flex\">\n<div class=\"wp-block-button is-style-outline is-style-outline--1\"><a class=\"wp-block-button__link\" href=\"https:\/\/www.velcorex.fr\/de\/nos-couleurs\/\">Unsere Farben<\/a><\/div>\n<\/div>\n<\/div>\n<\/div>\n<\/div><\/div>\n\n\n\n<div class=\"wp-block-group alignfull\"><div class=\"wp-block-group__inner-container is-layout-flow wp-block-group-is-layout-flow\">\n<div class=\"wp-block-columns are-vertically-aligned-center is-layout-flex wp-container-core-columns-is-layout-9d6595d7 wp-block-columns-is-layout-flex\">\n<div class=\"wp-block-column is-vertically-aligned-center is-layout-flow wp-block-column-is-layout-flow\">\n<h3 class=\"wp-block-heading\">Entdecken Sie unsere Farblinien<\/h3>\n\n\n\n<div class=\"wp-block-buttons is-layout-flex wp-block-buttons-is-layout-flex\">\n<div class=\"wp-block-button is-style-outline is-style-outline--2\"><a class=\"wp-block-button__link\" href=\"https:\/\/www.velcorex.fr\/de\/nos-gammes\/\">Unsere Sortimente<\/a><\/div>\n<\/div>\n<\/div>\n\n\n\n<div class=\"wp-block-column is-vertically-aligned-center is-layout-flow wp-block-column-is-layout-flow\">\n<figure class=\"wp-block-image size-page tissage right\"><img loading=\"lazy\" decoding=\"async\" width=\"820\" height=\"630\" src=\"https:\/\/www.velcorex.fr\/wp-content\/uploads\/2021\/04\/noscouleurs-820x630.jpg\" alt=\"\" class=\"wp-image-592\"\/><\/figure>\n<\/div>\n<\/div>\n<\/div><\/div>\n\n\n\n<p><\/p>\n","protected":false},"excerpt":{"rendered":"<p>Zwischen Erbe und Innovation. Erbe und Innovation Une histoire en constante \u00e9volutionErbe und Innovation Die zwei Jahrhunderte Geschichte schildert die Erfolge und die Fehler der Vergangenheit. Mit diesen Erinnerungen stellen wir uns heute als Leader des Cord in Europa. Die Innovationen, die wir in der F\u00e4rbung erreicht haben und fortsetzen , haben nachhaltig die Kulturlandschaft [&hellip;]<\/p>\n","protected":false},"author":1,"featured_media":0,"parent":0,"menu_order":0,"comment_status":"closed","ping_status":"closed","template":"page-entreprise.php","meta":{"_acf_changed":false,"_seopress_robots_primary_cat":"","_seopress_titles_title":"Erbe und Innovation - Velcorex Since 1828","_seopress_titles_desc":"Die zwei Jahrhunderte Geschichte schildert die Erfolge und die Fehler der Vergangenheit. Mit diesen Erinnerungen stellen wir uns heute als Leader des Cord in Europa.","_seopress_robots_index":"","advgb_blocks_editor_width":"","advgb_blocks_columns_visual_guide":"","footnotes":""},"class_list":["post-2914","page","type-page","status-publish","hentry"],"acf":[],"coauthors":[],"author_meta":{"author_link":"https:\/\/www.velcorex.fr\/de\/author\/studiowa\/","display_name":"WA!"},"relative_dates":{"created":"Ver\u00f6ffentlicht 5\u00a0Jahren vor","modified":"Aktualisiert 4\u00a0Jahren vor"},"absolute_dates":{"created":"Ver\u00f6ffentlicht am 15. April 2021","modified":"Aktualisiert am 3. November 2021"},"absolute_dates_time":{"created":"Ver\u00f6ffentlicht am 15. April 2021 10:18","modified":"Aktualisiert am 3. November 2021 18:21"},"featured_img_caption":"","featured_img":false,"series_order":"","_links":{"self":[{"href":"https:\/\/www.velcorex.fr\/de\/wp-json\/wp\/v2\/pages\/2914","targetHints":{"allow":["GET"]}}],"collection":[{"href":"https:\/\/www.velcorex.fr\/de\/wp-json\/wp\/v2\/pages"}],"about":[{"href":"https:\/\/www.velcorex.fr\/de\/wp-json\/wp\/v2\/types\/page"}],"author":[{"embeddable":true,"href":"https:\/\/www.velcorex.fr\/de\/wp-json\/wp\/v2\/users\/1"}],"replies":[{"embeddable":true,"href":"https:\/\/www.velcorex.fr\/de\/wp-json\/wp\/v2\/comments?post=2914"}],"version-history":[{"count":0,"href":"https:\/\/www.velcorex.fr\/de\/wp-json\/wp\/v2\/pages\/2914\/revisions"}],"wp:attachment":[{"href":"https:\/\/www.velcorex.fr\/de\/wp-json\/wp\/v2\/media?parent=2914"}],"curies":[{"name":"wp","href":"https:\/\/api.w.org\/{rel}","templated":true}]}}