{"id":2924,"date":"2021-04-16T14:48:33","date_gmt":"2021-04-16T12:48:33","guid":{"rendered":"https:\/\/www.velcorex.fr\/nos-finitions\/"},"modified":"2021-11-03T18:25:52","modified_gmt":"2021-11-03T17:25:52","slug":"unsere-ausrustungen","status":"publish","type":"page","link":"https:\/\/www.velcorex.fr\/de\/unsere-ausrustungen\/","title":{"rendered":"Unsere Ausr\u00fcstungen"},"content":{"rendered":"\n<div class=\"wp-block-buttons is-content-justification-center is-layout-flex wp-block-buttons-is-layout-flex\">\n<div class=\"wp-block-button btn-cta btn-cta-tx\"><a class=\"wp-block-button__link\" href=\"https:\/\/www.velcorex.fr\/de\/tissutex\/\">Unsere Gewebe im Gewebe entdecken<\/a><\/div>\n<\/div>\n\n\n\n<div class=\"wp-block-group alignfull\"><div class=\"wp-block-group__inner-container is-layout-flow wp-block-group-is-layout-flow\">\n<div class=\"wp-block-columns are-vertically-aligned-center is-layout-flex wp-container-core-columns-is-layout-9d6595d7 wp-block-columns-is-layout-flex\" id=\"Pfirsichhaut\">\n<div class=\"wp-block-column is-vertically-aligned-center is-layout-flow wp-block-column-is-layout-flow\">\n<figure class=\"wp-block-image size-page tissage\"><img loading=\"lazy\" decoding=\"async\" width=\"820\" height=\"607\" src=\"https:\/\/www.velcorex.fr\/wp-content\/uploads\/2021\/04\/peche-820x607.jpg\" alt=\"\" class=\"wp-image-536\"\/><\/figure>\n<\/div>\n\n\n\n<div class=\"wp-block-column is-vertically-aligned-center is-layout-flow wp-block-column-is-layout-flow\">\n<h2 class=\"wp-block-heading\">Eine Haptik gleich einer Pfirsichhaut<\/h2>\n\n\n\n<h3 class=\"wp-block-heading\">Eine flauschige, wohltuende Oberfl\u00e4che<\/h3>\n\n\n\n<p>Das sanfte B\u00fcrsten des Stoffes l\u00e4sst die K\u00fcrzeren Faser an die Oberfl\u00e4che kommen und erzeugt somit eine Haptik die einer Pfirsichhaut gleicht. Der Stoff f\u00fchlt sich weicher und\u00a0 w\u00e4rmer an. Dieses Gef\u00fchl von Softness haben unsere Sportswearstoffe. \u00a0Die Kleidung wird bequemer, wie eine zweite Haut.<\/p>\n<\/div>\n<\/div>\n<\/div><\/div>\n\n\n\n<div class=\"wp-block-group alignfull bg-beige\"><div class=\"wp-block-group__inner-container is-layout-flow wp-block-group-is-layout-flow\">\n<div class=\"wp-block-columns alignfull are-vertically-aligned-center is-layout-flex wp-container-core-columns-is-layout-9d6595d7 wp-block-columns-is-layout-flex\" id=\"millwashed\">\n<div class=\"wp-block-column is-vertically-aligned-center is-layout-flow wp-block-column-is-layout-flow\">\n<h2 class=\"wp-block-heading\">Der Millwashed<\/h2>\n\n\n\n<h3 class=\"wp-block-heading\">Ein Stoff mit spezieller Ausr\u00fcstung \u00a0f\u00fcr ein geschmeidiges und flie\u00dfendes Aussehen.<\/h3>\n\n\n\n<p>Die Fertigstellung MILLWASHED mischt\u00a0 mechanische und hydraulische Verfahren, um dem Stoff nach der Herstellung einen vollendeten Griff \u00a0zu geben ohne ihn zu waschen. Das Zubringen von warmer, feuchter Luft l\u00e4sst den Flor von Cord empor kommen, und macht dadurch unsere Sportswearstoffe geschmeidiger und flie\u00dfender.<\/p>\n<\/div>\n\n\n\n<div class=\"wp-block-column is-vertically-aligned-center is-layout-flow wp-block-column-is-layout-flow\">\n<figure class=\"wp-block-image size-page tissage right\"><img loading=\"lazy\" decoding=\"async\" width=\"820\" height=\"630\" src=\"https:\/\/www.velcorex.fr\/wp-content\/uploads\/2021\/04\/millwashed-820x630.jpg\" alt=\"\" class=\"wp-image-532\"\/><\/figure>\n<\/div>\n<\/div>\n<\/div><\/div>\n\n\n\n<div class=\"wp-block-group alignfull\"><div class=\"wp-block-group__inner-container is-layout-flow wp-block-group-is-layout-flow\">\n<div class=\"wp-block-columns are-vertically-aligned-center is-layout-flex wp-container-core-columns-is-layout-9d6595d7 wp-block-columns-is-layout-flex\" id=\"wasserabweisung\">\n<div class=\"wp-block-column is-vertically-aligned-center is-layout-flow wp-block-column-is-layout-flow\">\n<figure class=\"wp-block-image size-page tissage\"><img loading=\"lazy\" decoding=\"async\" width=\"820\" height=\"630\" src=\"https:\/\/www.velcorex.fr\/wp-content\/uploads\/2021\/06\/deperlant-820x630.jpg\" alt=\"\" class=\"wp-image-1259\"\/><\/figure>\n<\/div>\n\n\n\n<div class=\"wp-block-column is-vertically-aligned-center is-layout-flow wp-block-column-is-layout-flow\">\n<h2 class=\"wp-block-heading\">Das Effekt Wasserabweisung<\/h2>\n\n\n\n<h3 class=\"wp-block-heading\">Immer trocken bleiben<\/h3>\n\n\n\n<p>Die Behandlung, die einen Stoff wasserabweisend macht, besteht daraus dass man dem Stoff einen wasserabweisenden Film auftr\u00e4gt. Diese Behandlung ist ideal f\u00fcr \u201eOutdoor\u201c Kleidung.<\/p>\n<\/div>\n<\/div>\n<\/div><\/div>\n\n\n\n<p><\/p>\n","protected":false},"excerpt":{"rendered":"<p>Eine Haptik gleich einer Pfirsichhaut Eine flauschige, wohltuende Oberfl\u00e4che Das sanfte B\u00fcrsten des Stoffes l\u00e4sst die K\u00fcrzeren Faser an die Oberfl\u00e4che kommen und erzeugt somit eine Haptik die einer Pfirsichhaut gleicht. Der Stoff f\u00fchlt sich weicher und\u00a0 w\u00e4rmer an. Dieses Gef\u00fchl von Softness haben unsere Sportswearstoffe. \u00a0Die Kleidung wird bequemer, wie eine zweite Haut. Der [&hellip;]<\/p>\n","protected":false},"author":1,"featured_media":2060,"parent":0,"menu_order":0,"comment_status":"closed","ping_status":"closed","template":"page-produits.php","meta":{"_acf_changed":false,"_seopress_robots_primary_cat":"","_seopress_titles_title":"","_seopress_titles_desc":"Stoffe zu optimieren oder funktioneller zu machen, ben\u00f6tigt eine delikate Ausr\u00fcstung. Der Stoff wird mechanisch, hydraulisch, thermisch behandelt, immer in \u00dcbereinstimmung mit seinem Einsatzbereich.","_seopress_robots_index":"","advgb_blocks_editor_width":"","advgb_blocks_columns_visual_guide":"","footnotes":""},"class_list":["post-2924","page","type-page","status-publish","has-post-thumbnail","hentry"],"acf":[],"coauthors":[],"author_meta":{"author_link":"https:\/\/www.velcorex.fr\/de\/author\/studiowa\/","display_name":"WA!"},"relative_dates":{"created":"Ver\u00f6ffentlicht 5\u00a0Jahren vor","modified":"Aktualisiert 4\u00a0Jahren vor"},"absolute_dates":{"created":"Ver\u00f6ffentlicht am 16. April 2021","modified":"Aktualisiert am 3. November 2021"},"absolute_dates_time":{"created":"Ver\u00f6ffentlicht am 16. April 2021 14:48","modified":"Aktualisiert am 3. November 2021 18:25"},"featured_img_caption":"","featured_img":"https:\/\/www.velcorex.fr\/wp-content\/uploads\/2021\/04\/toucher.jpg","series_order":"","_links":{"self":[{"href":"https:\/\/www.velcorex.fr\/de\/wp-json\/wp\/v2\/pages\/2924","targetHints":{"allow":["GET"]}}],"collection":[{"href":"https:\/\/www.velcorex.fr\/de\/wp-json\/wp\/v2\/pages"}],"about":[{"href":"https:\/\/www.velcorex.fr\/de\/wp-json\/wp\/v2\/types\/page"}],"author":[{"embeddable":true,"href":"https:\/\/www.velcorex.fr\/de\/wp-json\/wp\/v2\/users\/1"}],"replies":[{"embeddable":true,"href":"https:\/\/www.velcorex.fr\/de\/wp-json\/wp\/v2\/comments?post=2924"}],"version-history":[{"count":0,"href":"https:\/\/www.velcorex.fr\/de\/wp-json\/wp\/v2\/pages\/2924\/revisions"}],"wp:featuredmedia":[{"embeddable":true,"href":"https:\/\/www.velcorex.fr\/de\/wp-json\/wp\/v2\/media\/2060"}],"wp:attachment":[{"href":"https:\/\/www.velcorex.fr\/de\/wp-json\/wp\/v2\/media?parent=2924"}],"curies":[{"name":"wp","href":"https:\/\/api.w.org\/{rel}","templated":true}]}}