{"id":2933,"date":"2021-04-16T14:26:30","date_gmt":"2021-04-16T12:26:30","guid":{"rendered":"https:\/\/www.velcorex.fr\/le-coton\/"},"modified":"2021-11-04T10:37:44","modified_gmt":"2021-11-04T09:37:44","slug":"die-baumwolle","status":"publish","type":"page","link":"https:\/\/www.velcorex.fr\/de\/die-baumwolle\/","title":{"rendered":"Die Baumwolle"},"content":{"rendered":"\n<div class=\"wp-block-buttons is-content-justification-center is-layout-flex wp-block-buttons-is-layout-flex\">\n<div class=\"wp-block-button btn-cta btn-cta-tx\"><a class=\"wp-block-button__link\" href=\"https:\/\/www.velcorex.fr\/de\/tissutex\/\">Unsere Gewebe im Gewebe entdecken<\/a><\/div>\n<\/div>\n\n\n\n<div class=\"wp-block-group\"><div class=\"wp-block-group__inner-container is-layout-flow wp-block-group-is-layout-flow\">\n<div class=\"wp-block-columns alignfull are-vertically-aligned-center is-layout-flex wp-container-core-columns-is-layout-9d6595d7 wp-block-columns-is-layout-flex\">\n<div class=\"wp-block-column is-vertically-aligned-center is-layout-flow wp-block-column-is-layout-flow\">\n<figure class=\"wp-block-gallery columns-1 is-cropped tissage wp-block-gallery-1\"><ul class=\"blocks-gallery-grid\"><li class=\"blocks-gallery-item\"><figure><img loading=\"lazy\" decoding=\"async\" width=\"730\" height=\"680\" src=\"https:\/\/www.velcorex.fr\/wp-content\/uploads\/2021\/04\/coton-jura.jpg\" alt=\"\" data-id=\"629\" data-full-url=\"https:\/\/www.velcorex.fr\/wp-content\/uploads\/2021\/04\/coton-jura.jpg\" data-link=\"https:\/\/www.velcorex.fr\/le-coton\/coton-jura\/\" class=\"wp-image-629\" srcset=\"https:\/\/www.velcorex.fr\/wp-content\/uploads\/2021\/04\/coton-jura.jpg 730w, https:\/\/www.velcorex.fr\/wp-content\/uploads\/2021\/04\/coton-jura-676x630.jpg 676w\" sizes=\"auto, (max-width: 730px) 100vw, 730px\" \/><\/figure><\/li><li class=\"blocks-gallery-item\"><figure><img loading=\"lazy\" decoding=\"async\" width=\"320\" height=\"320\" src=\"https:\/\/www.velcorex.fr\/wp-content\/uploads\/2021\/04\/echantillon-coton.png\" alt=\"\" data-id=\"630\" data-full-url=\"https:\/\/www.velcorex.fr\/wp-content\/uploads\/2021\/04\/echantillon-coton.png\" data-link=\"https:\/\/www.velcorex.fr\/le-coton\/echantillon-coton\/\" class=\"wp-image-630 is-layout-flex wp-block-gallery-is-layout-flex\" srcset=\"https:\/\/www.velcorex.fr\/wp-content\/uploads\/2021\/04\/echantillon-coton.png 320w, https:\/\/www.velcorex.fr\/wp-content\/uploads\/2021\/04\/echantillon-coton-150x150.png 150w\" sizes=\"auto, (max-width: 320px) 100vw, 320px\" \/><\/figure><\/li><\/ul><\/figure>\n<\/div>\n\n\n\n<div class=\"wp-block-column is-vertically-aligned-center is-layout-flow wp-block-column-is-layout-flow\">\n<h2 class=\"wp-block-heading\"><strong>Die Baumwolle<\/strong><\/h2>\n\n\n\n<h3 class=\"wp-block-heading\">Eine Faser, mehrere Einsatzbereiche<\/h3>\n\n\n\n<p>Die Baumwolle ist eine Pflanzenfaser, nat\u00fcrlich sanft, geschmeidig, mit guter Feuchtigkeits-regulierung. Baumwolle ist die am meisten benutzte Naturfaser in der Bekleidungsindustrie. Wir verarbeiten die Baumwolle auf verschiedene Art und f\u00fcr alle Jahreszeiten.<\/p>\n\n\n\n<p>F\u00fcr den Sommer in Gabardine, Satins und leichte Leinen und auch in Mischungen, verleiht Baumwolle unseren Stoffen unvergleichbare temperaturausgleichende Eigenschafften.&nbsp; Mit Tencel gemischt, wird der Stoff soft und fliesend.<\/p>\n\n\n\n<p>F\u00fcr den Winter, wird die Baumwolle als Cord und Samt eingesetzt und ist besonders warm, soft<br>&nbsp;und bequem. Bei Sportswear ist Baumwolle in verschiedenen Bindungsarten, wie Chevrons etc.verf\u00fcgbar. Gemischt mit regenerierten Fasern entstehen mehr Elastizit\u00e4t und Bequemlichkeit.<\/p>\n<\/div>\n<\/div>\n<\/div><\/div>\n\n\n\n<div class=\"wp-block-group alignfull bg-anth\"><div class=\"wp-block-group__inner-container is-layout-flow wp-block-group-is-layout-flow\">\n<div class=\"wp-block-columns are-vertically-aligned-center is-layout-flex wp-container-core-columns-is-layout-9d6595d7 wp-block-columns-is-layout-flex\">\n<div class=\"wp-block-column is-vertically-aligned-center is-layout-flow wp-block-column-is-layout-flow\">\n<h3 class=\"wp-block-heading\">Eine nat\u00fcrliche, wiederverwertbare und haltbare Faser<\/h3>\n\n\n\n<p>Diese nat\u00fcrliche Faser geh\u00f6rt zu der DNA unseres Betriebes. Seit seiner Gr\u00fcndung 1828, verarbeitet Velcorex Baumwolle. Die Faser der Baumwolle wird aus der Bl\u00fcte extrahiert. Baumwolle wird in tropischen und subtropischen L\u00e4nder gepflanzt. Die L\u00e4nge und die Struktur der Faser geben alle Eigenschaften um leichten und haltbaren Garn zu spinnen, der sp\u00e4ter in Stoffe gewebt wird.<\/p>\n\n\n\n<p>Wir haben eine Partnerschaft mit der \u201e Better Cotton Initiative\u201cBCI. Wenn die Baumwolle, die wir verarbeiten nicht aus der Bio -Landwirtschaft&nbsp; oder \u201e Cotton USA \u201e stammt, ist sie BCI zertifiziert.<\/p>\n\n\n\n<p>Dies versichert dass die Erzeugung r\u00fcckverfolgbar ist und die&nbsp; Menschenrechte respektiert. werden.<\/p>\n\n\n\n<div class=\"wp-block-buttons is-layout-flex wp-block-buttons-is-layout-flex\">\n<div class=\"wp-block-button btn-light is-style-outline is-style-outline--2\"><a class=\"wp-block-button__link\" href=\"https:\/\/www.velcorex.fr\/de\/nos-engagements\/\">Velcorex setzt sich f\u00fcr die Umwelt ein<\/a><\/div>\n<\/div>\n<\/div>\n\n\n\n<div class=\"wp-block-column is-vertically-aligned-center is-layout-flow wp-block-column-is-layout-flow\">\n<figure class=\"wp-block-image size-page tissage right\"><img loading=\"lazy\" decoding=\"async\" width=\"820\" height=\"630\" src=\"https:\/\/www.velcorex.fr\/wp-content\/uploads\/2021\/04\/coton-resistant-820x630.jpg\" alt=\"\" class=\"wp-image-633\"\/><\/figure>\n<\/div>\n<\/div>\n<\/div><\/div>\n\n\n\n<div class=\"wp-block-group\"><div class=\"wp-block-group__inner-container is-layout-flow wp-block-group-is-layout-flow\">\n<h3 class=\"has-text-align-center center wp-block-heading\">Die Vorteile der Baumwolle<\/h3>\n\n\n\n<div style=\"height:30px\" aria-hidden=\"true\" class=\"wp-block-spacer\"><\/div>\n\n\n\n<div class=\"wp-block-columns is-layout-flex wp-container-core-columns-is-layout-9d6595d7 wp-block-columns-is-layout-flex\">\n<div class=\"wp-block-column is-layout-flow wp-block-column-is-layout-flow\">\n<div class=\"wp-block-image\"><figure class=\"aligncenter size-large\"><img loading=\"lazy\" decoding=\"async\" width=\"180\" height=\"180\" src=\"https:\/\/www.velcorex.fr\/wp-content\/uploads\/2021\/04\/coton.png\" alt=\"\" class=\"wp-image-409\" srcset=\"https:\/\/www.velcorex.fr\/wp-content\/uploads\/2021\/04\/coton.png 180w, https:\/\/www.velcorex.fr\/wp-content\/uploads\/2021\/04\/coton-150x150.png 150w\" sizes=\"auto, (max-width: 180px) 100vw, 180px\" \/><\/figure><\/div>\n\n\n\n<h4 class=\"has-text-align-center wp-block-heading\">Eine wiederverwertbare und biologisch abbaubare Pflanzenfaser<\/h4>\n\n\n\n<p class=\"has-text-align-center\">Wenn Baumwolle nicht mit k\u00fcnstlichen Fasern gemischt wird, ist sie wie jede nat\u00fcrliche Pflanzenfaser 100% biologisch abbaubar und wiederverwertbar.<\/p>\n<\/div>\n\n\n\n<div class=\"wp-block-column is-layout-flow wp-block-column-is-layout-flow\">\n<div class=\"wp-block-image\"><figure class=\"aligncenter size-large\"><img loading=\"lazy\" decoding=\"async\" width=\"180\" height=\"180\" src=\"https:\/\/www.velcorex.fr\/wp-content\/uploads\/2021\/04\/doux-1.png\" alt=\"\" class=\"wp-image-274\" srcset=\"https:\/\/www.velcorex.fr\/wp-content\/uploads\/2021\/04\/doux-1.png 180w, https:\/\/www.velcorex.fr\/wp-content\/uploads\/2021\/04\/doux-1-150x150.png 150w\" sizes=\"auto, (max-width: 180px) 100vw, 180px\" \/><\/figure><\/div>\n\n\n\n<h4 class=\"has-text-align-center wp-block-heading\">Eine von Natur aus sanfte Faser<\/h4>\n\n\n\n<p class=\"has-text-align-center\">Wir benutzen Baumwolle weil die Faser rund und sehr fein ist. Mit diesen Eigenschafften erreichen wir softe, fliesende Stoffe.<\/p>\n<\/div>\n\n\n\n<div class=\"wp-block-column is-layout-flow wp-block-column-is-layout-flow\">\n<div class=\"wp-block-image\"><figure class=\"aligncenter size-large\"><img loading=\"lazy\" decoding=\"async\" width=\"180\" height=\"180\" src=\"https:\/\/www.velcorex.fr\/wp-content\/uploads\/2021\/04\/respirant.png\" alt=\"\" class=\"wp-image-276\" srcset=\"https:\/\/www.velcorex.fr\/wp-content\/uploads\/2021\/04\/respirant.png 180w, https:\/\/www.velcorex.fr\/wp-content\/uploads\/2021\/04\/respirant-150x150.png 150w\" sizes=\"auto, (max-width: 180px) 100vw, 180px\" \/><\/figure><\/div>\n\n\n\n<h4 class=\"has-text-align-center wp-block-heading\">Eine ausgezeichnete Luftdurchl\u00e4ssigkeit<\/h4>\n\n\n\n<p class=\"has-text-align-center\">Baumwolle ist zugleich sehr saugf\u00e4hig und atmungsaktiv. Sie reguliert die K\u00f6rperfeuchtigkeit und erm\u00f6glicht die Atmung der Haut.<\/p>\n<\/div>\n<\/div>\n<\/div><\/div>\n","protected":false},"excerpt":{"rendered":"<p>Die Baumwolle Eine Faser, mehrere Einsatzbereiche Die Baumwolle ist eine Pflanzenfaser, nat\u00fcrlich sanft, geschmeidig, mit guter Feuchtigkeits-regulierung. Baumwolle ist die am meisten benutzte Naturfaser in der Bekleidungsindustrie. Wir verarbeiten die Baumwolle auf verschiedene Art und f\u00fcr alle Jahreszeiten. F\u00fcr den Sommer in Gabardine, Satins und leichte Leinen und auch in Mischungen, verleiht Baumwolle unseren Stoffen [&hellip;]<\/p>\n","protected":false},"author":1,"featured_media":2962,"parent":0,"menu_order":0,"comment_status":"closed","ping_status":"closed","template":"page-produits.php","meta":{"_acf_changed":false,"_seopress_robots_primary_cat":"","_seopress_titles_title":"","_seopress_titles_desc":"Die Baumwolle ist eine Pflanzenfaser, nat\u00fcrlich sanft, geschmeidig, mit guter Feuchtigkeits-regulierung. Baumwolle ist die am meisten benutzte Naturfaser in der Bekleidungsindustrie. Wir verarbeiten die Baumwolle auf verschiedene Art und f\u00fcr alle Jahreszeiten.","_seopress_robots_index":"","advgb_blocks_editor_width":"","advgb_blocks_columns_visual_guide":"","footnotes":""},"class_list":["post-2933","page","type-page","status-publish","has-post-thumbnail","hentry"],"acf":[],"coauthors":[],"author_meta":{"author_link":"https:\/\/www.velcorex.fr\/de\/author\/studiowa\/","display_name":"WA!"},"relative_dates":{"created":"Ver\u00f6ffentlicht 5\u00a0Jahren vor","modified":"Aktualisiert 4\u00a0Jahren vor"},"absolute_dates":{"created":"Ver\u00f6ffentlicht am 16. April 2021","modified":"Aktualisiert am 4. November 2021"},"absolute_dates_time":{"created":"Ver\u00f6ffentlicht am 16. April 2021 14:26","modified":"Aktualisiert am 4. November 2021 10:37"},"featured_img_caption":"","featured_img":"https:\/\/www.velcorex.fr\/wp-content\/uploads\/2021\/10\/coton.jpg","series_order":"","_links":{"self":[{"href":"https:\/\/www.velcorex.fr\/de\/wp-json\/wp\/v2\/pages\/2933","targetHints":{"allow":["GET"]}}],"collection":[{"href":"https:\/\/www.velcorex.fr\/de\/wp-json\/wp\/v2\/pages"}],"about":[{"href":"https:\/\/www.velcorex.fr\/de\/wp-json\/wp\/v2\/types\/page"}],"author":[{"embeddable":true,"href":"https:\/\/www.velcorex.fr\/de\/wp-json\/wp\/v2\/users\/1"}],"replies":[{"embeddable":true,"href":"https:\/\/www.velcorex.fr\/de\/wp-json\/wp\/v2\/comments?post=2933"}],"version-history":[{"count":0,"href":"https:\/\/www.velcorex.fr\/de\/wp-json\/wp\/v2\/pages\/2933\/revisions"}],"wp:featuredmedia":[{"embeddable":true,"href":"https:\/\/www.velcorex.fr\/de\/wp-json\/wp\/v2\/media\/2962"}],"wp:attachment":[{"href":"https:\/\/www.velcorex.fr\/de\/wp-json\/wp\/v2\/media?parent=2933"}],"curies":[{"name":"wp","href":"https:\/\/api.w.org\/{rel}","templated":true}]}}