{"id":2944,"date":"2021-04-16T11:08:17","date_gmt":"2021-04-16T09:08:17","guid":{"rendered":"https:\/\/www.velcorex.fr\/le-lin\/"},"modified":"2021-11-04T09:11:53","modified_gmt":"2021-11-04T08:11:53","slug":"leinen","status":"publish","type":"page","link":"https:\/\/www.velcorex.fr\/de\/leinen\/","title":{"rendered":"Leinen"},"content":{"rendered":"\n<div class=\"wp-block-buttons is-content-justification-center is-layout-flex wp-block-buttons-is-layout-flex\">\n<div class=\"wp-block-button btn-cta btn-cta-tx\"><a class=\"wp-block-button__link\" href=\"https:\/\/www.velcorex.fr\/de\/tissutex\/\">Unsere Gewebe im Gewebe entdecken<\/a><\/div>\n<\/div>\n\n\n\n<div class=\"wp-block-group\"><div class=\"wp-block-group__inner-container is-layout-flow wp-block-group-is-layout-flow\">\n<div class=\"wp-block-columns alignfull are-vertically-aligned-center is-layout-flex wp-container-core-columns-is-layout-9d6595d7 wp-block-columns-is-layout-flex\">\n<div class=\"wp-block-column is-vertically-aligned-center is-layout-flow wp-block-column-is-layout-flow\">\n<figure class=\"wp-block-gallery columns-1 is-cropped tissage wp-block-gallery-1\"><ul class=\"blocks-gallery-grid\"><li class=\"blocks-gallery-item\"><figure><img loading=\"lazy\" decoding=\"async\" width=\"730\" height=\"680\" src=\"https:\/\/www.velcorex.fr\/wp-content\/uploads\/2021\/04\/usine-11.jpg\" alt=\"\" data-id=\"620\" data-full-url=\"https:\/\/www.velcorex.fr\/wp-content\/uploads\/2021\/04\/usine-11.jpg\" data-link=\"https:\/\/www.velcorex.fr\/le-lin\/usine-11\/\" class=\"wp-image-620\" srcset=\"https:\/\/www.velcorex.fr\/wp-content\/uploads\/2021\/04\/usine-11.jpg 730w, https:\/\/www.velcorex.fr\/wp-content\/uploads\/2021\/04\/usine-11-676x630.jpg 676w\" sizes=\"auto, (max-width: 730px) 100vw, 730px\" \/><\/figure><\/li><li class=\"blocks-gallery-item\"><figure><img loading=\"lazy\" decoding=\"async\" width=\"320\" height=\"320\" src=\"https:\/\/www.velcorex.fr\/wp-content\/uploads\/2021\/04\/echantillon-lin.png\" alt=\"\" data-id=\"618\" data-full-url=\"https:\/\/www.velcorex.fr\/wp-content\/uploads\/2021\/04\/echantillon-lin.png\" data-link=\"https:\/\/www.velcorex.fr\/le-lin\/echantillon-lin\/\" class=\"wp-image-618 is-layout-flex wp-block-gallery-is-layout-flex\" srcset=\"https:\/\/www.velcorex.fr\/wp-content\/uploads\/2021\/04\/echantillon-lin.png 320w, https:\/\/www.velcorex.fr\/wp-content\/uploads\/2021\/04\/echantillon-lin-150x150.png 150w\" sizes=\"auto, (max-width: 320px) 100vw, 320px\" \/><\/figure><\/li><\/ul><\/figure>\n<\/div>\n\n\n\n<div class=\"wp-block-column is-vertically-aligned-center is-layout-flow wp-block-column-is-layout-flow\">\n<h2 class=\"wp-block-heading\">Leinen<\/h2>\n\n\n\n<h3 class=\"wp-block-heading\">Frische und Widerstandsf\u00e4higkeit verbinden<\/h3>\n\n\n\n<p>Wir verwenden Leinenstoffe f\u00fcr alle Arten von Bekleidung vom&nbsp; \u201eWorkwear\u201c bis zu \u201aCasual wear. Leinen kann einfach und sportiv aber auch sehr feminin eingesetzt werden.<\/p>\n\n\n\n<p>F\u00fcr mehr Dauerhaftigkeit, ben\u00fctzen wir Leinen, verbunden mit nat\u00fcrlichen Pflanzenfasern oder mit regenerierter Faser. Die Produkte sind dadurch 100% biologisch abbaubar.<\/p>\n\n\n\n<p>Leinen ist ein ausgezeichneter W\u00e4rmeregler. Im Sommer, bringt er Frische und Bequemlichkeit. Verbunden mit Tencel , werden unsere Leinenstoffe soft und flie\u00dfend. Mit Baumwolle gemischt wird Leinen mehr Casual. Wir bieten auch eine Reihe100% Leinenartikel an die einen authentischen Charakter haben und einen k\u00fchlen Griff haben.<\/p>\n<\/div>\n<\/div>\n<\/div><\/div>\n\n\n\n<div class=\"wp-block-group alignfull bg-anth\"><div class=\"wp-block-group__inner-container is-layout-flow wp-block-group-is-layout-flow\">\n<div class=\"wp-block-columns are-vertically-aligned-center is-layout-flex wp-container-core-columns-is-layout-9d6595d7 wp-block-columns-is-layout-flex\">\n<div class=\"wp-block-column is-vertically-aligned-center is-layout-flow wp-block-column-is-layout-flow\">\n<h3 class=\"wp-block-heading\">Vom Saat bis zum fertigen Stoff, eine garantierte Ruckverfolgbarkeit und einen geringen CO<sub>2<\/sub> Abdruck<\/h3>\n\n\n\n<p>Die nat\u00fcrliche, erneuerbare \u00f6kologische Leinfaser stammt aus einer vern\u00fcnftigen Landwirtschaft. Dir Kultur des Leinen integriert sich in eine Wechselwirtschaft die zur Verbesserung der Bodenfruchtbarkeit, der ausgewogenen Bio-Diversit\u00e4t&nbsp; beitr\u00e4gt und vorteilhaft ist f\u00fcr die kultivierten Anbaufl\u00e4chen.<\/p>\n\n\n\n<p>Der Leinen wird in Frankreich gepflanzt, und ist Teil einer Lokalkette mit regionalem Know How.<\/p>\n\n\n\n<p>Unsere Lieferanten entwickeln stets neue Sorten die gegen Krankheiten resistent sind und eine au\u00dferordentliche Qualit\u00e4t ohne GVO ( OGM) garantieren.<\/p>\n\n\n\n<p>Wir verpflichten uns und arbeiten f\u00fcr eine dauerhafte und lokale, umweltgerechte Produktion. Wir investieren u.a. in das Projekt der Wiedereinf\u00fchrung einer Leinenspinnerei und einer kompletten Produktionskette von Leinen in Frankreich.<\/p>\n\n\n\n<div class=\"wp-block-buttons is-layout-flex wp-block-buttons-is-layout-flex\">\n<div class=\"wp-block-button btn-light is-style-outline is-style-outline--2\"><a class=\"wp-block-button__link\" href=\"https:\/\/www.velcorex.fr\/de\/nos-engagements\/\">Velcorex setzt sich f\u00fcr die Umwelt ein<\/a><\/div>\n<\/div>\n<\/div>\n\n\n\n<div class=\"wp-block-column is-vertically-aligned-center is-layout-flow wp-block-column-is-layout-flow\">\n<figure class=\"wp-block-image size-large tissage right\"><img loading=\"lazy\" decoding=\"async\" width=\"1024\" height=\"768\" src=\"https:\/\/www.velcorex.fr\/wp-content\/uploads\/2021\/06\/lin-en-capsules-1024x768.jpg\" alt=\"\" class=\"wp-image-1271\" srcset=\"https:\/\/www.velcorex.fr\/wp-content\/uploads\/2021\/06\/lin-en-capsules-1024x768.jpg 1024w, https:\/\/www.velcorex.fr\/wp-content\/uploads\/2021\/06\/lin-en-capsules-820x615.jpg 820w, https:\/\/www.velcorex.fr\/wp-content\/uploads\/2021\/06\/lin-en-capsules-768x576.jpg 768w, https:\/\/www.velcorex.fr\/wp-content\/uploads\/2021\/06\/lin-en-capsules.jpg 1200w\" sizes=\"auto, (max-width: 1024px) 100vw, 1024px\" \/><\/figure>\n<\/div>\n<\/div>\n<\/div><\/div>\n\n\n\n<div class=\"wp-block-group\"><div class=\"wp-block-group__inner-container is-layout-flow wp-block-group-is-layout-flow\">\n<h3 class=\"has-text-align-center center wp-block-heading\">Vorteile von Leinen<\/h3>\n\n\n\n<div style=\"height:30px\" aria-hidden=\"true\" class=\"wp-block-spacer\"><\/div>\n\n\n\n<div class=\"wp-block-columns is-layout-flex wp-container-core-columns-is-layout-9d6595d7 wp-block-columns-is-layout-flex\">\n<div class=\"wp-block-column is-layout-flow wp-block-column-is-layout-flow\">\n<div class=\"wp-block-image\"><figure class=\"aligncenter size-large\"><img loading=\"lazy\" decoding=\"async\" width=\"180\" height=\"180\" src=\"https:\/\/www.velcorex.fr\/wp-content\/uploads\/2021\/04\/icone-fibre-1.png\" alt=\"\" class=\"wp-image-273\" srcset=\"https:\/\/www.velcorex.fr\/wp-content\/uploads\/2021\/04\/icone-fibre-1.png 180w, https:\/\/www.velcorex.fr\/wp-content\/uploads\/2021\/04\/icone-fibre-1-150x150.png 150w\" sizes=\"auto, (max-width: 180px) 100vw, 180px\" \/><\/figure><\/div>\n\n\n\n<h4 class=\"has-text-align-center wp-block-heading\">Eine dauerhafte und umweltfreundliche Faser<\/h4>\n\n\n\n<p class=\"has-text-align-center\">Vom Anbau bis zur Veredlung des Stoffes, braucht Leinen nur wenig Wasser und Energie. Leinen ist abbaubar und wiederverwertbar.<\/p>\n<\/div>\n\n\n\n<div class=\"wp-block-column is-layout-flow wp-block-column-is-layout-flow\">\n<div class=\"wp-block-image\"><figure class=\"aligncenter size-large\"><img loading=\"lazy\" decoding=\"async\" width=\"180\" height=\"180\" src=\"https:\/\/www.velcorex.fr\/wp-content\/uploads\/2021\/04\/resistant.png\" alt=\"\" class=\"wp-image-282\" srcset=\"https:\/\/www.velcorex.fr\/wp-content\/uploads\/2021\/04\/resistant.png 180w, https:\/\/www.velcorex.fr\/wp-content\/uploads\/2021\/04\/resistant-150x150.png 150w\" sizes=\"auto, (max-width: 180px) 100vw, 180px\" \/><\/figure><\/div>\n\n\n\n<h4 class=\"has-text-align-center wp-block-heading\">Ein sehr resistenter Stoff<\/h4>\n\n\n\n<p class=\"has-text-align-center\">Leinstoffe sind zeitlos, haltbar, ausdauernd und tragen zu einer dauerhaften und ethischen Textilindustrie bei.<\/p>\n<\/div>\n\n\n\n<div class=\"wp-block-column is-layout-flow wp-block-column-is-layout-flow\">\n<div class=\"wp-block-image\"><figure class=\"aligncenter size-large\"><img loading=\"lazy\" decoding=\"async\" width=\"180\" height=\"180\" src=\"https:\/\/www.velcorex.fr\/wp-content\/uploads\/2021\/04\/local-1.png\" alt=\"\" class=\"wp-image-275\" srcset=\"https:\/\/www.velcorex.fr\/wp-content\/uploads\/2021\/04\/local-1.png 180w, https:\/\/www.velcorex.fr\/wp-content\/uploads\/2021\/04\/local-1-150x150.png 150w\" sizes=\"auto, (max-width: 180px) 100vw, 180px\" \/><\/figure><\/div>\n\n\n\n<h4 class=\"has-text-align-center wp-block-heading\">Eine lokale Lieferkette expandiert.<\/h4>\n\n\n\n<p class=\"has-text-align-center\">Die Kette des Leinen garantiert Qualit\u00e4t und R\u00fcckverfolgbarkeit, da sie lokal ist<\/p>\n<\/div>\n<\/div>\n<\/div><\/div>\n","protected":false},"excerpt":{"rendered":"<p>Leinen Frische und Widerstandsf\u00e4higkeit verbinden Wir verwenden Leinenstoffe f\u00fcr alle Arten von Bekleidung vom&nbsp; \u201eWorkwear\u201c bis zu \u201aCasual wear. Leinen kann einfach und sportiv aber auch sehr feminin eingesetzt werden. F\u00fcr mehr Dauerhaftigkeit, ben\u00fctzen wir Leinen, verbunden mit nat\u00fcrlichen Pflanzenfasern oder mit regenerierter Faser. Die Produkte sind dadurch 100% biologisch abbaubar. Leinen ist ein ausgezeichneter [&hellip;]<\/p>\n","protected":false},"author":1,"featured_media":2034,"parent":0,"menu_order":0,"comment_status":"closed","ping_status":"closed","template":"page-produits.php","meta":{"_acf_changed":false,"_seopress_robots_primary_cat":"","_seopress_titles_title":"","_seopress_titles_desc":"Wir verwenden Leinenstoffe f\u00fcr alle Arten von Bekleidung vom\u00a0 \u201eWorkwear\u201c bis zu \u201aCasual wear. Leinen kann einfach und sportiv aber auch sehr feminin eingesetzt werden.","_seopress_robots_index":"","advgb_blocks_editor_width":"","advgb_blocks_columns_visual_guide":"","footnotes":""},"class_list":["post-2944","page","type-page","status-publish","has-post-thumbnail","hentry"],"acf":[],"coauthors":[],"author_meta":{"author_link":"https:\/\/www.velcorex.fr\/de\/author\/studiowa\/","display_name":"WA!"},"relative_dates":{"created":"Ver\u00f6ffentlicht 5\u00a0Jahren vor","modified":"Aktualisiert 4\u00a0Jahren vor"},"absolute_dates":{"created":"Ver\u00f6ffentlicht am 16. April 2021","modified":"Aktualisiert am 4. November 2021"},"absolute_dates_time":{"created":"Ver\u00f6ffentlicht am 16. April 2021 11:08","modified":"Aktualisiert am 4. November 2021 9:11"},"featured_img_caption":"","featured_img":"https:\/\/www.velcorex.fr\/wp-content\/uploads\/2021\/04\/lin.jpg","series_order":"","_links":{"self":[{"href":"https:\/\/www.velcorex.fr\/de\/wp-json\/wp\/v2\/pages\/2944","targetHints":{"allow":["GET"]}}],"collection":[{"href":"https:\/\/www.velcorex.fr\/de\/wp-json\/wp\/v2\/pages"}],"about":[{"href":"https:\/\/www.velcorex.fr\/de\/wp-json\/wp\/v2\/types\/page"}],"author":[{"embeddable":true,"href":"https:\/\/www.velcorex.fr\/de\/wp-json\/wp\/v2\/users\/1"}],"replies":[{"embeddable":true,"href":"https:\/\/www.velcorex.fr\/de\/wp-json\/wp\/v2\/comments?post=2944"}],"version-history":[{"count":0,"href":"https:\/\/www.velcorex.fr\/de\/wp-json\/wp\/v2\/pages\/2944\/revisions"}],"wp:featuredmedia":[{"embeddable":true,"href":"https:\/\/www.velcorex.fr\/de\/wp-json\/wp\/v2\/media\/2034"}],"wp:attachment":[{"href":"https:\/\/www.velcorex.fr\/de\/wp-json\/wp\/v2\/media?parent=2944"}],"curies":[{"name":"wp","href":"https:\/\/api.w.org\/{rel}","templated":true}]}}