{"id":2966,"date":"2021-04-15T10:34:46","date_gmt":"2021-04-15T08:34:46","guid":{"rendered":"https:\/\/www.velcorex.fr\/velours\/"},"modified":"2021-11-04T09:25:04","modified_gmt":"2021-11-04T08:25:04","slug":"cord","status":"publish","type":"page","link":"https:\/\/www.velcorex.fr\/de\/cord\/","title":{"rendered":"Cord"},"content":{"rendered":"\n<div class=\"wp-block-buttons is-content-justification-center is-layout-flex wp-block-buttons-is-layout-flex\">\n<div class=\"wp-block-button btn-cta btn-cta-tx\"><a class=\"wp-block-button__link\" href=\"https:\/\/www.velcorex.fr\/de\/tissutex\/\">Unsere Gewebe im Gewebe entdecken<\/a><\/div>\n<\/div>\n\n\n\n<div class=\"wp-block-group\"><div class=\"wp-block-group__inner-container is-layout-flow wp-block-group-is-layout-flow\">\n<div class=\"wp-block-columns alignfull are-vertically-aligned-center is-layout-flex wp-container-core-columns-is-layout-9d6595d7 wp-block-columns-is-layout-flex\">\n<div class=\"wp-block-column is-vertically-aligned-center is-layout-flow wp-block-column-is-layout-flow\">\n<figure class=\"wp-block-gallery columns-1 is-cropped tissage wp-block-gallery-1\"><ul class=\"blocks-gallery-grid\"><li class=\"blocks-gallery-item\"><figure><img loading=\"lazy\" decoding=\"async\" width=\"1200\" height=\"830\" src=\"https:\/\/www.velcorex.fr\/wp-content\/uploads\/2021\/04\/velours-13.jpg\" alt=\"\" data-id=\"601\" data-full-url=\"https:\/\/www.velcorex.fr\/wp-content\/uploads\/2021\/04\/velours-13.jpg\" data-link=\"https:\/\/www.velcorex.fr\/velours\/velours-13\/\" class=\"wp-image-601\" srcset=\"https:\/\/www.velcorex.fr\/wp-content\/uploads\/2021\/04\/velours-13.jpg 1200w, https:\/\/www.velcorex.fr\/wp-content\/uploads\/2021\/04\/velours-13-820x567.jpg 820w, https:\/\/www.velcorex.fr\/wp-content\/uploads\/2021\/04\/velours-13-1024x708.jpg 1024w, https:\/\/www.velcorex.fr\/wp-content\/uploads\/2021\/04\/velours-13-768x531.jpg 768w\" sizes=\"auto, (max-width: 1200px) 100vw, 1200px\" \/><\/figure><\/li><li class=\"blocks-gallery-item\"><figure><img loading=\"lazy\" decoding=\"async\" width=\"1200\" height=\"1200\" src=\"https:\/\/www.velcorex.fr\/wp-content\/uploads\/2021\/04\/velours-48-vignette.jpg\" alt=\"\" data-id=\"604\" data-full-url=\"https:\/\/www.velcorex.fr\/wp-content\/uploads\/2021\/04\/velours-48-vignette.jpg\" data-link=\"https:\/\/www.velcorex.fr\/velours\/velours-48-vignette\/\" class=\"wp-image-604 is-layout-flex wp-block-gallery-is-layout-flex\" srcset=\"https:\/\/www.velcorex.fr\/wp-content\/uploads\/2021\/04\/velours-48-vignette.jpg 1200w, https:\/\/www.velcorex.fr\/wp-content\/uploads\/2021\/04\/velours-48-vignette-630x630.jpg 630w, https:\/\/www.velcorex.fr\/wp-content\/uploads\/2021\/04\/velours-48-vignette-1024x1024.jpg 1024w, https:\/\/www.velcorex.fr\/wp-content\/uploads\/2021\/04\/velours-48-vignette-150x150.jpg 150w, https:\/\/www.velcorex.fr\/wp-content\/uploads\/2021\/04\/velours-48-vignette-768x768.jpg 768w, https:\/\/www.velcorex.fr\/wp-content\/uploads\/2021\/04\/velours-48-vignette-750x750.jpg 750w\" sizes=\"auto, (max-width: 1200px) 100vw, 1200px\" \/><\/figure><\/li><\/ul><\/figure>\n<\/div>\n\n\n\n<div class=\"wp-block-column is-vertically-aligned-center is-layout-flow wp-block-column-is-layout-flow\">\n<h2 class=\"wp-block-heading\">Cord<\/h2>\n\n\n\n<h3 class=\"wp-block-heading\">Der Kern unseres Handwerks<\/h3>\n\n\n\n<p>Cord ist in vielf\u00e4ltigen Bereichen und verschiedenen Varianten vorhanden. Cord ist f\u00fcr seine Softheit und sein W\u00e4rmegef\u00fchl bekannt.<\/p>\n\n\n\n<p>Unser Cord, ob stabil, elastisch, flie\u00dfend, gl\u00e4nzend oder matt, ist von ungleichbarer Qualit\u00e4t. Die Kompetenzen in der Cord produktion erlauben uns stets Erneuerung, bessere Ausr\u00fcstungen und die besten Schneidetechniken zu erforschen um uns in der Herstellung von diesem edlen und anspruchsvollen Produkt auszuzeichnen.<\/p>\n\n\n\n<div class=\"wp-block-buttons is-layout-flex wp-block-buttons-is-layout-flex\"><\/div>\n<\/div>\n<\/div>\n<\/div><\/div>\n\n\n\n<div class=\"wp-block-group alignfull bg-anth\"><div class=\"wp-block-group__inner-container is-layout-flow wp-block-group-is-layout-flow\">\n<div class=\"wp-block-columns are-vertically-aligned-center is-layout-flex wp-container-core-columns-is-layout-9d6595d7 wp-block-columns-is-layout-flex\">\n<div class=\"wp-block-column is-vertically-aligned-center is-layout-flow wp-block-column-is-layout-flow\">\n<h3 class=\"wp-block-heading\">Vollkommene Fachkenntnis des Cords.<\/h3>\n\n\n\n<p>Wir beherrschen die Herstellung von Cord vom Faden bis zum fertigen Produkt. Die Arbeit beginnt mit der Weberei, wo eine besondere Strenge und Aufmerksamkeit in der Auswahl der Werkstoffe und in der Einstellung der F\u00e4den verlangt wird.<\/p>\n\n\n\n<p>Das Schneiden des Cords ist eine entscheidende Stufe in der Herstellung. Der Cord wird sorgf\u00e4ltig in unseren Werkst\u00e4tten geschnitten. Diese Eigenschaft erm\u00f6glicht uns eine gro\u00dfe Kreativit\u00e4t mit &nbsp;mehr oder wenig ebenm\u00e4\u00dfigen, oder breiten Rippen.<\/p>\n\n\n\n<p>Die F\u00e4rbung des Cords fordert eine eigent\u00fcmliche Sachverst\u00e4ndigkeit. Durch die Arbeitsweise, die wir in unseren Produktionsst\u00e4tten eingef\u00fchrt haben, k\u00f6nnen wir in der Entwicklung und der Herstellung des Cords leistungsf\u00e4higer sein.<\/p>\n<\/div>\n\n\n\n<div class=\"wp-block-column is-vertically-aligned-center is-layout-flow wp-block-column-is-layout-flow\">\n<figure class=\"wp-block-image size-page tissage right\"><img loading=\"lazy\" decoding=\"async\" width=\"820\" height=\"630\" src=\"https:\/\/www.velcorex.fr\/wp-content\/uploads\/2021\/04\/connaissance-820x630.jpg\" alt=\"\" class=\"wp-image-609\"\/><\/figure>\n<\/div>\n<\/div>\n<\/div><\/div>\n\n\n\n<div class=\"wp-block-group items-details\"><div class=\"wp-block-group__inner-container is-layout-flow wp-block-group-is-layout-flow\">\n<h2 class=\"has-text-align-center wp-block-heading\">Unterschiedlicher Cord<\/h2>\n\n\n\n<div class=\"wp-block-advgb-images-slider advgb-images-slider-block\"><div class=\"advgb-images-slider\" dir=\"ltr\"><div class=\"advgb-image-slider-item\"><img decoding=\"async\" src=\"https:\/\/www.velcorex.fr\/wp-content\/uploads\/2021\/04\/grosse-cote.jpg\" class=\"advgb-image-slider-img\" alt=\"Breite Cordrippen\" style=\"width:100%;height:auto\"\/><div class=\"advgb-image-slider-item-info\" style=\"justify-content:flex-end;align-items:center\"><a class=\"advgb-image-slider-overlay\" rel=\"noopener noreferrer\" href=\"#\" style=\"opacity:0.5\"><\/a><h4 class=\"advgb-image-slider-title\">Breite Cordrippen<\/h4><p class=\"advgb-image-slider-text\">Breitcord besteht aus 200 Rippen pro Meter. Die Rippen sind sehr breit und rund.<\/p><\/div><\/div><div class=\"advgb-image-slider-item\"><img decoding=\"async\" src=\"https:\/\/www.velcorex.fr\/wp-content\/uploads\/2021\/04\/moyenne-cotes-1.jpg\" class=\"advgb-image-slider-img\" alt=\"Genuacord\" style=\"width:100%;height:auto\"\/><div class=\"advgb-image-slider-item-info\" style=\"justify-content:flex-end;align-items:center\"><a class=\"advgb-image-slider-overlay\" rel=\"noopener noreferrer\" href=\"#\" style=\"opacity:0.5\"><\/a><h4 class=\"advgb-image-slider-title\">Genuacord<\/h4><p class=\"advgb-image-slider-text\">300 bis 500 Rippen pro Meter ergibt mittelgerippten Cord, Genuacord.<\/p><\/div><\/div><div class=\"advgb-image-slider-item\"><img decoding=\"async\" src=\"https:\/\/www.velcorex.fr\/wp-content\/uploads\/2021\/04\/fine-cote.jpg\" class=\"advgb-image-slider-img\" alt=\"Feincord\" style=\"width:100%;height:auto\"\/><div class=\"advgb-image-slider-item-info\" style=\"justify-content:flex-end;align-items:center\"><a class=\"advgb-image-slider-overlay\" rel=\"noopener noreferrer\" href=\"#\" style=\"opacity:0.5\"><\/a><h4 class=\"advgb-image-slider-title\">Feincord<\/h4><p class=\"advgb-image-slider-text\">600 bis 1000 Rippen pro Meter ergibt feingerippten Cord. Der 1000 Streifen Cord wird auch Baby Cord genannt.<\/p><\/div><\/div><div class=\"advgb-image-slider-item\"><img decoding=\"async\" src=\"https:\/\/www.velcorex.fr\/wp-content\/uploads\/2021\/04\/faux-uni.jpg\" class=\"advgb-image-slider-img\" alt=\"Sportsamt\" style=\"width:100%;height:auto\"\/><div class=\"advgb-image-slider-item-info\" style=\"justify-content:flex-end;align-items:center\"><a class=\"advgb-image-slider-overlay\" rel=\"noopener noreferrer\" href=\"#\" style=\"opacity:0.5\"><\/a><h4 class=\"advgb-image-slider-title\">Sportsamt<\/h4><p class=\"advgb-image-slider-text\">Sportsamt entsteht nach dem B\u00fcrsten, wenn die feinen Rippen nicht mehr sichtbar sind.<\/p><\/div><\/div><div class=\"advgb-image-slider-item\"><img decoding=\"async\" src=\"https:\/\/www.velcorex.fr\/wp-content\/uploads\/2021\/04\/puebla.jpg\" class=\"advgb-image-slider-img\" alt=\"Puebla und Steaky\" style=\"width:100%;height:auto\"\/><div class=\"advgb-image-slider-item-info\" style=\"justify-content:flex-end;align-items:center\"><a class=\"advgb-image-slider-overlay\" rel=\"noopener noreferrer\" href=\"#\" style=\"opacity:0.5\"><\/a><h4 class=\"advgb-image-slider-title\">Puebla und Steaky<\/h4><p class=\"advgb-image-slider-text\">Die Technik \u201ePuebla und Steaky\u201c sind verschiedene Arten, Phantasie Cord mit abwechselnden Rippen herzustellen. Durch unser Wissen im Handwerk haben wir diese Technik beibehalten und verbessern k\u00f6nnen. <\/p><\/div><\/div><div class=\"advgb-image-slider-item\"><img decoding=\"async\" src=\"https:\/\/www.velcorex.fr\/wp-content\/uploads\/2021\/04\/seersucker.jpg\" class=\"advgb-image-slider-img\" alt=\"Seersucker Cord\" style=\"width:100%;height:auto\"\/><div class=\"advgb-image-slider-item-info\" style=\"justify-content:flex-end;align-items:center\"><a class=\"advgb-image-slider-overlay\" rel=\"noopener noreferrer\" href=\"#\" style=\"opacity:0.5\"><\/a><h4 class=\"advgb-image-slider-title\">Seersucker Cord<\/h4><p class=\"advgb-image-slider-text\">Der Cord \u201eSeersucker\u201c wird beim Weben gebildet, durch das Aus\u00fcben unterschiedlicher Spannungen. Der Effekt ist erst nach dem Waschen sichtbar.<\/p><\/div><\/div><\/div><\/div>\n<\/div><\/div>\n\n\n\n<p><\/p>\n","protected":false},"excerpt":{"rendered":"<p>Cord Der Kern unseres Handwerks Cord ist in vielf\u00e4ltigen Bereichen und verschiedenen Varianten vorhanden. Cord ist f\u00fcr seine Softheit und sein W\u00e4rmegef\u00fchl bekannt. Unser Cord, ob stabil, elastisch, flie\u00dfend, gl\u00e4nzend oder matt, ist von ungleichbarer Qualit\u00e4t. Die Kompetenzen in der Cord produktion erlauben uns stets Erneuerung, bessere Ausr\u00fcstungen und die besten Schneidetechniken zu erforschen um [&hellip;]<\/p>\n","protected":false},"author":1,"featured_media":2038,"parent":0,"menu_order":0,"comment_status":"closed","ping_status":"closed","template":"page-produits.php","meta":{"_acf_changed":false,"_seopress_robots_primary_cat":"","_seopress_titles_title":"","_seopress_titles_desc":"Cord ist in vielf\u00e4ltigen Bereichen und verschiedenen Varianten vorhanden. Cord ist f\u00fcr seine Softheit und sein W\u00e4rmegef\u00fchl bekannt. Unser Cord, ob stabil, elastisch, flie\u00dfend, gl\u00e4nzend oder matt, ist von ungleichbarer Qualit\u00e4t.","_seopress_robots_index":"","advgb_blocks_editor_width":"","advgb_blocks_columns_visual_guide":"","footnotes":""},"class_list":["post-2966","page","type-page","status-publish","has-post-thumbnail","hentry"],"acf":[],"coauthors":[],"author_meta":{"author_link":"https:\/\/www.velcorex.fr\/de\/author\/studiowa\/","display_name":"WA!"},"relative_dates":{"created":"Ver\u00f6ffentlicht 5\u00a0Jahren vor","modified":"Aktualisiert 4\u00a0Jahren vor"},"absolute_dates":{"created":"Ver\u00f6ffentlicht am 15. April 2021","modified":"Aktualisiert am 4. November 2021"},"absolute_dates_time":{"created":"Ver\u00f6ffentlicht am 15. April 2021 10:34","modified":"Aktualisiert am 4. November 2021 9:25"},"featured_img_caption":"","featured_img":"https:\/\/www.velcorex.fr\/wp-content\/uploads\/2021\/04\/velours.jpg","series_order":"","_links":{"self":[{"href":"https:\/\/www.velcorex.fr\/de\/wp-json\/wp\/v2\/pages\/2966","targetHints":{"allow":["GET"]}}],"collection":[{"href":"https:\/\/www.velcorex.fr\/de\/wp-json\/wp\/v2\/pages"}],"about":[{"href":"https:\/\/www.velcorex.fr\/de\/wp-json\/wp\/v2\/types\/page"}],"author":[{"embeddable":true,"href":"https:\/\/www.velcorex.fr\/de\/wp-json\/wp\/v2\/users\/1"}],"replies":[{"embeddable":true,"href":"https:\/\/www.velcorex.fr\/de\/wp-json\/wp\/v2\/comments?post=2966"}],"version-history":[{"count":0,"href":"https:\/\/www.velcorex.fr\/de\/wp-json\/wp\/v2\/pages\/2966\/revisions"}],"wp:featuredmedia":[{"embeddable":true,"href":"https:\/\/www.velcorex.fr\/de\/wp-json\/wp\/v2\/media\/2038"}],"wp:attachment":[{"href":"https:\/\/www.velcorex.fr\/de\/wp-json\/wp\/v2\/media?parent=2966"}],"curies":[{"name":"wp","href":"https:\/\/api.w.org\/{rel}","templated":true}]}}