{"id":2985,"date":"2021-04-16T10:49:40","date_gmt":"2021-04-16T08:49:40","guid":{"rendered":"https:\/\/www.velcorex.fr\/our-sportswear\/"},"modified":"2021-11-04T09:34:28","modified_gmt":"2021-11-04T08:34:28","slug":"die-sportswear","status":"publish","type":"page","link":"https:\/\/www.velcorex.fr\/de\/die-sportswear\/","title":{"rendered":"Die Sportswear"},"content":{"rendered":"\n<div class=\"wp-block-buttons is-content-justification-center is-layout-flex wp-block-buttons-is-layout-flex\">\n<div class=\"wp-block-button btn-cta btn-cta-tx\"><a class=\"wp-block-button__link\" href=\"https:\/\/www.velcorex.fr\/de\/tissutex\/\">Unsere Gewebe im Gewebe entdecken<\/a><\/div>\n<\/div>\n\n\n\n<div class=\"wp-block-group\"><div class=\"wp-block-group__inner-container is-layout-flow wp-block-group-is-layout-flow\">\n<div class=\"wp-block-columns alignfull are-vertically-aligned-center is-layout-flex wp-container-core-columns-is-layout-9d6595d7 wp-block-columns-is-layout-flex\">\n<div class=\"wp-block-column is-vertically-aligned-center is-layout-flow wp-block-column-is-layout-flow\">\n<figure class=\"wp-block-gallery columns-1 is-cropped tissage wp-block-gallery-1\"><ul class=\"blocks-gallery-grid\"><li class=\"blocks-gallery-item\"><figure><img loading=\"lazy\" decoding=\"async\" width=\"1010\" height=\"1024\" src=\"https:\/\/www.velcorex.fr\/wp-content\/uploads\/2021\/04\/teinture-1010x1024.jpg\" alt=\"\" data-id=\"612\" data-full-url=\"https:\/\/www.velcorex.fr\/wp-content\/uploads\/2021\/04\/teinture.jpg\" data-link=\"https:\/\/www.velcorex.fr\/les-sportswear\/teinture\/\" class=\"wp-image-612\" srcset=\"https:\/\/www.velcorex.fr\/wp-content\/uploads\/2021\/04\/teinture-1010x1024.jpg 1010w, https:\/\/www.velcorex.fr\/wp-content\/uploads\/2021\/04\/teinture-621x630.jpg 621w, https:\/\/www.velcorex.fr\/wp-content\/uploads\/2021\/04\/teinture-768x779.jpg 768w, https:\/\/www.velcorex.fr\/wp-content\/uploads\/2021\/04\/teinture.jpg 1200w\" sizes=\"auto, (max-width: 1010px) 100vw, 1010px\" \/><\/figure><\/li><li class=\"blocks-gallery-item\"><figure><img loading=\"lazy\" decoding=\"async\" width=\"300\" height=\"300\" src=\"https:\/\/www.velcorex.fr\/wp-content\/uploads\/2021\/04\/echantillon-sportswear.png\" alt=\"\" data-id=\"613\" data-full-url=\"https:\/\/www.velcorex.fr\/wp-content\/uploads\/2021\/04\/echantillon-sportswear.png\" data-link=\"https:\/\/www.velcorex.fr\/les-sportswear\/echantillon-sportswear\/\" class=\"wp-image-613 is-layout-flex wp-block-gallery-is-layout-flex\" srcset=\"https:\/\/www.velcorex.fr\/wp-content\/uploads\/2021\/04\/echantillon-sportswear.png 300w, https:\/\/www.velcorex.fr\/wp-content\/uploads\/2021\/04\/echantillon-sportswear-150x150.png 150w\" sizes=\"auto, (max-width: 300px) 100vw, 300px\" \/><\/figure><\/li><\/ul><\/figure>\n<\/div>\n\n\n\n<div class=\"wp-block-column is-vertically-aligned-center is-layout-flow wp-block-column-is-layout-flow\">\n<h2 class=\"wp-block-heading\">Die Sportswear<\/h2>\n\n\n\n<h3 class=\"wp-block-heading\">Eine hervorragende Sportswear Produktreihe, mit vielf\u00e4ltigen Aus\u00fcstungen und verschiedenen Gewichten und Einsatzbereichen<\/h3>\n\n\n\n<p>Unsere Sportswear Kollektion umfasst Produkte von Workwear, stabil, schlicht und kompakt, bis zu Casualwear, fein sehr elastisch und soft.<\/p>\n\n\n\n<p>Das gute technische Wissen erlaubt uns bequeme, langlebige und wiederstandf\u00e4hige Stoffe anzubieten in diversen Bindungen, sowohl in reiner Baumwolle als auch in Mischungen. &nbsp;Z.Bsp.geschmirgelte&nbsp; Satins mit Pfirsichhaut Effekt, phantasievolle Ausr\u00fcstungen. Wir versuchen immer wieder Neuheiten und Aus\u00fcstungen zu entwickeln, die morgen Mode sein werden.<\/p>\n\n\n\n<div class=\"wp-block-buttons is-layout-flex wp-block-buttons-is-layout-flex\"><\/div>\n<\/div>\n<\/div>\n<\/div><\/div>\n\n\n\n<div class=\"wp-block-group alignfull bg-anth\"><div class=\"wp-block-group__inner-container is-layout-flow wp-block-group-is-layout-flow\">\n<div class=\"wp-block-columns are-vertically-aligned-center is-layout-flex wp-container-core-columns-is-layout-9d6595d7 wp-block-columns-is-layout-flex\">\n<div class=\"wp-block-column is-vertically-aligned-center is-layout-flow wp-block-column-is-layout-flow\">\n<h3 class=\"wp-block-heading\">Gute Qualit\u00e4t der Sportswear<\/h3>\n\n\n\n<p>Unsere Know How gestattet uns die Sportswear auf verschiedene Arten auszuarbeiten und ihnen einzigartige Elastizit\u00e4t und Haptik zu verleihen.<\/p>\n\n\n\n<p>Unsere Mitarbeiter entwickeln f\u00fcr jeden Artikel und f\u00fcr jede Bindung eine genaue Zusammen-stellung, um eine optimale Qualit\u00e4t und Haltbarkeit zu erreichen. Einen Stoff zu entwickeln ben\u00f6tigt besondere technische Kenntnisse. Durch die Beherrschung dieser Kenntnisse k\u00f6nnen wir eine gro\u00dfe Stoffpalette anbieten vom feinsten und flie\u00dfenden Satin bis zum authentischen Gewebe.<\/p>\n<\/div>\n\n\n\n<div class=\"wp-block-column is-vertically-aligned-center is-layout-flow wp-block-column-is-layout-flow\">\n<figure class=\"wp-block-image size-page tissage right\"><img loading=\"lazy\" decoding=\"async\" width=\"820\" height=\"630\" src=\"https:\/\/www.velcorex.fr\/wp-content\/uploads\/2021\/04\/umbre-sportswear-820x630.jpg\" alt=\"\" class=\"wp-image-615\"\/><\/figure>\n<\/div>\n<\/div>\n<\/div><\/div>\n\n\n\n<div class=\"wp-block-group items-details\"><div class=\"wp-block-group__inner-container is-layout-flow wp-block-group-is-layout-flow\">\n<h2 class=\"has-text-align-center wp-block-heading\" id=\"armures\">Die verschiedenen Bindungen<\/h2>\n\n\n\n<div class=\"wp-block-advgb-images-slider advgb-images-slider-block\"><div class=\"advgb-images-slider\" dir=\"ltr\"><div class=\"advgb-image-slider-item\"><img decoding=\"async\" src=\"https:\/\/www.velcorex.fr\/wp-content\/uploads\/2021\/04\/satin.jpg\" class=\"advgb-image-slider-img\" alt=\"Satins\" style=\"width:100%;height:auto\"\/><div class=\"advgb-image-slider-item-info\" style=\"justify-content:flex-end;align-items:center\"><a class=\"advgb-image-slider-overlay\" rel=\"noopener noreferrer\" href=\"#\" style=\"opacity:0.5\"><\/a><h4 class=\"advgb-image-slider-title\">Satins<\/h4><p class=\"advgb-image-slider-text\">Satin ist eine diskrete Bindung mit einer cleanen Optik. <\/p><\/div><\/div><div class=\"advgb-image-slider-item\"><img decoding=\"async\" src=\"https:\/\/www.velcorex.fr\/wp-content\/uploads\/2021\/04\/chevron.jpg\" class=\"advgb-image-slider-img\" alt=\"Zickzack Muster\" style=\"width:100%;height:auto\"\/><div class=\"advgb-image-slider-item-info\" style=\"justify-content:flex-end;align-items:center\"><a class=\"advgb-image-slider-overlay\" rel=\"noopener noreferrer\" href=\"#\" style=\"opacity:0.5\"><\/a><h4 class=\"advgb-image-slider-title\">Zickzack Muster<\/h4><p class=\"advgb-image-slider-text\">Die Zusammenstellung gleicher V Formen ergibt eine subtile senkrechte Linie.<\/p><\/div><\/div><div class=\"advgb-image-slider-item\"><img decoding=\"async\" src=\"https:\/\/www.velcorex.fr\/wp-content\/uploads\/2021\/04\/twill-ganardine.jpg\" class=\"advgb-image-slider-img\" alt=\"Gabardines &amp; Twills\" style=\"width:100%;height:auto\"\/><div class=\"advgb-image-slider-item-info\" style=\"justify-content:flex-end;align-items:center\"><a class=\"advgb-image-slider-overlay\" rel=\"noopener noreferrer\" href=\"#\" style=\"opacity:0.5\"><\/a><h4 class=\"advgb-image-slider-title\">Gabardines &amp; Twills<\/h4><p class=\"advgb-image-slider-text\">Gabardine ist mit seiner diagonalen Optik bekannt f\u00fcr seine Haltbarkeit.<\/p><\/div><\/div><div class=\"advgb-image-slider-item\"><img decoding=\"async\" src=\"https:\/\/www.velcorex.fr\/wp-content\/uploads\/2021\/04\/armure.jpg\" class=\"advgb-image-slider-img\" alt=\"Armur\u00e9s\" style=\"width:100%;height:auto\"\/><div class=\"advgb-image-slider-item-info\" style=\"justify-content:flex-end;align-items:center\"><a class=\"advgb-image-slider-overlay\" rel=\"noopener noreferrer\" href=\"#\" style=\"opacity:0.5\"><\/a><h4 class=\"advgb-image-slider-title\">Armur\u00e9s<\/h4><p class=\"advgb-image-slider-text\">Se fondant dans le tissu, les armur\u00e9s pr\u00e9sentent des visuels marqu\u00e9s.<\/p><\/div><\/div><div class=\"advgb-image-slider-item\"><img decoding=\"async\" src=\"https:\/\/www.velcorex.fr\/wp-content\/uploads\/2021\/04\/fantaisie.jpg\" class=\"advgb-image-slider-img\" alt=\"Fantaisies\" style=\"width:100%;height:auto\"\/><div class=\"advgb-image-slider-item-info\" style=\"justify-content:flex-end;align-items:center\"><a class=\"advgb-image-slider-overlay\" rel=\"noopener noreferrer\" href=\"#\" style=\"opacity:0.5\"><\/a><h4 class=\"advgb-image-slider-title\">Fantaisies<\/h4><p class=\"advgb-image-slider-text\">Phantasie Muster ergeben Stoffe in besonderer Optik.<\/p><\/div><\/div><\/div><\/div>\n<\/div><\/div>\n","protected":false},"excerpt":{"rendered":"<p>Die Sportswear Eine hervorragende Sportswear Produktreihe, mit vielf\u00e4ltigen Aus\u00fcstungen und verschiedenen Gewichten und Einsatzbereichen Unsere Sportswear Kollektion umfasst Produkte von Workwear, stabil, schlicht und kompakt, bis zu Casualwear, fein sehr elastisch und soft. Das gute technische Wissen erlaubt uns bequeme, langlebige und wiederstandf\u00e4hige Stoffe anzubieten in diversen Bindungen, sowohl in reiner Baumwolle als auch in [&hellip;]<\/p>\n","protected":false},"author":1,"featured_media":2036,"parent":0,"menu_order":0,"comment_status":"closed","ping_status":"closed","template":"page-produits.php","meta":{"_acf_changed":false,"_seopress_robots_primary_cat":"","_seopress_titles_title":"","_seopress_titles_desc":"De diff\u00e9rentes compositions, de poids et d\u2019armures vari\u00e9es, notre gamme tr\u00e8s \u00e9tendue de sportswear va des articles workwear, rigides, rustiques et denses, jusqu\u2019au casual wear, fin, super stretch et doux. ","_seopress_robots_index":"","advgb_blocks_editor_width":"","advgb_blocks_columns_visual_guide":"","footnotes":""},"class_list":["post-2985","page","type-page","status-publish","has-post-thumbnail","hentry"],"acf":[],"coauthors":[],"author_meta":{"author_link":"https:\/\/www.velcorex.fr\/de\/author\/studiowa\/","display_name":"WA!"},"relative_dates":{"created":"Ver\u00f6ffentlicht 5\u00a0Jahren vor","modified":"Aktualisiert 4\u00a0Jahren vor"},"absolute_dates":{"created":"Ver\u00f6ffentlicht am 16. April 2021","modified":"Aktualisiert am 4. November 2021"},"absolute_dates_time":{"created":"Ver\u00f6ffentlicht am 16. April 2021 10:49","modified":"Aktualisiert am 4. November 2021 9:34"},"featured_img_caption":"","featured_img":"https:\/\/www.velcorex.fr\/wp-content\/uploads\/2021\/04\/sportswear.jpg","series_order":"","_links":{"self":[{"href":"https:\/\/www.velcorex.fr\/de\/wp-json\/wp\/v2\/pages\/2985","targetHints":{"allow":["GET"]}}],"collection":[{"href":"https:\/\/www.velcorex.fr\/de\/wp-json\/wp\/v2\/pages"}],"about":[{"href":"https:\/\/www.velcorex.fr\/de\/wp-json\/wp\/v2\/types\/page"}],"author":[{"embeddable":true,"href":"https:\/\/www.velcorex.fr\/de\/wp-json\/wp\/v2\/users\/1"}],"replies":[{"embeddable":true,"href":"https:\/\/www.velcorex.fr\/de\/wp-json\/wp\/v2\/comments?post=2985"}],"version-history":[{"count":0,"href":"https:\/\/www.velcorex.fr\/de\/wp-json\/wp\/v2\/pages\/2985\/revisions"}],"wp:featuredmedia":[{"embeddable":true,"href":"https:\/\/www.velcorex.fr\/de\/wp-json\/wp\/v2\/media\/2036"}],"wp:attachment":[{"href":"https:\/\/www.velcorex.fr\/de\/wp-json\/wp\/v2\/media?parent=2985"}],"curies":[{"name":"wp","href":"https:\/\/api.w.org\/{rel}","templated":true}]}}