{"id":2998,"date":"2021-04-16T15:03:30","date_gmt":"2021-04-16T13:03:30","guid":{"rendered":"https:\/\/www.velcorex.fr\/nos-couleurs\/"},"modified":"2021-11-04T10:24:58","modified_gmt":"2021-11-04T09:24:58","slug":"unsere-farben","status":"publish","type":"page","link":"https:\/\/www.velcorex.fr\/de\/unsere-farben\/","title":{"rendered":"Unsere Farben"},"content":{"rendered":"\n<div class=\"wp-block-buttons is-content-justification-center is-layout-flex wp-block-buttons-is-layout-flex\">\n<div class=\"wp-block-button btn-cta\"><a class=\"wp-block-button__link\" href=\"https:\/\/www.velcorex.fr\/de\/nos-gammes\/\">Unsere Farblinien im Sortiment<\/a><\/div>\n<\/div>\n\n\n\n<div class=\"wp-block-group\"><div class=\"wp-block-group__inner-container is-layout-flow wp-block-group-is-layout-flow\">\n<div class=\"wp-block-columns alignfull are-vertically-aligned-center is-layout-flex wp-container-core-columns-is-layout-9d6595d7 wp-block-columns-is-layout-flex\" id=\"reaktivfarbung\">\n<div class=\"wp-block-column is-vertically-aligned-center is-layout-flow wp-block-column-is-layout-flow\">\n<figure class=\"wp-block-image size-page tissage\"><img loading=\"lazy\" decoding=\"async\" width=\"820\" height=\"630\" src=\"https:\/\/www.velcorex.fr\/wp-content\/uploads\/2021\/04\/teintures-reactives-820x630.jpg\" alt=\"\" class=\"wp-image-645\"\/><\/figure>\n<\/div>\n\n\n\n<div class=\"wp-block-column is-vertically-aligned-center is-layout-flow wp-block-column-is-layout-flow\">\n<h2 class=\"wp-block-heading\">Reaktivf\u00e4rbung<\/h2>\n\n\n\n<h3 class=\"wp-block-heading\">Intensive Farben die ihre Leuchtkraft behalten<\/h3>\n\n\n\n<p>Die Reaktiven Farbstoffe erm\u00f6glichen den Farben in die Faser einzudringen und damit die Farben standhaft in der Zeit und im Waschen zu machen.<\/p>\n<\/div>\n<\/div>\n<\/div><\/div>\n\n\n\n<div class=\"wp-block-group alignfull bg-beige\"><div class=\"wp-block-group__inner-container is-layout-flow wp-block-group-is-layout-flow\">\n<div class=\"wp-block-columns are-vertically-aligned-center is-layout-flex wp-container-core-columns-is-layout-9d6595d7 wp-block-columns-is-layout-flex\" id=\"evolutionare\">\n<div class=\"wp-block-column is-vertically-aligned-center is-layout-flow wp-block-column-is-layout-flow\">\n<h2 class=\"wp-block-heading\">Die evolution\u00e4re F\u00e4rbung<\/h2>\n\n\n\n<h3 class=\"wp-block-heading\">Die evolutive F\u00e4rbung f\u00fcr einen Denim Look<\/h3>\n\n\n\n<p>Diese Technik besteht aus seiner chemischen Behandlung die nach der Enzymw\u00e4sche angewendet wird damit die Farbe sich oberfl\u00e4chlich ausw\u00e4scht.<\/p>\n<\/div>\n\n\n\n<div class=\"wp-block-column is-vertically-aligned-center is-layout-flow wp-block-column-is-layout-flow\">\n<figure class=\"wp-block-image size-page tissage right\"><img loading=\"lazy\" decoding=\"async\" width=\"820\" height=\"630\" src=\"https:\/\/www.velcorex.fr\/wp-content\/uploads\/2021\/04\/teinture-evolutive-820x630.jpg\" alt=\"\" class=\"wp-image-647\"\/><\/figure>\n<\/div>\n<\/div>\n<\/div><\/div>\n\n\n\n<div class=\"wp-block-group\"><div class=\"wp-block-group__inner-container is-layout-flow wp-block-group-is-layout-flow\">\n<div class=\"wp-block-columns alignfull are-vertically-aligned-center is-layout-flex wp-container-core-columns-is-layout-9d6595d7 wp-block-columns-is-layout-flex\" id=\"pigment\">\n<div class=\"wp-block-column is-vertically-aligned-center is-layout-flow wp-block-column-is-layout-flow\">\n<figure class=\"wp-block-image size-page tissage\"><img loading=\"lazy\" decoding=\"async\" width=\"820\" height=\"630\" src=\"https:\/\/www.velcorex.fr\/wp-content\/uploads\/2021\/04\/pigmentaire-820x630.jpg\" alt=\"\" class=\"wp-image-651\"\/><\/figure>\n<\/div>\n\n\n\n<div class=\"wp-block-column is-vertically-aligned-center is-layout-flow wp-block-column-is-layout-flow\">\n<h2 class=\"wp-block-heading\">Die Pigment F\u00e4rbung<\/h2>\n\n\n\n<h3 class=\"wp-block-heading\">Steigert die Patina<\/h3>\n\n\n\n<p>Pigment F\u00e4rbung \/ Delav\u00e9 gibt den Stoffen nach und nach eine Patina mit sportiven Nahteffekten.<\/p>\n<\/div>\n<\/div>\n<\/div><\/div>\n\n\n\n<div class=\"wp-block-group alignfull bg-beige\"><div class=\"wp-block-group__inner-container is-layout-flow wp-block-group-is-layout-flow\">\n<div class=\"wp-block-columns are-vertically-aligned-center is-layout-flex wp-container-core-columns-is-layout-9d6595d7 wp-block-columns-is-layout-flex\" id=\"farbvorbehandelt\">\n<div class=\"wp-block-column is-vertically-aligned-center is-layout-flow wp-block-column-is-layout-flow\">\n<h2 class=\"wp-block-heading\">Farbvorbehandelt \/ PPT<\/h2>\n\n\n\n<h3 class=\"wp-block-heading\">Eine totale Freiheit in der Auswahl der Farben und aufgrund intensiver Prozesse in der F\u00e4rbung l\u00e4sst sich eine spezielle Haptik erzielen.<\/h3>\n\n\n\n<p>Unsere farbvorbehandelten Stoffe kommen \u201eweis\u201c aus der Produktion, um anschlie\u00dfend nach der Konfektion gef\u00e4rbt zu werden.<\/p>\n<\/div>\n\n\n\n<div class=\"wp-block-column is-vertically-aligned-center is-layout-flow wp-block-column-is-layout-flow\">\n<figure class=\"wp-block-image size-page tissage right\"><img loading=\"lazy\" decoding=\"async\" width=\"820\" height=\"630\" src=\"https:\/\/www.velcorex.fr\/wp-content\/uploads\/2021\/04\/pret-a-teindre-820x630.jpg\" alt=\"\" class=\"wp-image-649\"\/><\/figure>\n<\/div>\n<\/div>\n<\/div><\/div>\n\n\n\n<div class=\"wp-block-group\"><div class=\"wp-block-group__inner-container is-layout-flow wp-block-group-is-layout-flow\">\n<div class=\"wp-block-columns alignfull are-vertically-aligned-center is-layout-flex wp-container-core-columns-is-layout-9d6595d7 wp-block-columns-is-layout-flex\" id=\"drucken\">\n<div class=\"wp-block-column is-vertically-aligned-center is-layout-flow wp-block-column-is-layout-flow\">\n<figure class=\"wp-block-image size-page tissage\"><img loading=\"lazy\" decoding=\"async\" width=\"820\" height=\"630\" src=\"https:\/\/www.velcorex.fr\/wp-content\/uploads\/2021\/04\/impression-820x630.jpg\" alt=\"\" class=\"wp-image-653\"\/><\/figure>\n<\/div>\n\n\n\n<div class=\"wp-block-column is-vertically-aligned-center is-layout-flow wp-block-column-is-layout-flow\">\n<h2 class=\"wp-block-heading\">Das Drucken<\/h2>\n\n\n\n<h3 class=\"wp-block-heading\">Muster f\u00fcr dynamische Bekleidung<\/h3>\n\n\n\n<p>Wir haben eine eigene Druckerei in der wir vielfaltige Muster drucken k\u00f6nnen.<\/p>\n<\/div>\n<\/div>\n<\/div><\/div>\n\n\n\n<p><\/p>\n","protected":false},"excerpt":{"rendered":"<p>Reaktivf\u00e4rbung Intensive Farben die ihre Leuchtkraft behalten Die Reaktiven Farbstoffe erm\u00f6glichen den Farben in die Faser einzudringen und damit die Farben standhaft in der Zeit und im Waschen zu machen. Die evolution\u00e4re F\u00e4rbung Die evolutive F\u00e4rbung f\u00fcr einen Denim Look Diese Technik besteht aus seiner chemischen Behandlung die nach der Enzymw\u00e4sche angewendet wird damit die [&hellip;]<\/p>\n","protected":false},"author":1,"featured_media":2088,"parent":0,"menu_order":0,"comment_status":"closed","ping_status":"closed","template":"page-produits.php","meta":{"_acf_changed":false,"_seopress_robots_primary_cat":"","_seopress_titles_title":"","_seopress_titles_desc":"Die besondere Erfahrung in der F\u00e4rbung markieren unsere Stoffe mit intensiven und leuchtenden Farben.","_seopress_robots_index":"","advgb_blocks_editor_width":"","advgb_blocks_columns_visual_guide":"","footnotes":""},"class_list":["post-2998","page","type-page","status-publish","has-post-thumbnail","hentry"],"acf":[],"coauthors":[],"author_meta":{"author_link":"https:\/\/www.velcorex.fr\/de\/author\/studiowa\/","display_name":"WA!"},"relative_dates":{"created":"Ver\u00f6ffentlicht 5\u00a0Jahren vor","modified":"Aktualisiert 4\u00a0Jahren vor"},"absolute_dates":{"created":"Ver\u00f6ffentlicht am 16. April 2021","modified":"Aktualisiert am 4. November 2021"},"absolute_dates_time":{"created":"Ver\u00f6ffentlicht am 16. April 2021 15:03","modified":"Aktualisiert am 4. November 2021 10:24"},"featured_img_caption":"","featured_img":"https:\/\/www.velcorex.fr\/wp-content\/uploads\/2021\/04\/couleurs.jpg","series_order":"","_links":{"self":[{"href":"https:\/\/www.velcorex.fr\/de\/wp-json\/wp\/v2\/pages\/2998","targetHints":{"allow":["GET"]}}],"collection":[{"href":"https:\/\/www.velcorex.fr\/de\/wp-json\/wp\/v2\/pages"}],"about":[{"href":"https:\/\/www.velcorex.fr\/de\/wp-json\/wp\/v2\/types\/page"}],"author":[{"embeddable":true,"href":"https:\/\/www.velcorex.fr\/de\/wp-json\/wp\/v2\/users\/1"}],"replies":[{"embeddable":true,"href":"https:\/\/www.velcorex.fr\/de\/wp-json\/wp\/v2\/comments?post=2998"}],"version-history":[{"count":0,"href":"https:\/\/www.velcorex.fr\/de\/wp-json\/wp\/v2\/pages\/2998\/revisions"}],"wp:featuredmedia":[{"embeddable":true,"href":"https:\/\/www.velcorex.fr\/de\/wp-json\/wp\/v2\/media\/2088"}],"wp:attachment":[{"href":"https:\/\/www.velcorex.fr\/de\/wp-json\/wp\/v2\/media?parent=2998"}],"curies":[{"name":"wp","href":"https:\/\/api.w.org\/{rel}","templated":true}]}}