{"id":3057,"date":"2021-04-22T22:11:52","date_gmt":"2021-04-22T20:11:52","guid":{"rendered":"https:\/\/www.velcorex.fr\/mentions-legales\/"},"modified":"2021-11-04T10:31:17","modified_gmt":"2021-11-04T09:31:17","slug":"impressum","status":"publish","type":"page","link":"https:\/\/www.velcorex.fr\/de\/impressum\/","title":{"rendered":"Impressum"},"content":{"rendered":"\n<div class=\"wp-block-columns is-layout-flex wp-container-core-columns-is-layout-9d6595d7 wp-block-columns-is-layout-flex\">\n<div class=\"wp-block-column is-layout-flow wp-block-column-is-layout-flow\">\n<h2 class=\"wp-block-heading\">Propri\u00e9taire<\/h2>\n\n\n\n<h3 class=\"wp-block-heading\">Velcorex Since 1828 <\/h3>\n\n\n\n<p>14 rue du commandant Marceau<br>68550 Saint-Amarin<\/p>\n\n\n\n<p><strong>RCS Mulhouse<\/strong> B 524 799 822<\/p>\n\n\n\n<p>Responsable de publication et des donn\u00e9es personnelles : <br>Astrid Hunsinger-Loones<\/p>\n\n\n\n<p><a href=\"https:\/\/www.velcorex.fr\/de\/contactez-nous\/\" data-type=\"page\" data-id=\"936\">Contactez-nous<\/a><\/p>\n\n\n\n<h2 class=\"wp-block-heading\">Webdesign<\/h2>\n\n\n\n<figure class=\"wp-block-image size-large is-resized\"><img loading=\"lazy\" decoding=\"async\" src=\"https:\/\/www.velcorex.fr\/wp-content\/uploads\/2021\/04\/LOGO-WA-150x150-1.png\" alt=\"\" class=\"wp-image-977\" width=\"100\" height=\"100\"\/><\/figure>\n\n\n\n<p><strong>STUDIO WA!<\/strong><br>Studio de cr\u00e9ation graphique<br><a rel=\"noreferrer noopener\" href=\"https:\/\/www.studiowa.fr\" target=\"_blank\">studiowa.fr<\/a><\/p>\n\n\n\n<h2 class=\"wp-block-heading\">Vid\u00e9os Tissutex<\/h2>\n\n\n\n<figure class=\"wp-block-image size-large is-resized\"><img loading=\"lazy\" decoding=\"async\" src=\"https:\/\/www.velcorex.fr\/wp-content\/uploads\/2021\/07\/logo-lavieestunfilm-2.jpg\" alt=\"\" class=\"wp-image-1313\" width=\"99\" height=\"148\"\/><\/figure>\n\n\n\n<p><strong>LA VIE EST UN FILM<\/strong><br>R\u00e9alisateur ind\u00e9pendant \u00e0 Strasbourg<br><a rel=\"noreferrer noopener\" href=\"https:\/\/lavieestunfilm.com\/\" target=\"_blank\">lavieestunfilm.com<\/a><\/p>\n<\/div>\n\n\n\n<div class=\"wp-block-column is-layout-flow wp-block-column-is-layout-flow\">\n<h2 class=\"wp-block-heading\">H\u00e9bergement<\/h2>\n\n\n\n<h3 class=\"wp-block-heading\">IONOS<\/h3>\n\n\n\n<p>7 place de la Gare <br>BP 70109 &#8211; 57201 Sarreguemines Cedex <br>RCS Sarreguemines B 431 303 775 <br>SIRET 431 303 775 000 16<\/p>\n\n\n\n<div style=\"height:41px\" aria-hidden=\"true\" class=\"wp-block-spacer\"><\/div>\n\n\n\n<h2 class=\"wp-block-heading\">Propri\u00e9t\u00e9 et reproduction<\/h2>\n\n\n\n<p>La structure g\u00e9n\u00e9rale, ainsi que les logiciels, textes, images anim\u00e9es ou fixes, sons, savoir-faire, dessins, graphismes et tous autres \u00e9l\u00e9ments composant ce site web sont de l\u2019utilisation exclusive de Velcorex Since 1828.<\/p>\n\n\n\n<p>Toute reproduction totale ou partielle de ce site, par quelques proc\u00e9d\u00e9s que ce soient, sans autorisation expresse de Velcorex Since 1828, est interdite et constituerait une contrefa\u00e7on sanctionn\u00e9e par les articles L335-2 et suivants du Code de la propri\u00e9t\u00e9 intellectuelle.<\/p>\n\n\n\n<p>Les liens hypertextes mis en place dans le cadre du pr\u00e9sent site web en direction d\u2019autres ressources pr\u00e9sentes sur le r\u00e9seau internet, ne sauraient engager la responsabilit\u00e9 de Velcorex Since 1828.<\/p>\n\n\n\n<p>Vous disposez d\u2019un droit d\u2019acc\u00e8s, de rectification et d\u2019opposition aux donn\u00e9es vous concernant que vous pouvez exercer en remplissant le formulaire de contact.<\/p>\n<\/div>\n<\/div>\n\n\n\n<p><\/p>\n","protected":false},"excerpt":{"rendered":"<p>Propri\u00e9taire Velcorex Since 1828 14 rue du commandant Marceau68550 Saint-Amarin RCS Mulhouse B 524 799 822 Responsable de publication et des donn\u00e9es personnelles : Astrid Hunsinger-Loones Contactez-nous Webdesign STUDIO WA!Studio de cr\u00e9ation graphiquestudiowa.fr Vid\u00e9os Tissutex LA VIE EST UN FILMR\u00e9alisateur ind\u00e9pendant \u00e0 Strasbourglavieestunfilm.com H\u00e9bergement IONOS 7 place de la Gare BP 70109 &#8211; 57201 Sarreguemines [&hellip;]<\/p>\n","protected":false},"author":1,"featured_media":0,"parent":0,"menu_order":0,"comment_status":"closed","ping_status":"closed","template":"","meta":{"_acf_changed":false,"_seopress_robots_primary_cat":"","_seopress_titles_title":"","_seopress_titles_desc":"","_seopress_robots_index":"yes","advgb_blocks_editor_width":"","advgb_blocks_columns_visual_guide":"","footnotes":""},"class_list":["post-3057","page","type-page","status-publish","hentry"],"acf":[],"coauthors":[],"author_meta":{"author_link":"https:\/\/www.velcorex.fr\/de\/author\/studiowa\/","display_name":"WA!"},"relative_dates":{"created":"Ver\u00f6ffentlicht 5\u00a0Jahren vor","modified":"Aktualisiert 4\u00a0Jahren vor"},"absolute_dates":{"created":"Ver\u00f6ffentlicht am 22. April 2021","modified":"Aktualisiert am 4. November 2021"},"absolute_dates_time":{"created":"Ver\u00f6ffentlicht am 22. April 2021 22:11","modified":"Aktualisiert am 4. November 2021 10:31"},"featured_img_caption":"","featured_img":false,"series_order":"","_links":{"self":[{"href":"https:\/\/www.velcorex.fr\/de\/wp-json\/wp\/v2\/pages\/3057","targetHints":{"allow":["GET"]}}],"collection":[{"href":"https:\/\/www.velcorex.fr\/de\/wp-json\/wp\/v2\/pages"}],"about":[{"href":"https:\/\/www.velcorex.fr\/de\/wp-json\/wp\/v2\/types\/page"}],"author":[{"embeddable":true,"href":"https:\/\/www.velcorex.fr\/de\/wp-json\/wp\/v2\/users\/1"}],"replies":[{"embeddable":true,"href":"https:\/\/www.velcorex.fr\/de\/wp-json\/wp\/v2\/comments?post=3057"}],"version-history":[{"count":0,"href":"https:\/\/www.velcorex.fr\/de\/wp-json\/wp\/v2\/pages\/3057\/revisions"}],"wp:attachment":[{"href":"https:\/\/www.velcorex.fr\/de\/wp-json\/wp\/v2\/media?parent=3057"}],"curies":[{"name":"wp","href":"https:\/\/api.w.org\/{rel}","templated":true}]}}