{"id":3062,"date":"2021-03-29T09:24:22","date_gmt":"2021-03-29T07:24:22","guid":{"rendered":"https:\/\/www.velcorex.fr\/politique-de-confidentialite\/"},"modified":"2021-11-04T10:30:45","modified_gmt":"2021-11-04T09:30:45","slug":"datenschutzerklarung","status":"publish","type":"page","link":"https:\/\/www.velcorex.fr\/de\/datenschutzerklarung\/","title":{"rendered":"Datenschutzerkl\u00e4rung"},"content":{"rendered":"\n<p>Le site internet <a href=\"https:\/\/www.studiowa.fr\">velcorex.fr<\/a> appartient \u00e0 la soci\u00e9t\u00e9 <br><strong>Velcorex Since 1828<\/strong><br>14 rue du commandant Marceau<br>68550 Saint-Amarin<br>RCS Mulhouse B 524 799 822<\/p>\n\n\n\n<h2 class=\"wp-block-heading\">Utilisation des donn\u00e9es personnelles collect\u00e9es<\/h2>\n\n\n\n<h3 class=\"wp-block-heading\">Cookies et contenus embarqu\u00e9s depuis d\u2019autres sites<\/h3>\n\n\n\n<p>Le site velcorex.fr inclut des contenus int\u00e9gr\u00e9s, notamment des vid\u00e9os Vimeo : <a href=\"https:\/\/vimeo.com\/privacy\" data-type=\"URL\" data-id=\"https:\/\/vimeo.com\/privacy\" target=\"_blank\" rel=\"noreferrer noopener\">Politique de confidentialit\u00e9 Vimeo<\/a><\/p>\n\n\n\n<p>Le contenu int\u00e9gr\u00e9 depuis d\u2019autres sites se comporte de la m\u00eame mani\u00e8re que si le visiteur se rendait sur cet autre site.<\/p>\n\n\n\n<p>Ces sites web pourraient collecter des donn\u00e9es sur vous, utiliser des cookies, embarquer des outils de suivis tiers, suivre vos interactions avec ces contenus embarqu\u00e9s si vous disposez d\u2019un compte connect\u00e9 sur leur site web.<\/p>\n\n\n\n<p>Veuillez noter que vous pouvez param\u00e9trer votre navigateur de fa\u00e7on \u00e0 \u00eatre inform\u00e9 de la pr\u00e9sence de cookies et de la possibilit\u00e9 de pouvoir d\u00e9cider individuellement de leur acceptation ou de leur exclusion, et ce au cas par cas ou de mani\u00e8re plus g\u00e9n\u00e9rale. La gestion des param\u00e9trages des cookies est propre \u00e0 chaque navigateur. Veuillez-vous r\u00e9f\u00e9rer au menu d\u2019aide de votre navigateur pour conna\u00eetre les modalit\u00e9s de param\u00e9trage existantes.<\/p>\n\n\n\n<p>Les informations sur le param\u00e9trage des cookies sur les divers navigateurs sont disponibles sous les liens suivants :<\/p>\n\n\n\n<p><a rel=\"noreferrer noopener\" href=\"https:\/\/support.microsoft.com\/fr-fr\/help\/17442\/windows-internet-explorer-delete-manage-cookies\" data-type=\"URL\" data-id=\"https:\/\/support.microsoft.com\/fr-fr\/help\/17442\/windows-internet-explorer-delete-manage-cookies\" target=\"_blank\">Internet Explorer<\/a> \/ <a rel=\"noreferrer noopener\" href=\"https:\/\/support.mozilla.org\/fr\/kb\/activer-desactiver-cookies-preferences\" data-type=\"URL\" data-id=\"https:\/\/support.mozilla.org\/fr\/kb\/activer-desactiver-cookies-preferences\" target=\"_blank\">Firefox<\/a> \/ <a rel=\"noreferrer noopener\" href=\"https:\/\/support.google.com\/accounts\/answer\/61416?co=GENIE.Platform%3DDesktop&amp;hl=fr\" data-type=\"URL\" data-id=\"https:\/\/support.google.com\/accounts\/answer\/61416?co=GENIE.Platform%3DDesktop&amp;hl=fr\" target=\"_blank\">Chrome<\/a> \/ <a rel=\"noreferrer noopener\" href=\"https:\/\/support.apple.com\/kb\/PH21411?locale=de_DE&amp;viewlocale=fr_FR\" data-type=\"URL\" data-id=\"https:\/\/support.apple.com\/kb\/PH21411?locale=de_DE&amp;viewlocale=fr_FR\" target=\"_blank\">Safari<\/a> \/ <a rel=\"noreferrer noopener\" href=\"http:\/\/help.opera.com\/Windows\/10.20\/fr\/cookies.html\" data-type=\"URL\" data-id=\"http:\/\/help.opera.com\/Windows\/10.20\/fr\/cookies.html\" target=\"_blank\">Opera<\/a><\/p>\n\n\n\n<p>Veuillez noter que les fonctionnalit\u00e9s de notre site web peuvent \u00eatre limit\u00e9es dans le cas o\u00f9 vous refusez l\u2019utilisation de cookies.<\/p>\n\n\n\n<h3 class=\"wp-block-heading\">Statistiques et mesures d\u2019audience<\/h3>\n\n\n\n<p>Le site utilise Matomo, plateforme open source d\u2019analyse pour sites web recommand\u00e9 par la CNIL. Les donn\u00e9es r\u00e9colt\u00e9es sont anonymis\u00e9es. Vous pouvez refuser le suivi \u00e0 tout moment : <a type=\"button\" id=\"tarteaucitronManager\" href=\"#\">Param\u00e9trer les cookies<\/a><\/p>\n\n\n\n<h3 class=\"wp-block-heading\">Utilisation et transmission de vos donn\u00e9es personnelles<\/h3>\n\n\n\n<p>Vous nous autorisez \u00e0 traiter vos donn\u00e9es personnelles d\u00e8s lors que vous cochez la case qui nous autorise de mani\u00e8re expresse \u00e0 traiter les donn\u00e9es que vous nous remettez. <\/p>\n\n\n\n<h3 class=\"wp-block-heading\">Les droits que vous avez sur vos donn\u00e9es<\/h3>\n\n\n\n<p>Vous pouvez demander la suppression des donn\u00e9es personnelles vous concernant \u00e0 l\u2019adresse contact@velcorex.fr. Cela ne prend pas en compte les donn\u00e9es stock\u00e9es \u00e0 des fins administratives, l\u00e9gales ou pour des raisons de s\u00e9curit\u00e9.<\/p>\n","protected":false},"excerpt":{"rendered":"<p>Le site internet velcorex.fr appartient \u00e0 la soci\u00e9t\u00e9 Velcorex Since 182814 rue du commandant Marceau68550 Saint-AmarinRCS Mulhouse B 524 799 822 Utilisation des donn\u00e9es personnelles collect\u00e9es Cookies et contenus embarqu\u00e9s depuis d\u2019autres sites Le site velcorex.fr inclut des contenus int\u00e9gr\u00e9s, notamment des vid\u00e9os Vimeo : Politique de confidentialit\u00e9 Vimeo Le contenu int\u00e9gr\u00e9 depuis d\u2019autres sites [&hellip;]<\/p>\n","protected":false},"author":1,"featured_media":0,"parent":0,"menu_order":0,"comment_status":"closed","ping_status":"closed","template":"","meta":{"_acf_changed":false,"_seopress_robots_primary_cat":"","_seopress_titles_title":"","_seopress_titles_desc":"","_seopress_robots_index":"yes","advgb_blocks_editor_width":"","advgb_blocks_columns_visual_guide":"","footnotes":""},"class_list":["post-3062","page","type-page","status-publish","hentry"],"acf":[],"coauthors":[],"author_meta":{"author_link":"https:\/\/www.velcorex.fr\/de\/author\/studiowa\/","display_name":"WA!"},"relative_dates":{"created":"Ver\u00f6ffentlicht 5\u00a0Jahren vor","modified":"Aktualisiert 4\u00a0Jahren vor"},"absolute_dates":{"created":"Ver\u00f6ffentlicht am 29. M\u00e4rz 2021","modified":"Aktualisiert am 4. November 2021"},"absolute_dates_time":{"created":"Ver\u00f6ffentlicht am 29. M\u00e4rz 2021 9:24","modified":"Aktualisiert am 4. November 2021 10:30"},"featured_img_caption":"","featured_img":false,"series_order":"","_links":{"self":[{"href":"https:\/\/www.velcorex.fr\/de\/wp-json\/wp\/v2\/pages\/3062","targetHints":{"allow":["GET"]}}],"collection":[{"href":"https:\/\/www.velcorex.fr\/de\/wp-json\/wp\/v2\/pages"}],"about":[{"href":"https:\/\/www.velcorex.fr\/de\/wp-json\/wp\/v2\/types\/page"}],"author":[{"embeddable":true,"href":"https:\/\/www.velcorex.fr\/de\/wp-json\/wp\/v2\/users\/1"}],"replies":[{"embeddable":true,"href":"https:\/\/www.velcorex.fr\/de\/wp-json\/wp\/v2\/comments?post=3062"}],"version-history":[{"count":0,"href":"https:\/\/www.velcorex.fr\/de\/wp-json\/wp\/v2\/pages\/3062\/revisions"}],"wp:attachment":[{"href":"https:\/\/www.velcorex.fr\/de\/wp-json\/wp\/v2\/media?parent=3062"}],"curies":[{"name":"wp","href":"https:\/\/api.w.org\/{rel}","templated":true}]}}