{"id":2899,"date":"2021-04-14T09:02:20","date_gmt":"2021-04-14T07:02:20","guid":{"rendered":"https:\/\/www.velcorex.fr\/notre-histoire\/"},"modified":"2025-10-13T10:36:11","modified_gmt":"2025-10-13T08:36:11","slug":"our-history","status":"publish","type":"page","link":"https:\/\/www.velcorex.fr\/en\/our-history\/","title":{"rendered":"Our History"},"content":{"rendered":"\n<p class=\"intro\">An irreplaceable savoir-faire and an enduring mastery of textile production.<\/p>\n\n\n\n<figure class=\"wp-block-embed is-type-video is-provider-vimeo wp-block-embed-vimeo wp-embed-aspect-16-9 wp-has-aspect-ratio\">\n  <div class=\"vimeo_player wp-block-embed__wrapper\" videoID=\"541568282\">\n  <\/div>\n<\/figure>\n\n\n\n\n<div class=\"wp-block-group alignfull bg-beige\"><div class=\"wp-block-group__inner-container is-layout-flow wp-block-group-is-layout-flow\">\n<div class=\"wp-block-columns are-vertically-aligned-center is-layout-flex wp-container-core-columns-is-layout-9d6595d7 wp-block-columns-is-layout-flex\">\n<div class=\"wp-block-column is-vertically-aligned-center is-layout-flow wp-block-column-is-layout-flow\">\n<h2 class=\"wp-block-heading\">A unique savoir-faire<\/h2>\n\n\n\n<h3 class=\"wp-block-heading\">Exceptional mastery and world-renowned quality<\/h3>\n\n\n\n<p>Velcorex is the last French velvet and corduroy factory still in operation and is proud of its position as the European leader. For nearly 200 years, its passion for quality fabrics, innovation, and the transmission of traditional methods have given its fabrics their unique handfeel and character.<\/p>\n\n\n\n<p>Dyeing gives our fabrics a luminous quality and a relaxed look through faded effects, while printing enables an array of pattern possibilities and infinite creations.<\/p>\n<\/div>\n\n\n\n<div class=\"wp-block-column is-vertically-aligned-center is-layout-flow wp-block-column-is-layout-flow\">\n<figure class=\"wp-block-image size-page tissage right\"><img loading=\"lazy\" decoding=\"async\" width=\"820\" height=\"630\" src=\"https:\/\/www.velcorex.fr\/wp-content\/uploads\/2021\/04\/notre-histoire-2-820x630.jpg\" alt=\"\" class=\"wp-image-559\"\/><\/figure>\n<\/div>\n<\/div>\n<\/div><\/div>\n\n\n\n<div class=\"wp-block-group alignfull bg-beige\"><div class=\"wp-block-group__inner-container is-layout-flow wp-block-group-is-layout-flow\">\n<div class=\"wp-block-columns are-vertically-aligned-center is-layout-flex wp-container-core-columns-is-layout-9d6595d7 wp-block-columns-is-layout-flex\">\n<div class=\"wp-block-column is-vertically-aligned-center is-layout-flow wp-block-column-is-layout-flow\">\n<figure class=\"wp-block-image size-page tissage\"><img loading=\"lazy\" decoding=\"async\" width=\"820\" height=\"630\" src=\"https:\/\/www.velcorex.fr\/wp-content\/uploads\/2021\/04\/notre-histoire-1-820x630.jpg\" alt=\"\" class=\"wp-image-560\"\/><\/figure>\n<\/div>\n\n\n\n<div class=\"wp-block-column is-vertically-aligned-center is-layout-flow wp-block-column-is-layout-flow\">\n<p>The unique attributes of corduroys are well known throughout the world. Each step of our manufacturing process highlights the technical particularities of this meticulous industrial process.<\/p>\n\n\n\n<p>And our sportswear collection explores a generous palette of weaves that accompany each season is with corresponding textures, whether dry, soft, velvety, or supple. Velcorex is committed to bringing comfort, elasticity, fluidity, and rigidity to its products.<\/p>\n\n\n\n<p>Each stage of production is subject to quality and conformity control, carried out by our integrated laboratories and by all of our workshop technicians, from cutting to finishing stages.&nbsp;<\/p>\n\n\n\n<p>This enduring and evolving art is what makes Velcorex fabrics essential, durable, and versatile textiles.<\/p>\n<\/div>\n<\/div>\n<\/div><\/div>\n\n\n<div class=\"slider-wrapper timeline\"><div class=\"slick slider\"><div><h2>The SAIC<\/h2><h3>1828<\/h3><p>The Soci\u00e9t\u00e9 Anonyme d'Industrie Cotonni\u00e8re (SAIC) is founded in Mulhouse with the aim of dedicating itself to cotton trading and spinning. <\/p><\/div><div><h2>Velvet finishing<\/h2><h3>1930<\/h3><p>The company evolves towards weaving and finishing of fabrics, in particular velvet. <\/p><\/div><div><h2>Creation of the velcorex brand <\/h2><h3>1970<\/h3><p>Despite the economic crisis, the SAIC experiences significant growth by developing the sportswear market and creating the Velcorex brand, which is added as part of the company's name soon thereafter, becoming SAIC-Velcorex.<\/p><\/div><div><h2>Stretch fabrics<\/h2><h3>1995<\/h3><p>Always on top of current trends, SAIC-Velcorex develops an expertise in fashionable stretch fabrics, and introduces its first line of fabrics for women\u2019s clothing. <\/p><\/div><div><h2>Dyeing and finishing of fabrics in the United States<\/h2><h3>1998<\/h3><p>With its industrial savoir-faire, SAIC-Velcorex is able to set up its fabric production near its customers' major garment manufacturing areas. After ten years of growth in the U.S. market, the company opens a fabric dyeing and finishing plant in Orangeburg, South Carolina, to better serve its American customers. <\/p><\/div><div><h2>A new Sportswear<\/h2><h3>2000<\/h3><p>SAIC-Velcorex launches a new sportswear fabric with its \u201cEvolutive Jeans\u201d line. <\/p><\/div><div><h2>New Velvet fabrics <\/h2><h3>2002<\/h3><p>Launch of \u201cStreaky\u201d velvets, which represent a new and unique specialisation in the velvet world. The process used to create \u201cStreaky\u201d velvets is exclusive to SAIC-Velcorex and patent protected. <\/p><\/div><div><h2>Industrial partnership <\/h2><h3>2004<\/h3><p>In order to be as reactive as possible to market evolutions and to be closer to the main zones of garment business activity, SAIC-Velcorex sets up an industrial partnership in Asia. This production platform will progressively take over the American site of Orangebourg. <\/p><\/div><div><h2>The \u201cTime age\u201d fabric range<\/h2><h3>2006<\/h3><p>SAIC-Velcorex relies on the expertise of its French dyeing plant to develop a new process that modernises the faded look of its fabrics for vintage effects. <\/p><\/div><div><h2>Organic cotton fabric by Velcorex<\/h2><h3>2007<\/h3><p>Constantly striving to limit impact of its production, SAIC-Velcorex launches a line of authentic, high-quality cotton fabrics made with organically grown fibres.<\/p><\/div><div><h2>Denim velours<\/h2><h3>2009<\/h3><p>SAIC-Velcorex presents its new denim-effect velvet collection at the expo Denim by Premi\u00e8re Vision. <\/p><\/div><div><h2>A new name<\/h2><h3>2010<\/h3><p>Taken over by the company Pierre Schmitt, SAIC-Velcorex changes its name to Velcorex Since 1828. <\/p><\/div><div><h2>An evolving partnership<\/h2><h3>2011<\/h3><p>The new company Velcorex Since 1828 creates a partnership with Phil\u00e9a Textiles, specialist in creative fabrics for women, and launches a new range of fluid velvets in innovative material blends. <\/p><\/div><div><h2>The Dual Fit <\/h2><h3>2014<\/h3><p>Velcorex launches a new collection, Dual Fit by Velcorex, with a stretchier and better performing fabric for a comfortable garment with a long-lasting elasticity. <\/p><\/div><div><h2>R(e)N Program<\/h2><h3>2019<\/h3><p>Velcorex Since 1928 launches the 2025 R(e)N programme and commits to an ecological, sustainable, and ethical process. By 2025, Velcorex plans to expand its commitment to nature, using only organically grown cotton, recycling and reusing all its textile waste, offering its customers the maximum level of traceability on its products, and taking steps to reduce its CO2 emissions.<\/p><\/div><div><h2>The relaunch of a spinning mill in France<\/h2><h3>2020<\/h3><p>Velcorex Since 1828 begins the process of reclaiming a savoir-faire that has gradually disappeared in France and commits to re-localising the bast fibre sector. In 2020, the company reassembles the first flax spinning mill in France, guaranteeing a supply of linen that is 100% French, from seed to finished product. <\/p><\/div><div><h2>Employee Associates<\/h2><h3>2023<\/h3><p>Takeover of the company as a Cooperative Society, which now belongs to its employees.<\/p><\/div><\/div><\/div>\n\n\n\n<div class=\"wp-block-group alignfull bg-beige\"><div class=\"wp-block-group__inner-container is-layout-flow wp-block-group-is-layout-flow\">\n<div class=\"wp-block-columns are-vertically-aligned-center is-layout-flex wp-container-core-columns-is-layout-9d6595d7 wp-block-columns-is-layout-flex\">\n<div class=\"wp-block-column is-vertically-aligned-center is-layout-flow wp-block-column-is-layout-flow\">\n<figure class=\"wp-block-image size-large tissage\"><img loading=\"lazy\" decoding=\"async\" width=\"835\" height=\"834\" src=\"https:\/\/www.velcorex.fr\/wp-content\/uploads\/2021\/04\/map-2.png\" alt=\"\" class=\"wp-image-1171\" srcset=\"https:\/\/www.velcorex.fr\/wp-content\/uploads\/2021\/04\/map-2.png 835w, https:\/\/www.velcorex.fr\/wp-content\/uploads\/2021\/04\/map-2-631x630.png 631w, https:\/\/www.velcorex.fr\/wp-content\/uploads\/2021\/04\/map-2-150x150.png 150w, https:\/\/www.velcorex.fr\/wp-content\/uploads\/2021\/04\/map-2-768x767.png 768w, https:\/\/www.velcorex.fr\/wp-content\/uploads\/2021\/04\/map-2-750x750.png 750w\" sizes=\"auto, (max-width: 835px) 100vw, 835px\" \/><\/figure>\n<\/div>\n\n\n\n<div class=\"wp-block-column is-vertically-aligned-center is-layout-flow wp-block-column-is-layout-flow\">\n<h2 class=\"wp-block-heading\">Made in France<\/h2>\n\n\n\n<h3 class=\"wp-block-heading\">Nestled in Alsace, at the foot of the Vosges Regional Park<\/h3>\n\n\n\n<p>Surrounded by forests, Velcorex takes inspiration from the peaceful setting of the production site, contributing to its fabrics\u2019 unique softness and colour. It is in this privileged locale that Velcorex and its 90 employees continue to grow and develop, driven by core values of collaboration and expertise that make it the flagship of European textile production.<\/p>\n<\/div>\n<\/div>\n<\/div><\/div>\n\n\n\n<div class=\"wp-block-group alignfull\"><div class=\"wp-block-group__inner-container is-layout-flow wp-block-group-is-layout-flow\">\n<div class=\"wp-block-columns are-vertically-aligned-center is-layout-flex wp-container-core-columns-is-layout-9d6595d7 wp-block-columns-is-layout-flex\">\n<div class=\"wp-block-column is-vertically-aligned-center is-layout-flow wp-block-column-is-layout-flow\">\n<h3 class=\"wp-block-heading\">A company committed and concerned about its impact on the environment<\/h3>\n\n\n\n<div class=\"wp-block-buttons is-layout-flex wp-block-buttons-is-layout-flex\">\n<div class=\"wp-block-button is-style-outline is-style-outline--1\"><a class=\"wp-block-button__link wp-element-button\" href=\"https:\/\/www.velcorex.fr\/en\/our-commitments\/\">Our commitments<\/a><\/div>\n<\/div>\n<\/div>\n\n\n\n<div class=\"wp-block-column is-vertically-aligned-center is-layout-flow wp-block-column-is-layout-flow\">\n<figure class=\"wp-block-image size-medium tissage right\"><img loading=\"lazy\" decoding=\"async\" width=\"820\" height=\"581\" src=\"https:\/\/www.velcorex.fr\/wp-content\/uploads\/2021\/04\/usine-820x581.jpg\" alt=\"\" class=\"wp-image-544\" srcset=\"https:\/\/www.velcorex.fr\/wp-content\/uploads\/2021\/04\/usine-820x581.jpg 820w, https:\/\/www.velcorex.fr\/wp-content\/uploads\/2021\/04\/usine-1024x726.jpg 1024w, https:\/\/www.velcorex.fr\/wp-content\/uploads\/2021\/04\/usine-768x544.jpg 768w, https:\/\/www.velcorex.fr\/wp-content\/uploads\/2021\/04\/usine.jpg 1209w\" sizes=\"auto, (max-width: 820px) 100vw, 820px\" \/><\/figure>\n<\/div>\n<\/div>\n<\/div><\/div>\n\n\n\n<p><\/p>\n","protected":false},"excerpt":{"rendered":"<p>An irreplaceable savoir-faire and an enduring mastery of textile production. A unique savoir-faire Exceptional mastery and world-renowned quality Velcorex is the last French velvet and corduroy factory still in operation and is proud of its position as the European leader. For nearly 200 years, its passion for quality fabrics, innovation, and the transmission of traditional [&hellip;]<\/p>\n","protected":false},"author":1,"featured_media":0,"parent":0,"menu_order":0,"comment_status":"closed","ping_status":"closed","template":"page-entreprise.php","meta":{"_acf_changed":false,"_seopress_robots_primary_cat":"","_seopress_titles_title":"","_seopress_titles_desc":"","_seopress_robots_index":"","advgb_blocks_editor_width":"","advgb_blocks_columns_visual_guide":"","footnotes":""},"class_list":["post-2899","page","type-page","status-publish","hentry"],"acf":[],"coauthors":[],"author_meta":{"author_link":"https:\/\/www.velcorex.fr\/en\/author\/studiowa\/","display_name":"WA!"},"relative_dates":{"created":"Posted 5 years ago","modified":"Updated 6 months ago"},"absolute_dates":{"created":"Posted on 14 April 2021","modified":"Updated on 13 October 2025"},"absolute_dates_time":{"created":"Posted on 14 April 2021 9h02","modified":"Updated on 13 October 2025 10h36"},"featured_img_caption":"","featured_img":false,"series_order":"","_links":{"self":[{"href":"https:\/\/www.velcorex.fr\/en\/wp-json\/wp\/v2\/pages\/2899","targetHints":{"allow":["GET"]}}],"collection":[{"href":"https:\/\/www.velcorex.fr\/en\/wp-json\/wp\/v2\/pages"}],"about":[{"href":"https:\/\/www.velcorex.fr\/en\/wp-json\/wp\/v2\/types\/page"}],"author":[{"embeddable":true,"href":"https:\/\/www.velcorex.fr\/en\/wp-json\/wp\/v2\/users\/1"}],"replies":[{"embeddable":true,"href":"https:\/\/www.velcorex.fr\/en\/wp-json\/wp\/v2\/comments?post=2899"}],"version-history":[{"count":6,"href":"https:\/\/www.velcorex.fr\/en\/wp-json\/wp\/v2\/pages\/2899\/revisions"}],"predecessor-version":[{"id":3824,"href":"https:\/\/www.velcorex.fr\/en\/wp-json\/wp\/v2\/pages\/2899\/revisions\/3824"}],"wp:attachment":[{"href":"https:\/\/www.velcorex.fr\/en\/wp-json\/wp\/v2\/media?parent=2899"}],"curies":[{"name":"wp","href":"https:\/\/api.w.org\/{rel}","templated":true}]}}