{"id":2913,"date":"2021-04-15T10:18:43","date_gmt":"2021-04-15T08:18:43","guid":{"rendered":"https:\/\/www.velcorex.fr\/notre-expertise\/"},"modified":"2024-03-06T09:47:24","modified_gmt":"2024-03-06T08:47:24","slug":"our-expertise","status":"publish","type":"page","link":"https:\/\/www.velcorex.fr\/en\/our-expertise\/","title":{"rendered":"Our expertise"},"content":{"rendered":"\n<p class=\"intro\">Between heritage and innovation.<\/p>\n\n\n\n<div class=\"wp-block-group alignfull is-intro\"><div class=\"wp-block-group__inner-container is-layout-flow wp-block-group-is-layout-flow\">\n<figure class=\"wp-block-image size-full is-resized\"><img loading=\"lazy\" decoding=\"async\" src=\"https:\/\/www.velcorex.fr\/wp-content\/uploads\/2021\/04\/expertise-1.jpg\" alt=\"\" class=\"wp-image-577\" width=\"1200\" height=\"663\" srcset=\"https:\/\/www.velcorex.fr\/wp-content\/uploads\/2021\/04\/expertise-1.jpg 1200w, https:\/\/www.velcorex.fr\/wp-content\/uploads\/2021\/04\/expertise-1-820x453.jpg 820w, https:\/\/www.velcorex.fr\/wp-content\/uploads\/2021\/04\/expertise-1-1024x566.jpg 1024w, https:\/\/www.velcorex.fr\/wp-content\/uploads\/2021\/04\/expertise-1-768x424.jpg 768w\" sizes=\"auto, (max-width: 1200px) 100vw, 1200px\" \/><\/figure>\n<\/div><\/div>\n\n\n\n<div class=\"wp-block-group alignfull bg-beige\"><div class=\"wp-block-group__inner-container is-layout-flow wp-block-group-is-layout-flow\">\n<div class=\"wp-block-columns are-vertically-aligned-center is-layout-flex wp-container-core-columns-is-layout-9d6595d7 wp-block-columns-is-layout-flex\">\n<div class=\"wp-block-column is-vertically-aligned-center is-layout-flow wp-block-column-is-layout-flow\">\n<h2 class=\"wp-block-heading\">Heritage and innovation<\/h2>\n\n\n\n<h3 class=\"wp-block-heading\">A history in constant evolution<\/h3>\n\n\n\n<p>Two centuries of history trace the successes and failures of Velcorex\u2019s past. Today, bolstered by this rich narrative, Velcorex is positioned as the European leader in velvet and corduroy.<\/p>\n\n\n\n<p>The dyeing innovations we have achieved and continue to develop have left a permanent mark on the cultural textile landscape. Structurally, since the establishment of the \u201cSoci\u00e9t\u00e9 Anonyme des Industriels du Coton\u201d, Velcorex has been in constant evolution, notably through the use of elastane and regenerated fibres. Today, more than ever, we are convinced of the importance of development and innovation, and we are fully committed to providing sustainable and ecological solutions for a more optimistic future.<\/p>\n\n\n\n<div class=\"wp-block-buttons is-layout-flex wp-block-buttons-is-layout-flex\"><\/div>\n<\/div>\n\n\n\n<div class=\"wp-block-column is-vertically-aligned-center is-layout-flow wp-block-column-is-layout-flow\">\n<figure class=\"wp-block-image size-page tissage right\"><img loading=\"lazy\" decoding=\"async\" width=\"820\" height=\"630\" src=\"https:\/\/www.velcorex.fr\/wp-content\/uploads\/2021\/04\/usine-40-820x630.jpg\" alt=\"\" class=\"wp-image-584\"\/><\/figure>\n<\/div>\n<\/div>\n<\/div><\/div>\n\n\n\n<div class=\"wp-block-group alignfull bg-beige\"><div class=\"wp-block-group__inner-container is-layout-flow wp-block-group-is-layout-flow\">\n<div class=\"wp-block-columns are-vertically-aligned-center is-layout-flex wp-container-core-columns-is-layout-9d6595d7 wp-block-columns-is-layout-flex\">\n<div class=\"wp-block-column is-vertically-aligned-center is-layout-flow wp-block-column-is-layout-flow\">\n<figure class=\"wp-block-image size-page tissage\"><img loading=\"lazy\" decoding=\"async\" width=\"820\" height=\"630\" src=\"https:\/\/www.velcorex.fr\/wp-content\/uploads\/2021\/04\/couleurs-820x630.jpg\" alt=\"\" class=\"wp-image-590\"\/><\/figure>\n<\/div>\n\n\n\n<div class=\"wp-block-column is-vertically-aligned-center is-layout-flow wp-block-column-is-layout-flow\">\n<h2 class=\"wp-block-heading\">A colourful world<\/h2>\n\n\n\n<h3 class=\"wp-block-heading\">Enlivening with dye<\/h3>\n\n\n\n<p>Notre secret r\u00e9side en notre grande capacit\u00e9 \u00e0 teindre <\/p>\n\n\n\n<p>Our secret lies in our ability to create fascinating depths of tone on any medium. Intense colours saturated in the very heart of each fibre gives the fabric a visual generosity.<\/p>\n\n\n\n<p>Our unique expertise is one of our vital strengths. The faded effects we apply produce an elegant gradient of dye to the fabric, highlighting the seams.<\/p>\n\n\n\n<div class=\"wp-block-buttons is-layout-flex wp-block-buttons-is-layout-flex\">\n<div class=\"wp-block-button is-style-outline is-style-outline--1\"><a class=\"wp-block-button__link\" href=\"https:\/\/www.velcorex.fr\/en\/our-colours\/\">Our colors<\/a><\/div>\n<\/div>\n<\/div>\n<\/div>\n<\/div><\/div>\n\n\n\n<div class=\"wp-block-group alignfull\"><div class=\"wp-block-group__inner-container is-layout-flow wp-block-group-is-layout-flow\">\n<div class=\"wp-block-columns are-vertically-aligned-center is-layout-flex wp-container-core-columns-is-layout-9d6595d7 wp-block-columns-is-layout-flex\">\n<div class=\"wp-block-column is-vertically-aligned-center is-layout-flow wp-block-column-is-layout-flow\">\n<h3 class=\"wp-block-heading\">Discover our range of colours<\/h3>\n\n\n\n<div class=\"wp-block-buttons is-layout-flex wp-block-buttons-is-layout-flex\">\n<div class=\"wp-block-button is-style-outline is-style-outline--2\"><a class=\"wp-block-button__link\" href=\"https:\/\/www.velcorex.fr\/en\/our-colour-ranges\/\">Our ranges<\/a><\/div>\n<\/div>\n<\/div>\n\n\n\n<div class=\"wp-block-column is-vertically-aligned-center is-layout-flow wp-block-column-is-layout-flow\">\n<figure class=\"wp-block-image size-page tissage right\"><img loading=\"lazy\" decoding=\"async\" width=\"820\" height=\"630\" src=\"https:\/\/www.velcorex.fr\/wp-content\/uploads\/2021\/04\/noscouleurs-820x630.jpg\" alt=\"\" class=\"wp-image-592\"\/><\/figure>\n<\/div>\n<\/div>\n<\/div><\/div>\n\n\n\n<p><\/p>\n","protected":false},"excerpt":{"rendered":"<p>Between heritage and innovation. Heritage and innovation A history in constant evolution Two centuries of history trace the successes and failures of Velcorex\u2019s past. Today, bolstered by this rich narrative, Velcorex is positioned as the European leader in velvet and corduroy. The dyeing innovations we have achieved and continue to develop have left a permanent [&hellip;]<\/p>\n","protected":false},"author":1,"featured_media":0,"parent":0,"menu_order":0,"comment_status":"closed","ping_status":"closed","template":"page-entreprise.php","meta":{"_acf_changed":false,"_seopress_robots_primary_cat":"","_seopress_titles_title":"Our expertise - Velcorex","_seopress_titles_desc":"A history in constant evolution. Two centuries of history trace the successes and failures of Velcorex\u2019s past. Today, bolstered by this rich narrative, Velcorex is positioned as the European leader in velvet and corduroy.","_seopress_robots_index":"","advgb_blocks_editor_width":"","advgb_blocks_columns_visual_guide":"","footnotes":""},"class_list":["post-2913","page","type-page","status-publish","hentry"],"acf":[],"coauthors":[],"author_meta":{"author_link":"https:\/\/www.velcorex.fr\/en\/author\/studiowa\/","display_name":"WA!"},"relative_dates":{"created":"Posted 5 years ago","modified":"Updated 2 years ago"},"absolute_dates":{"created":"Posted on 15 April 2021","modified":"Updated on 6 March 2024"},"absolute_dates_time":{"created":"Posted on 15 April 2021 10h18","modified":"Updated on 6 March 2024 9h47"},"featured_img_caption":"","featured_img":false,"series_order":"","_links":{"self":[{"href":"https:\/\/www.velcorex.fr\/en\/wp-json\/wp\/v2\/pages\/2913","targetHints":{"allow":["GET"]}}],"collection":[{"href":"https:\/\/www.velcorex.fr\/en\/wp-json\/wp\/v2\/pages"}],"about":[{"href":"https:\/\/www.velcorex.fr\/en\/wp-json\/wp\/v2\/types\/page"}],"author":[{"embeddable":true,"href":"https:\/\/www.velcorex.fr\/en\/wp-json\/wp\/v2\/users\/1"}],"replies":[{"embeddable":true,"href":"https:\/\/www.velcorex.fr\/en\/wp-json\/wp\/v2\/comments?post=2913"}],"version-history":[{"count":0,"href":"https:\/\/www.velcorex.fr\/en\/wp-json\/wp\/v2\/pages\/2913\/revisions"}],"wp:attachment":[{"href":"https:\/\/www.velcorex.fr\/en\/wp-json\/wp\/v2\/media?parent=2913"}],"curies":[{"name":"wp","href":"https:\/\/api.w.org\/{rel}","templated":true}]}}