{"id":2932,"date":"2021-04-16T14:26:30","date_gmt":"2021-04-16T12:26:30","guid":{"rendered":"https:\/\/www.velcorex.fr\/le-coton\/"},"modified":"2024-03-06T10:16:05","modified_gmt":"2024-03-06T09:16:05","slug":"the-cotton","status":"publish","type":"page","link":"https:\/\/www.velcorex.fr\/en\/the-cotton\/","title":{"rendered":"The cotton"},"content":{"rendered":"\n<div class=\"wp-block-buttons is-horizontal is-content-justification-center is-layout-flex wp-container-core-buttons-is-layout-499968f5 wp-block-buttons-is-layout-flex\">\n<div class=\"wp-block-button btn-cta btn-cta-tx\"><a class=\"wp-block-button__link wp-element-button\" href=\"https:\/\/www.velcorex.fr\/en\/tissutex\/\"> Discover our fabrics in the Tissutex <\/a><\/div>\n<\/div>\n\n\n\n<div class=\"wp-block-group\"><div class=\"wp-block-group__inner-container is-layout-flow wp-block-group-is-layout-flow\">\n<div class=\"wp-block-columns alignfull are-vertically-aligned-center is-layout-flex wp-container-core-columns-is-layout-9d6595d7 wp-block-columns-is-layout-flex\">\n<div class=\"wp-block-column is-vertically-aligned-center is-layout-flow wp-block-column-is-layout-flow\">\n<figure class=\"wp-block-gallery has-nested-images columns-1 is-cropped tissage wp-block-gallery-1 is-layout-flex wp-block-gallery-is-layout-flex\">\n<figure class=\"wp-block-image size-large\"><img loading=\"lazy\" decoding=\"async\" width=\"730\" height=\"680\" data-id=\"629\" src=\"https:\/\/www.velcorex.fr\/wp-content\/uploads\/2021\/04\/coton-jura.jpg\" alt=\"\" class=\"wp-image-629\" srcset=\"https:\/\/www.velcorex.fr\/wp-content\/uploads\/2021\/04\/coton-jura.jpg 730w, https:\/\/www.velcorex.fr\/wp-content\/uploads\/2021\/04\/coton-jura-676x630.jpg 676w\" sizes=\"auto, (max-width: 730px) 100vw, 730px\" \/><\/figure>\n\n\n\n<figure class=\"wp-block-image size-large\"><img loading=\"lazy\" decoding=\"async\" width=\"320\" height=\"320\" data-id=\"630\" src=\"https:\/\/www.velcorex.fr\/wp-content\/uploads\/2021\/04\/echantillon-coton.png\" alt=\"\" class=\"wp-image-630\" srcset=\"https:\/\/www.velcorex.fr\/wp-content\/uploads\/2021\/04\/echantillon-coton.png 320w, https:\/\/www.velcorex.fr\/wp-content\/uploads\/2021\/04\/echantillon-coton-150x150.png 150w\" sizes=\"auto, (max-width: 320px) 100vw, 320px\" \/><\/figure>\n<\/figure>\n<\/div>\n\n\n\n<div class=\"wp-block-column is-vertically-aligned-center is-layout-flow wp-block-column-is-layout-flow\">\n<h2 class=\"wp-block-heading\">The cotton<\/h2>\n\n\n\n<h3 class=\"wp-block-heading\">One material, multiple uses<\/h3>\n\n\n\n<p>Cotton is a plant fibre, naturally soft, flexible, and moisture-wicking. It is one of the most widely used natural materials in the clothing industry.<\/p>\n\n\n\n<p>We work with cotton in many different ways and for all seasons.<\/p>\n\n\n\n<p>For the summer, in gabardines and in light fabrics, but also mixed in with linen, cotton gives our fabrics incomparable thermoregulatory properties. Combined with Tencel\u00ae it becomes more supple and fluid.<\/p>\n\n\n\n<p>In the winter, cotton is transformed into velvet and corduroy, warm, soft, and comfortable, as well as in sportswear, available in herringbone and various weaves. These cotton fabrics are woven in with regenerated fibres that provide elasticity and comfort.<\/p>\n\n\n\n<div class=\"wp-block-buttons is-layout-flex wp-block-buttons-is-layout-flex\"><\/div>\n<\/div>\n<\/div>\n<\/div><\/div>\n\n\n\n<div class=\"wp-block-group alignfull bg-anth\"><div class=\"wp-block-group__inner-container is-layout-flow wp-block-group-is-layout-flow\">\n<div class=\"wp-block-columns are-vertically-aligned-center is-layout-flex wp-container-core-columns-is-layout-9d6595d7 wp-block-columns-is-layout-flex\">\n<div class=\"wp-block-column is-vertically-aligned-center is-layout-flow wp-block-column-is-layout-flow\">\n<h3 class=\"wp-block-heading\">A recyclable and resistant natural fibre<\/h3>\n\n\n\n<p>Since its creation in 1828, Velcorex has worked with cotton. This natural fibre is part of the company&#8217;s DNA.<\/p>\n\n\n\n<p>Cotton comes from the flower of the cotton plant, which grows in tropical and subtropical regions. The length and structure of its fibres make it ideal for spinning into strong threads, which are in turn woven into fabric.<\/p>\n\n\n\n<p>As partners in the Better Cotton Initiative, the cotton we work with is either sourced from organic farming, from COTTON USATM productions, or BCI certified, ensuring that its production is ethical, sustainable, traceable, and respectful of human rights.<\/p>\n\n\n\n<div class=\"wp-block-buttons is-layout-flex wp-block-buttons-is-layout-flex\">\n<div class=\"wp-block-button btn-light is-style-outline is-style-outline--2\"><a class=\"wp-block-button__link wp-element-button\" href=\"https:\/\/www.velcorex.fr\/en\/our-commitments\/\">Velcorex commits to the environment<\/a><\/div>\n<\/div>\n<\/div>\n\n\n\n<div class=\"wp-block-column is-vertically-aligned-center is-layout-flow wp-block-column-is-layout-flow\">\n<figure class=\"wp-block-image size-page tissage right\"><img loading=\"lazy\" decoding=\"async\" width=\"820\" height=\"630\" src=\"https:\/\/www.velcorex.fr\/wp-content\/uploads\/2021\/04\/coton-resistant-820x630.jpg\" alt=\"\" class=\"wp-image-633\"\/><\/figure>\n<\/div>\n<\/div>\n<\/div><\/div>\n\n\n\n<div class=\"wp-block-group\"><div class=\"wp-block-group__inner-container is-layout-flow wp-block-group-is-layout-flow\">\n<h3 class=\"wp-block-heading has-text-align-center center\">The advantages of cotton<\/h3>\n\n\n\n<div style=\"height:30px\" aria-hidden=\"true\" class=\"wp-block-spacer\"><\/div>\n\n\n\n<div class=\"wp-block-columns is-layout-flex wp-container-core-columns-is-layout-9d6595d7 wp-block-columns-is-layout-flex\">\n<div class=\"wp-block-column is-layout-flow wp-block-column-is-layout-flow\"><div class=\"wp-block-image\">\n<figure class=\"aligncenter size-large\"><img loading=\"lazy\" decoding=\"async\" width=\"180\" height=\"180\" src=\"https:\/\/www.velcorex.fr\/wp-content\/uploads\/2021\/04\/coton.png\" alt=\"\" class=\"wp-image-409\" srcset=\"https:\/\/www.velcorex.fr\/wp-content\/uploads\/2021\/04\/coton.png 180w, https:\/\/www.velcorex.fr\/wp-content\/uploads\/2021\/04\/coton-150x150.png 150w\" sizes=\"auto, (max-width: 180px) 100vw, 180px\" \/><\/figure>\n<\/div>\n\n\n<h4 class=\"wp-block-heading has-text-align-center\">A biodegradable and recyclable plant fibre<\/h4>\n\n\n\n<p class=\"has-text-align-center\">Like all natural plant fibres, cotton is 100% biodegradable and 100% recyclable when not mixed with synthetic fibres.<\/p>\n<\/div>\n\n\n\n<div class=\"wp-block-column is-layout-flow wp-block-column-is-layout-flow\"><div class=\"wp-block-image\">\n<figure class=\"aligncenter size-large\"><img loading=\"lazy\" decoding=\"async\" width=\"180\" height=\"180\" src=\"https:\/\/www.velcorex.fr\/wp-content\/uploads\/2021\/04\/doux-1.png\" alt=\"\" class=\"wp-image-274\" srcset=\"https:\/\/www.velcorex.fr\/wp-content\/uploads\/2021\/04\/doux-1.png 180w, https:\/\/www.velcorex.fr\/wp-content\/uploads\/2021\/04\/doux-1-150x150.png 150w\" sizes=\"auto, (max-width: 180px) 100vw, 180px\" \/><\/figure>\n<\/div>\n\n\n<h4 class=\"wp-block-heading has-text-align-center\">A naturally soft material<\/h4>\n\n\n\n<p class=\"has-text-align-center\">The cotton fibre is round and fine, properties that give it softness and versatility.<\/p>\n<\/div>\n\n\n\n<div class=\"wp-block-column is-layout-flow wp-block-column-is-layout-flow\"><div class=\"wp-block-image\">\n<figure class=\"aligncenter size-large\"><img loading=\"lazy\" decoding=\"async\" width=\"180\" height=\"180\" src=\"https:\/\/www.velcorex.fr\/wp-content\/uploads\/2021\/04\/respirant.png\" alt=\"\" class=\"wp-image-276\" srcset=\"https:\/\/www.velcorex.fr\/wp-content\/uploads\/2021\/04\/respirant.png 180w, https:\/\/www.velcorex.fr\/wp-content\/uploads\/2021\/04\/respirant-150x150.png 150w\" sizes=\"auto, (max-width: 180px) 100vw, 180px\" \/><\/figure>\n<\/div>\n\n\n<h4 class=\"wp-block-heading has-text-align-center\">A breathable performance<\/h4>\n\n\n\n<p class=\"has-text-align-center\">Le coton a le pouvoir d\u2019\u00eatre \u00e0 la fois une mati\u00e8re tr\u00e8s absorbante, mais \u00e9galement respirante. Elle r\u00e9gule le taux d\u2019humidit\u00e9 du corps et laisse respirer la peau.<\/p>\n<\/div>\n<\/div>\n<\/div><\/div>\n\n\n\n<p><\/p>\n","protected":false},"excerpt":{"rendered":"<p>The cotton One material, multiple uses Cotton is a plant fibre, naturally soft, flexible, and moisture-wicking. It is one of the most widely used natural materials in the clothing industry. We work with cotton in many different ways and for all seasons. For the summer, in gabardines and in light fabrics, but also mixed in [&hellip;]<\/p>\n","protected":false},"author":1,"featured_media":2961,"parent":0,"menu_order":0,"comment_status":"closed","ping_status":"closed","template":"page-produits.php","meta":{"_acf_changed":false,"_seopress_robots_primary_cat":"","_seopress_titles_title":"Cotton - Velcorex","_seopress_titles_desc":"Cotton is a plant fibre, naturally soft, flexible, and moisture-wicking. It is one of the most widely used natural materials in the clothing industry.","_seopress_robots_index":"","advgb_blocks_editor_width":"","advgb_blocks_columns_visual_guide":"","footnotes":""},"class_list":["post-2932","page","type-page","status-publish","has-post-thumbnail","hentry"],"acf":[],"coauthors":[],"author_meta":{"author_link":"https:\/\/www.velcorex.fr\/en\/author\/studiowa\/","display_name":"WA!"},"relative_dates":{"created":"Posted 5 years ago","modified":"Updated 2 years ago"},"absolute_dates":{"created":"Posted on 16 April 2021","modified":"Updated on 6 March 2024"},"absolute_dates_time":{"created":"Posted on 16 April 2021 14h26","modified":"Updated on 6 March 2024 10h16"},"featured_img_caption":"","featured_img":"https:\/\/www.velcorex.fr\/wp-content\/uploads\/2021\/10\/coton.jpg","series_order":"","_links":{"self":[{"href":"https:\/\/www.velcorex.fr\/en\/wp-json\/wp\/v2\/pages\/2932","targetHints":{"allow":["GET"]}}],"collection":[{"href":"https:\/\/www.velcorex.fr\/en\/wp-json\/wp\/v2\/pages"}],"about":[{"href":"https:\/\/www.velcorex.fr\/en\/wp-json\/wp\/v2\/types\/page"}],"author":[{"embeddable":true,"href":"https:\/\/www.velcorex.fr\/en\/wp-json\/wp\/v2\/users\/1"}],"replies":[{"embeddable":true,"href":"https:\/\/www.velcorex.fr\/en\/wp-json\/wp\/v2\/comments?post=2932"}],"version-history":[{"count":1,"href":"https:\/\/www.velcorex.fr\/en\/wp-json\/wp\/v2\/pages\/2932\/revisions"}],"predecessor-version":[{"id":3757,"href":"https:\/\/www.velcorex.fr\/en\/wp-json\/wp\/v2\/pages\/2932\/revisions\/3757"}],"wp:featuredmedia":[{"embeddable":true,"href":"https:\/\/www.velcorex.fr\/en\/wp-json\/wp\/v2\/media\/2961"}],"wp:attachment":[{"href":"https:\/\/www.velcorex.fr\/en\/wp-json\/wp\/v2\/media?parent=2932"}],"curies":[{"name":"wp","href":"https:\/\/api.w.org\/{rel}","templated":true}]}}