{"id":2943,"date":"2021-04-16T11:08:17","date_gmt":"2021-04-16T09:08:17","guid":{"rendered":"https:\/\/www.velcorex.fr\/le-lin\/"},"modified":"2024-03-06T10:22:24","modified_gmt":"2024-03-06T09:22:24","slug":"the-linen","status":"publish","type":"page","link":"https:\/\/www.velcorex.fr\/en\/the-linen\/","title":{"rendered":"The linen"},"content":{"rendered":"\n<div class=\"wp-block-buttons is-horizontal is-content-justification-center is-layout-flex wp-container-core-buttons-is-layout-499968f5 wp-block-buttons-is-layout-flex\">\n<div class=\"wp-block-button btn-cta btn-cta-tx\"><a class=\"wp-block-button__link wp-element-button\" href=\"https:\/\/www.velcorex.fr\/en\/tissutex\/\">Discover our fabrics in the Tissutex<\/a><\/div>\n<\/div>\n\n\n\n<div class=\"wp-block-group\"><div class=\"wp-block-group__inner-container is-layout-flow wp-block-group-is-layout-flow\">\n<div class=\"wp-block-columns alignfull are-vertically-aligned-center is-layout-flex wp-container-core-columns-is-layout-9d6595d7 wp-block-columns-is-layout-flex\">\n<div class=\"wp-block-column is-vertically-aligned-center is-layout-flow wp-block-column-is-layout-flow\">\n<figure class=\"wp-block-gallery has-nested-images columns-1 is-cropped tissage wp-block-gallery-1 is-layout-flex wp-block-gallery-is-layout-flex\">\n<figure class=\"wp-block-image size-medium\"><img loading=\"lazy\" decoding=\"async\" width=\"676\" height=\"630\" data-id=\"620\" src=\"https:\/\/www.velcorex.fr\/wp-content\/uploads\/2021\/04\/usine-11-676x630.jpg\" alt=\"\" class=\"wp-image-620\" srcset=\"https:\/\/www.velcorex.fr\/wp-content\/uploads\/2021\/04\/usine-11-676x630.jpg 676w, https:\/\/www.velcorex.fr\/wp-content\/uploads\/2021\/04\/usine-11.jpg 730w\" sizes=\"auto, (max-width: 676px) 100vw, 676px\" \/><\/figure>\n\n\n\n<figure class=\"wp-block-image size-large\"><img loading=\"lazy\" decoding=\"async\" width=\"320\" height=\"320\" data-id=\"618\" src=\"https:\/\/www.velcorex.fr\/wp-content\/uploads\/2021\/04\/echantillon-lin.png\" alt=\"\" class=\"wp-image-618\" srcset=\"https:\/\/www.velcorex.fr\/wp-content\/uploads\/2021\/04\/echantillon-lin.png 320w, https:\/\/www.velcorex.fr\/wp-content\/uploads\/2021\/04\/echantillon-lin-150x150.png 150w\" sizes=\"auto, (max-width: 320px) 100vw, 320px\" \/><\/figure>\n<\/figure>\n<\/div>\n\n\n\n<div class=\"wp-block-column is-vertically-aligned-center is-layout-flow wp-block-column-is-layout-flow\">\n<h2 class=\"wp-block-heading\">The linen<\/h2>\n\n\n\n<h3 class=\"wp-block-heading\">Combining freshness and strength<\/h3>\n\n\n\n<p>From workwear to casual wear, we work with linen in all its forms, taking it from naturally rustic to undeniably chic.<\/p>\n\n\n\n<p>In an effort to ensure sustainability, we prefer using pure linen and combining it with natural plant fibres or regenerated fibres to make linen products 100% biodegradable.<\/p>\n\n\n\n<p>Linen is an excellent thermoregulator, ensuring coolness and comfort in the summer. Combined with Tencel\u00ae, linen becomes soft and fluid. Blended with cotton, it is supple and suitable for a more casual silhouette.<\/p>\n\n\n\n<p>For a more authentic and even cooler touch, we also offer a range of 100% linen items.<\/p>\n<\/div>\n<\/div>\n<\/div><\/div>\n\n\n\n<div class=\"wp-block-group alignfull bg-anth\"><div class=\"wp-block-group__inner-container is-layout-flow wp-block-group-is-layout-flow\">\n<div class=\"wp-block-columns are-vertically-aligned-center is-layout-flex wp-container-core-columns-is-layout-9d6595d7 wp-block-columns-is-layout-flex\">\n<div class=\"wp-block-column is-vertically-aligned-center is-layout-flow wp-block-column-is-layout-flow\">\n<h3 class=\"wp-block-heading\">From seed to finished fabric, guaranteed traceability and a low carbon footprint<\/h3>\n\n\n\n<p>Linen is a natural, ecologically sourced, and renewable fibre, and is grown in a sustainable manner. As part of a crop rotation, it contributes to the improvement of soil fertility and the balance of biodiversity, which is beneficial for cultivated land.<\/p>\n\n\n\n<p>Grown in France, linen is part of a local industry supported by the regional terroir and savoir-faire. Our linen suppliers are constantly developing new varieties and selecting the most disease-resistant seeds, guaranteeing a fibre of exceptional quality \u2013 without GMOs.<\/p>\n\n\n\n<p>Committed to working towards an ever more sustainable and local production, we are fully invested in the reintroduction of a spinning and linen industry in France.&nbsp;<\/p>\n\n\n\n<div class=\"wp-block-buttons is-layout-flex wp-block-buttons-is-layout-flex\">\n<div class=\"wp-block-button btn-light is-style-outline is-style-outline--2\"><a class=\"wp-block-button__link wp-element-button\" href=\"https:\/\/www.velcorex.fr\/en\/our-commitments\/\">Velcorex commits to the environment<\/a><\/div>\n<\/div>\n<\/div>\n\n\n\n<div class=\"wp-block-column is-vertically-aligned-center is-layout-flow wp-block-column-is-layout-flow\">\n<figure class=\"wp-block-image size-large tissage right\"><img loading=\"lazy\" decoding=\"async\" width=\"1024\" height=\"768\" src=\"https:\/\/www.velcorex.fr\/wp-content\/uploads\/2021\/06\/lin-en-capsules-1024x768.jpg\" alt=\"\" class=\"wp-image-1271\" srcset=\"https:\/\/www.velcorex.fr\/wp-content\/uploads\/2021\/06\/lin-en-capsules-1024x768.jpg 1024w, https:\/\/www.velcorex.fr\/wp-content\/uploads\/2021\/06\/lin-en-capsules-820x615.jpg 820w, https:\/\/www.velcorex.fr\/wp-content\/uploads\/2021\/06\/lin-en-capsules-768x576.jpg 768w, https:\/\/www.velcorex.fr\/wp-content\/uploads\/2021\/06\/lin-en-capsules.jpg 1200w\" sizes=\"auto, (max-width: 1024px) 100vw, 1024px\" \/><\/figure>\n<\/div>\n<\/div>\n<\/div><\/div>\n\n\n\n<div class=\"wp-block-group\"><div class=\"wp-block-group__inner-container is-layout-flow wp-block-group-is-layout-flow\">\n<h3 class=\"wp-block-heading has-text-align-center center\">The advantages of linen<\/h3>\n\n\n\n<div style=\"height:30px\" aria-hidden=\"true\" class=\"wp-block-spacer\"><\/div>\n\n\n\n<div class=\"wp-block-columns is-layout-flex wp-container-core-columns-is-layout-9d6595d7 wp-block-columns-is-layout-flex\">\n<div class=\"wp-block-column is-layout-flow wp-block-column-is-layout-flow\"><div class=\"wp-block-image\">\n<figure class=\"aligncenter size-large\"><img loading=\"lazy\" decoding=\"async\" width=\"180\" height=\"180\" src=\"https:\/\/www.velcorex.fr\/wp-content\/uploads\/2021\/04\/icone-fibre-1.png\" alt=\"\" class=\"wp-image-273\" srcset=\"https:\/\/www.velcorex.fr\/wp-content\/uploads\/2021\/04\/icone-fibre-1.png 180w, https:\/\/www.velcorex.fr\/wp-content\/uploads\/2021\/04\/icone-fibre-1-150x150.png 150w\" sizes=\"auto, (max-width: 180px) 100vw, 180px\" \/><\/figure>\n<\/div>\n\n\n<h4 class=\"wp-block-heading has-text-align-center\">A sustainable and ecologically responsible fibre<\/h4>\n\n\n\n<p class=\"has-text-align-center\">From cultivation to finishing, linen requires a small amount of water and energy. It is also biodegradable and recyclable.<\/p>\n<\/div>\n\n\n\n<div class=\"wp-block-column is-layout-flow wp-block-column-is-layout-flow\"><div class=\"wp-block-image\">\n<figure class=\"aligncenter size-large\"><img loading=\"lazy\" decoding=\"async\" width=\"180\" height=\"180\" src=\"https:\/\/www.velcorex.fr\/wp-content\/uploads\/2021\/04\/resistant.png\" alt=\"\" class=\"wp-image-282\" srcset=\"https:\/\/www.velcorex.fr\/wp-content\/uploads\/2021\/04\/resistant.png 180w, https:\/\/www.velcorex.fr\/wp-content\/uploads\/2021\/04\/resistant-150x150.png 150w\" sizes=\"auto, (max-width: 180px) 100vw, 180px\" \/><\/figure>\n<\/div>\n\n\n<h4 class=\"wp-block-heading has-text-align-center\">Ultra-resistant fabrics<\/h4>\n\n\n\n<p class=\"has-text-align-center\">Timeless and durable, linen fabrics are long-lasting and contribute to a more sustainable and ethical textile industry.<\/p>\n<\/div>\n\n\n\n<div class=\"wp-block-column is-layout-flow wp-block-column-is-layout-flow\"><div class=\"wp-block-image\">\n<figure class=\"aligncenter size-large\"><img loading=\"lazy\" decoding=\"async\" width=\"180\" height=\"180\" src=\"https:\/\/www.velcorex.fr\/wp-content\/uploads\/2021\/04\/local-1.png\" alt=\"\" class=\"wp-image-275\" srcset=\"https:\/\/www.velcorex.fr\/wp-content\/uploads\/2021\/04\/local-1.png 180w, https:\/\/www.velcorex.fr\/wp-content\/uploads\/2021\/04\/local-1-150x150.png 150w\" sizes=\"auto, (max-width: 180px) 100vw, 180px\" \/><\/figure>\n<\/div>\n\n\n<h4 class=\"wp-block-heading has-text-align-center\">Une fili\u00e8re locale en expansion<\/h4>\n\n\n\n<p class=\"has-text-align-center\">La fili\u00e8re du lin, \u00e9tant locale, garantit une qualit\u00e9 et une tra\u00e7abilit\u00e9.<\/p>\n<\/div>\n<\/div>\n<\/div><\/div>\n\n\n\n<p><\/p>\n","protected":false},"excerpt":{"rendered":"<p>The linen Combining freshness and strength From workwear to casual wear, we work with linen in all its forms, taking it from naturally rustic to undeniably chic. In an effort to ensure sustainability, we prefer using pure linen and combining it with natural plant fibres or regenerated fibres to make linen products 100% biodegradable. Linen [&hellip;]<\/p>\n","protected":false},"author":1,"featured_media":2033,"parent":0,"menu_order":0,"comment_status":"closed","ping_status":"closed","template":"page-produits.php","meta":{"_acf_changed":false,"_seopress_robots_primary_cat":"","_seopress_titles_title":"The linen - Velcorex ","_seopress_titles_desc":"From workwear to casual wear, we work with linen in all its forms, taking it from naturally rustic to undeniably chic.","_seopress_robots_index":"","advgb_blocks_editor_width":"","advgb_blocks_columns_visual_guide":"","footnotes":""},"class_list":["post-2943","page","type-page","status-publish","has-post-thumbnail","hentry"],"acf":[],"coauthors":[],"author_meta":{"author_link":"https:\/\/www.velcorex.fr\/en\/author\/studiowa\/","display_name":"WA!"},"relative_dates":{"created":"Posted 5 years ago","modified":"Updated 2 years ago"},"absolute_dates":{"created":"Posted on 16 April 2021","modified":"Updated on 6 March 2024"},"absolute_dates_time":{"created":"Posted on 16 April 2021 11h08","modified":"Updated on 6 March 2024 10h22"},"featured_img_caption":"","featured_img":"https:\/\/www.velcorex.fr\/wp-content\/uploads\/2021\/04\/lin.jpg","series_order":"","_links":{"self":[{"href":"https:\/\/www.velcorex.fr\/en\/wp-json\/wp\/v2\/pages\/2943","targetHints":{"allow":["GET"]}}],"collection":[{"href":"https:\/\/www.velcorex.fr\/en\/wp-json\/wp\/v2\/pages"}],"about":[{"href":"https:\/\/www.velcorex.fr\/en\/wp-json\/wp\/v2\/types\/page"}],"author":[{"embeddable":true,"href":"https:\/\/www.velcorex.fr\/en\/wp-json\/wp\/v2\/users\/1"}],"replies":[{"embeddable":true,"href":"https:\/\/www.velcorex.fr\/en\/wp-json\/wp\/v2\/comments?post=2943"}],"version-history":[{"count":2,"href":"https:\/\/www.velcorex.fr\/en\/wp-json\/wp\/v2\/pages\/2943\/revisions"}],"predecessor-version":[{"id":3763,"href":"https:\/\/www.velcorex.fr\/en\/wp-json\/wp\/v2\/pages\/2943\/revisions\/3763"}],"wp:featuredmedia":[{"embeddable":true,"href":"https:\/\/www.velcorex.fr\/en\/wp-json\/wp\/v2\/media\/2033"}],"wp:attachment":[{"href":"https:\/\/www.velcorex.fr\/en\/wp-json\/wp\/v2\/media?parent=2943"}],"curies":[{"name":"wp","href":"https:\/\/api.w.org\/{rel}","templated":true}]}}