{"id":2965,"date":"2021-04-15T10:34:46","date_gmt":"2021-04-15T08:34:46","guid":{"rendered":"https:\/\/www.velcorex.fr\/velours\/"},"modified":"2024-03-06T10:15:52","modified_gmt":"2024-03-06T09:15:52","slug":"our-velvet-and-corduroy","status":"publish","type":"page","link":"https:\/\/www.velcorex.fr\/en\/our-velvet-and-corduroy\/","title":{"rendered":"Our velvet and corduroy"},"content":{"rendered":"\n<div class=\"wp-block-buttons is-horizontal is-content-justification-center is-layout-flex wp-container-core-buttons-is-layout-499968f5 wp-block-buttons-is-layout-flex\">\n<div class=\"wp-block-button btn-cta btn-cta-tx\"><a class=\"wp-block-button__link wp-element-button\" href=\"https:\/\/www.velcorex.fr\/en\/tissutex\/\">Discover our fabrics in the Tissutex<\/a><\/div>\n<\/div>\n\n\n\n<div class=\"wp-block-group\"><div class=\"wp-block-group__inner-container is-layout-flow wp-block-group-is-layout-flow\">\n<div class=\"wp-block-columns alignfull are-vertically-aligned-center is-layout-flex wp-container-core-columns-is-layout-9d6595d7 wp-block-columns-is-layout-flex\">\n<div class=\"wp-block-column is-vertically-aligned-center is-layout-flow wp-block-column-is-layout-flow\">\n<figure class=\"wp-block-gallery has-nested-images columns-1 is-cropped tissage wp-block-gallery-1 is-layout-flex wp-block-gallery-is-layout-flex\">\n<figure class=\"wp-block-image size-full\"><img loading=\"lazy\" decoding=\"async\" width=\"1200\" height=\"830\" data-id=\"601\" src=\"https:\/\/www.velcorex.fr\/wp-content\/uploads\/2021\/04\/velours-13.jpg\" alt=\"\" class=\"wp-image-601\" srcset=\"https:\/\/www.velcorex.fr\/wp-content\/uploads\/2021\/04\/velours-13.jpg 1200w, https:\/\/www.velcorex.fr\/wp-content\/uploads\/2021\/04\/velours-13-820x567.jpg 820w, https:\/\/www.velcorex.fr\/wp-content\/uploads\/2021\/04\/velours-13-1024x708.jpg 1024w, https:\/\/www.velcorex.fr\/wp-content\/uploads\/2021\/04\/velours-13-768x531.jpg 768w\" sizes=\"auto, (max-width: 1200px) 100vw, 1200px\" \/><\/figure>\n\n\n\n<figure class=\"wp-block-image size-full\"><img loading=\"lazy\" decoding=\"async\" width=\"1200\" height=\"1200\" data-id=\"604\" src=\"https:\/\/www.velcorex.fr\/wp-content\/uploads\/2021\/04\/velours-48-vignette.jpg\" alt=\"\" class=\"wp-image-604\" srcset=\"https:\/\/www.velcorex.fr\/wp-content\/uploads\/2021\/04\/velours-48-vignette.jpg 1200w, https:\/\/www.velcorex.fr\/wp-content\/uploads\/2021\/04\/velours-48-vignette-630x630.jpg 630w, https:\/\/www.velcorex.fr\/wp-content\/uploads\/2021\/04\/velours-48-vignette-1024x1024.jpg 1024w, https:\/\/www.velcorex.fr\/wp-content\/uploads\/2021\/04\/velours-48-vignette-150x150.jpg 150w, https:\/\/www.velcorex.fr\/wp-content\/uploads\/2021\/04\/velours-48-vignette-768x768.jpg 768w, https:\/\/www.velcorex.fr\/wp-content\/uploads\/2021\/04\/velours-48-vignette-750x750.jpg 750w\" sizes=\"auto, (max-width: 1200px) 100vw, 1200px\" \/><\/figure>\n<\/figure>\n<\/div>\n\n\n\n<div class=\"wp-block-column is-vertically-aligned-center is-layout-flow wp-block-column-is-layout-flow\">\n<h2 class=\"wp-block-heading\">Our velvet and corduroy<\/h2>\n\n\n\n<h3 class=\"wp-block-heading\">Our core business<\/h3>\n\n\n\n<p>Renowned for its softness and warmth, velvet and corduroy exist in many forms and in different compositions.<\/p>\n\n\n\n<p>Whether rigid or elastic, flowing, shiny or matte, our velvets and corduroys are of unparalleled quality. Our expertise in velvet and corduroy manufacturing enables us to innovate constantly to develop the best designs and the most precise cutting techniques in order to excel in the manufacturing of these high-quality and delicate fabrics.<\/p>\n<\/div>\n<\/div>\n<\/div><\/div>\n\n\n\n<div class=\"wp-block-group alignfull bg-anth\"><div class=\"wp-block-group__inner-container is-layout-flow wp-block-group-is-layout-flow\">\n<div class=\"wp-block-columns are-vertically-aligned-center is-layout-flex wp-container-core-columns-is-layout-9d6595d7 wp-block-columns-is-layout-flex\">\n<div class=\"wp-block-column is-vertically-aligned-center is-layout-flow wp-block-column-is-layout-flow\">\n<h3 class=\"wp-block-heading\">A complete knowledge of velvet<\/h3>\n\n\n\n<p>We have mastered the velvet and corduroy manufacturing chain from yarn to finished product. The process takes shape through complex and technical weaving, which requires rigor and attention in the choice of materials and the placement of threads.<\/p>\n\n\n\n<p>Cutting phase is another crucial step for shaping the fabric, and the artisans in our workshops cut these velvet and corduroy with a meticulous dexterity. This expertise, along with the creativity of our designers, allows us to develop a wide range of variations by making alternating ribs, or wales, or adapting the wale width. <\/p>\n\n\n\n<p>The dyeing of velvet and corduroy requires a specific expertise, and the methodology used in our workshops allows us to create an exceptional finished fabric.<\/p>\n<\/div>\n\n\n\n<div class=\"wp-block-column is-vertically-aligned-center is-layout-flow wp-block-column-is-layout-flow\">\n<figure class=\"wp-block-image size-page tissage right\"><img loading=\"lazy\" decoding=\"async\" width=\"820\" height=\"630\" src=\"https:\/\/www.velcorex.fr\/wp-content\/uploads\/2021\/04\/connaissance-820x630.jpg\" alt=\"\" class=\"wp-image-609\"\/><\/figure>\n<\/div>\n<\/div>\n<\/div><\/div>\n\n\n\n<div class=\"wp-block-group items-details\"><div class=\"wp-block-group__inner-container is-layout-flow wp-block-group-is-layout-flow\">\n<h2 class=\"wp-block-heading has-text-align-center\">Our different velvets and corduroy<\/h2>\n\n\n\n<div class=\"wp-block-advgb-images-slider advgb-images-slider-block advg-images-slider-1c5e0be2-08a4-45ec-ae8e-2480c6e918e4\"><div class=\"advgb-images-slider\" dir=\"ltr\"><div class=\"advgb-image-slider-item\"><img decoding=\"async\" src=\"https:\/\/www.velcorex.fr\/wp-content\/uploads\/2021\/04\/grosse-cote.jpg\" class=\"advgb-image-slider-img\" alt=\"Wide wale\" style=\"width:100%;height:auto\"\/><div class=\"advgb-image-slider-item-info\" style=\"justify-content:flex-end;align-items:center\"><a class=\"advgb-image-slider-overlay\" rel=\"noopener noreferrer\" href=\"#\" style=\"opacity:0.5\"><\/a><h4 class=\"advgb-image-slider-title\">Wide wale<\/h4><p class=\"advgb-image-slider-text\">A corduroy known as &#8220;Elephant cord&#8221; is made of 1.5-6 wales per inch; the wales are therefore very wide and round. We also call them cordelet, or velours c\u00e2bl\u00e9.<\/p><\/div><\/div><div class=\"advgb-image-slider-item\"><img decoding=\"async\" src=\"https:\/\/www.velcorex.fr\/wp-content\/uploads\/2021\/04\/moyenne-cotes-1.jpg\" class=\"advgb-image-slider-img\" alt=\"Medium wale\" style=\"width:100%;height:auto\"\/><div class=\"advgb-image-slider-item-info\" style=\"justify-content:flex-end;align-items:center\"><a class=\"advgb-image-slider-overlay\" rel=\"noopener noreferrer\" href=\"#\" style=\"opacity:0.5\"><\/a><h4 class=\"advgb-image-slider-title\">Medium wale<\/h4><p class=\"advgb-image-slider-text\">When corduroy has between 7-13 wales per inch it has medium-width ribs.<\/p><\/div><\/div><div class=\"advgb-image-slider-item\"><img decoding=\"async\" src=\"https:\/\/www.velcorex.fr\/wp-content\/uploads\/2021\/04\/fine-cote.jpg\" class=\"advgb-image-slider-img\" alt=\"Fine wale\" style=\"width:100%;height:auto\"\/><div class=\"advgb-image-slider-item-info\" style=\"justify-content:flex-end;align-items:center\"><a class=\"advgb-image-slider-overlay\" rel=\"noopener noreferrer\" href=\"#\" style=\"opacity:0.5\"><\/a><h4 class=\"advgb-image-slider-title\">Fine wale<\/h4><p class=\"advgb-image-slider-text\">Fine wale corduroy has between 14-21 wales per inch. 21-wale corduroy is also called \u201cbabycord\u201d.<\/p><\/div><\/div><div class=\"advgb-image-slider-item\"><img decoding=\"async\" src=\"https:\/\/www.velcorex.fr\/wp-content\/uploads\/2021\/04\/faux-uni.jpg\" class=\"advgb-image-slider-img\" alt=\"Velvet\" style=\"width:100%;height:auto\"\/><div class=\"advgb-image-slider-item-info\" style=\"justify-content:flex-end;align-items:center\"><a class=\"advgb-image-slider-overlay\" rel=\"noopener noreferrer\" href=\"#\" style=\"opacity:0.5\"><\/a><h4 class=\"advgb-image-slider-title\">Velvet<\/h4><p class=\"advgb-image-slider-text\">When the wale of the corduroy is not visible, it is called velvet, or ribless. The wale is so thin that it disappears after brushing.<\/p><\/div><\/div><div class=\"advgb-image-slider-item\"><img decoding=\"async\" src=\"https:\/\/www.velcorex.fr\/wp-content\/uploads\/2021\/04\/puebla.jpg\" class=\"advgb-image-slider-img\" alt=\"Puebla &amp; Streaky\" style=\"width:100%;height:auto\"\/><div class=\"advgb-image-slider-item-info\" style=\"justify-content:flex-end;align-items:center\"><a class=\"advgb-image-slider-overlay\" rel=\"noopener noreferrer\" href=\"#\" style=\"opacity:0.5\"><\/a><h4 class=\"advgb-image-slider-title\">Puebla &#038; Streaky<\/h4><p class=\"advgb-image-slider-text\">Puebla and Streaky cuts are ways of making more elaborate velvets with alternating wales. Thanks to our expertise in corduroy cutting, we have been able to preserve and improve upon this unique technique.<\/p><\/div><\/div><div class=\"advgb-image-slider-item\"><img decoding=\"async\" src=\"https:\/\/www.velcorex.fr\/wp-content\/uploads\/2021\/04\/seersucker.jpg\" class=\"advgb-image-slider-img\" alt=\"Seersucker corduroy\" style=\"width:100%;height:auto\"\/><div class=\"advgb-image-slider-item-info\" style=\"justify-content:flex-end;align-items:center\"><a class=\"advgb-image-slider-overlay\" rel=\"noopener noreferrer\" href=\"#\" style=\"opacity:0.5\"><\/a><h4 class=\"advgb-image-slider-title\">Seersucker corduroy<\/h4><p class=\"advgb-image-slider-text\">Starting from the weaving stage, Seersucker corduroy is made to crinkle after the first wash. Unwashed, it stays flat and uniform.<\/p><\/div><\/div><\/div><\/div>\n<\/div><\/div>\n\n\n\n<p><\/p>\n","protected":false},"excerpt":{"rendered":"<p>Our velvet and corduroy Our core business Renowned for its softness and warmth, velvet and corduroy exist in many forms and in different compositions. Whether rigid or elastic, flowing, shiny or matte, our velvets and corduroys are of unparalleled quality. Our expertise in velvet and corduroy manufacturing enables us to innovate constantly to develop the [&hellip;]<\/p>\n","protected":false},"author":1,"featured_media":2037,"parent":0,"menu_order":0,"comment_status":"closed","ping_status":"closed","template":"page-produits.php","meta":{"_acf_changed":false,"_seopress_robots_primary_cat":"","_seopress_titles_title":"","_seopress_titles_desc":"Notre c\u0153ur de m\u00e9tier. R\u00e9put\u00e9 pour sa douceur et sa chaleur, le velours existe sous de nombreuses formes et dans diff\u00e9rentes compositions. Nos velours, qu\u2019ils soient rigides, extensibles, fluides, brillants ou bien mats, sont toujours d\u2019une qualit\u00e9 in\u00e9galable. Nos comp\u00e9tences en fabrication de velours nous permettent de sans cesse innover, de trouver les meilleures compositions et les meilleures techniques de coupe pour exceller dans la fabrication de ces produits nobles et d\u00e9licats.","_seopress_robots_index":"","advgb_blocks_editor_width":"","advgb_blocks_columns_visual_guide":"","footnotes":""},"class_list":["post-2965","page","type-page","status-publish","has-post-thumbnail","hentry"],"acf":[],"coauthors":[],"author_meta":{"author_link":"https:\/\/www.velcorex.fr\/en\/author\/studiowa\/","display_name":"WA!"},"relative_dates":{"created":"Posted 5 years ago","modified":"Updated 2 years ago"},"absolute_dates":{"created":"Posted on 15 April 2021","modified":"Updated on 6 March 2024"},"absolute_dates_time":{"created":"Posted on 15 April 2021 10h34","modified":"Updated on 6 March 2024 10h15"},"featured_img_caption":"","featured_img":"https:\/\/www.velcorex.fr\/wp-content\/uploads\/2021\/04\/velours.jpg","series_order":"","_links":{"self":[{"href":"https:\/\/www.velcorex.fr\/en\/wp-json\/wp\/v2\/pages\/2965","targetHints":{"allow":["GET"]}}],"collection":[{"href":"https:\/\/www.velcorex.fr\/en\/wp-json\/wp\/v2\/pages"}],"about":[{"href":"https:\/\/www.velcorex.fr\/en\/wp-json\/wp\/v2\/types\/page"}],"author":[{"embeddable":true,"href":"https:\/\/www.velcorex.fr\/en\/wp-json\/wp\/v2\/users\/1"}],"replies":[{"embeddable":true,"href":"https:\/\/www.velcorex.fr\/en\/wp-json\/wp\/v2\/comments?post=2965"}],"version-history":[{"count":1,"href":"https:\/\/www.velcorex.fr\/en\/wp-json\/wp\/v2\/pages\/2965\/revisions"}],"predecessor-version":[{"id":3760,"href":"https:\/\/www.velcorex.fr\/en\/wp-json\/wp\/v2\/pages\/2965\/revisions\/3760"}],"wp:featuredmedia":[{"embeddable":true,"href":"https:\/\/www.velcorex.fr\/en\/wp-json\/wp\/v2\/media\/2037"}],"wp:attachment":[{"href":"https:\/\/www.velcorex.fr\/en\/wp-json\/wp\/v2\/media?parent=2965"}],"curies":[{"name":"wp","href":"https:\/\/api.w.org\/{rel}","templated":true}]}}